{"id":970,"date":"2021-08-03T19:18:54","date_gmt":"2021-08-03T19:18:54","guid":{"rendered":"http:\/\/trzezwewesele.pl\/?page_id=970"},"modified":"2024-08-07T20:43:58","modified_gmt":"2024-08-07T20:43:58","slug":"wspierajacy-vbtw","status":"publish","type":"page","link":"https:\/\/trzezwewesele.pl\/index.php\/wspierajacy-vbtw\/","title":{"rendered":"Wspieraj\u0105cy VIII BTW"},"content":{"rendered":"<p><span style=\"font-size: 20px; color: #ff0000;\">VIII Bieszczadzkie Trze\u017awe Wesele wspieraj\u0105:<\/span><\/p>\n<p>&nbsp;<\/p>\n<p>&nbsp;<\/p>\n<p><img loading=\"lazy\" decoding=\"async\" class=\"rg_i Q4LuWd alignleft\" src=\"https:\/\/encrypted-tbn0.gstatic.com\/images?q=tbn:ANd9GcR3FqU8CphF2xCz-oM1X5UEqQzZHRVVbby8zHD7GLOCNhBOHeurSIMFmDCDdupdWleJysM&amp;usqp=CAU\" alt=\"Huta Szk\u0142a Artystycznego Sabina | Ryman\u00f3w\" width=\"187\" height=\"187\" data-noaft=\"1\" data-ilt=\"1722462527860\"><\/p>\n<p>&nbsp;<\/p>\n<p><a href=\"https:\/\/sabinaglass.pl\/\" target=\"_blank\" rel=\"noopener\"><span style=\"font-size: 24px; color: #0000ff;\"><strong>Huta Szk\u0142a Artystycznego SABINA<\/strong><\/span><\/a><\/p>\n<p><a href=\"https:\/\/sabinaglass.pl\/\"><span style=\"color: #0000ff;\"><strong><span style=\"font-size: 24px;\">W Rymanowie<\/span><\/strong><\/span><\/a><\/p>\n<p>&nbsp;<\/p>\n<p><img loading=\"lazy\" decoding=\"async\" class=\"alignleft\" src=\"https:\/\/legionowo.pl\/img\/artykuly\/5\/2023_06\/x43463.jpg.pagespeed.ic._sDJqjkQkQ.webp\" alt=\"Logo Krajowego Centrum Przeciwdzia\u0142ania Uzale\u017cnieniom\" width=\"194\" height=\"194\" data-pagespeed-url-hash=\"1869178467\"><\/p>\n<p>&nbsp;<\/p>\n<p><a href=\"https:\/\/kcpu.gov.pl\/\" target=\"_blank\" rel=\"noopener\"><span style=\"font-size: 24px;\"><strong>Krajowe Centrum Przeciwdzia\u0142ania Uzale\u017cnieniom<\/strong><\/span><\/a><\/p>\n","protected":false},"excerpt":{"rendered":"<p>VIII Bieszczadzkie Trze\u017awe Wesele wspieraj\u0105: &nbsp; &nbsp; &nbsp; Huta Szk\u0142a Artystycznego SABINA W Rymanowie &nbsp; &nbsp; Krajowe Centrum Przeciwdzia\u0142ania Uzale\u017cnieniom<\/p>\n","protected":false},"author":1,"featured_media":0,"parent":0,"menu_order":0,"comment_status":"closed","ping_status":"closed","template":"","meta":{"ngg_post_thumbnail":0,"footnotes":""},"class_list":["post-970","page","type-page","status-publish","hentry"],"_links":{"self":[{"href":"https:\/\/trzezwewesele.pl\/index.php\/wp-json\/wp\/v2\/pages\/970","targetHints":{"allow":["GET"]}}],"collection":[{"href":"https:\/\/trzezwewesele.pl\/index.php\/wp-json\/wp\/v2\/pages"}],"about":[{"href":"https:\/\/trzezwewesele.pl\/index.php\/wp-json\/wp\/v2\/types\/page"}],"author":[{"embeddable":true,"href":"https:\/\/trzezwewesele.pl\/index.php\/wp-json\/wp\/v2\/users\/1"}],"replies":[{"embeddable":true,"href":"https:\/\/trzezwewesele.pl\/index.php\/wp-json\/wp\/v2\/comments?post=970"}],"version-history":[{"count":10,"href":"https:\/\/trzezwewesele.pl\/index.php\/wp-json\/wp\/v2\/pages\/970\/revisions"}],"predecessor-version":[{"id":1771,"href":"https:\/\/trzezwewesele.pl\/index.php\/wp-json\/wp\/v2\/pages\/970\/revisions\/1771"}],"wp:attachment":[{"href":"https:\/\/trzezwewesele.pl\/index.php\/wp-json\/wp\/v2\/media?parent=970"}],"curies":[{"name":"wp","href":"https:\/\/api.w.org\/{rel}","templated":true}]}}