{"id":959,"date":"2021-07-28T20:15:50","date_gmt":"2021-07-28T20:15:50","guid":{"rendered":"http:\/\/trzezwewesele.pl\/?page_id=959"},"modified":"2021-10-11T18:14:41","modified_gmt":"2021-10-11T18:14:41","slug":"patronaty-vbtw","status":"publish","type":"page","link":"https:\/\/trzezwewesele.pl\/index.php\/patronaty-vbtw\/","title":{"rendered":"Patronaty VBTW"},"content":{"rendered":"<p><span style=\"font-size: 24px; color: #ff0000;\">Patronat Honorowy:<\/span><\/p>\n<p><span style=\"font-size: 24px; font-family: times new roman, times, serif;\">JE Abp Adam Szal &#8211; Metropolita Przemyski<\/span><\/p>\n<p><span style=\"font-size: 24px; font-family: times new roman, times, serif;\">JE Bp Jan W\u0105troba &#8211; Ordynariusz Diecezji Rzeszowskiej<\/span><\/p>\n<p><span style=\"font-size: 24px; font-family: times new roman, times, serif;\"> <a href=\"https:\/\/trzezwewesele.pl\/index.php\/patronaty-vbtw\/list-bp-watroba-1\/\"><img loading=\"lazy\" decoding=\"async\" class=\"wp-image-1154 size-thumbnail alignnone\" src=\"https:\/\/trzezwewesele.pl\/wp-content\/uploads\/2021\/09\/List-Bp-Watroba-1-150x150.jpg\" alt=\"\" width=\"150\" height=\"150\"><\/a><\/span><\/p>\n<p><span style=\"font-size: 24px; font-family: times new roman, times, serif;\"> Tadeusz Bronakowski &#8211; Przewodnicz\u0105cy Zespo\u0142u KEP ds. Apostolstwa Trze\u017awo\u015bci i os\u00f3b uzale\u017cnionych<\/span><\/p>\n<p><span style=\"font-size: 24px; font-family: times new roman, times, serif;\"><a href=\"https:\/\/trzezwewesele.pl\/index.php\/list-ks-bp-bronakowski\/list-myczkowce-2021-1\/\"><img loading=\"lazy\" decoding=\"async\" class=\"alignnone wp-image-1146 size-thumbnail\" src=\"https:\/\/trzezwewesele.pl\/wp-content\/uploads\/2021\/09\/List-Myczkowce-2021-1-150x150.jpg\" alt=\"\" width=\"150\" height=\"150\"><\/a> <a href=\"https:\/\/trzezwewesele.pl\/index.php\/list-ks-bp-bronakowski\/list-myczkowce-2021-2\/\"><img loading=\"lazy\" decoding=\"async\" class=\"alignnone wp-image-1147 size-thumbnail\" src=\"https:\/\/trzezwewesele.pl\/wp-content\/uploads\/2021\/09\/List-Myczkowce-2021-2-150x150.jpg\" alt=\"\" width=\"150\" height=\"150\"><\/a><\/span><\/p>\n<p><span style=\"font-size: 24px; font-family: times new roman, times, serif;\">W\u0142adys\u0142aw Ortyl &#8211; Marsza\u0142ek Wojew\u00f3dztwa Podkarpackiego<\/span><\/p>\n<p><span style=\"font-size: 24px; font-family: times new roman, times, serif;\"><a href=\"https:\/\/trzezwewesele.pl\/index.php\/patronaty-vbtw\/list-marszalek-wp-1\/\"><img loading=\"lazy\" decoding=\"async\" class=\"alignnone wp-image-1156 size-thumbnail\" src=\"https:\/\/trzezwewesele.pl\/wp-content\/uploads\/2021\/09\/List-Marszalek-WP-1-150x150.jpg\" alt=\"\" width=\"150\" height=\"150\"><\/a> <a href=\"https:\/\/trzezwewesele.pl\/index.php\/patronaty-vbtw\/list-patronat-mwp-1\/\"><img loading=\"lazy\" decoding=\"async\" class=\"alignnone wp-image-1157 size-thumbnail\" src=\"https:\/\/trzezwewesele.pl\/wp-content\/uploads\/2021\/09\/List-Patronat-MWP-1-150x150.jpg\" alt=\"\" width=\"150\" height=\"150\"><\/a><\/span><\/p>\n<p><span style=\"font-size: 24px; font-family: times new roman, times, serif;\">Andrzej Olesiuk &#8211; Starosta Leski<\/span><\/p>\n<p><span style=\"font-size: 24px; font-family: times new roman, times, serif;\">Adam Pi\u0105tkowski &#8211; W\u00f3jt Gminy Solina<\/span><\/p>\n<p>&nbsp;<\/p>\n<p><span style=\"font-size: 24px; color: #ff0000;\">Patronat medialny:<\/span><\/p>\n<p><span style=\"font-size: 24px; font-family: times new roman, times, serif;\">Radio Via<\/span><\/p>\n<p><span style=\"font-size: 24px; font-family: times new roman, times, serif;\">Radio Fara<\/span><\/p>\n<p><span style=\"font-size: 24px; font-family: times new roman, times, serif;\">Tygodnik Katolicki Niedziela<\/span><\/p>\n<p><span style=\"font-size: 24px; font-family: times new roman, times, serif;\">Miesi\u0119cznik Mi\u0142ujcie si\u0119!<\/span><\/p>\n<p><span style=\"font-size: 24px; font-family: times new roman, times, serif;\">Kwartalnik Bez Toastu<\/span><\/p>\n<p><span style=\"font-size: 24px; font-family: times new roman, times, serif;\">Grupa filmowa ViArt<\/span><\/p>\n<p>&nbsp;<\/p>\n<p><span style=\"color: #ff0000; font-size: 24px;\">Wsp\u00f3\u0142organizatorzy:<\/span><\/p>\n<p><span style=\"font-size: 24px; font-family: times new roman, times, serif;\">Urz\u0105d Marsza\u0142kowski Wojew\u00f3dztwa Podkarpackiego<\/span><\/p>\n<p><span style=\"font-size: 24px; font-family: times new roman, times, serif;\">Regionalny O\u015brodek Polityki Spo\u0142ecznej w Rzeszowie<\/span><\/p>\n<p><span style=\"font-size: 24px; font-family: times new roman, times, serif;\">Stowarzyszenie Mi\u0142o\u015b\u0107 i Odpowiedzialno\u015b\u0107 oddz.Przemyski<\/span><\/p>\n<p><span style=\"font-size: 24px; font-family: times new roman, times, serif;\">Powiat Leski<\/span><\/p>\n<p><span style=\"font-size: 24px; font-family: times new roman, times, serif;\">Gmina Solina<\/span><\/p>\n<p><span style=\"font-size: 24px; font-family: times new roman, times, serif;\">Wydawnictwo Si\u00f3str Loretanek<\/span><\/p>\n<p><span style=\"font-size: 24px; font-family: times new roman, times, serif;\">Pa\u0144stwowa Agencja Rozwi\u0105zywania Problem\u00f3w Alkoholowych<\/span><\/p>\n<p><span style=\"font-size: 24px; font-family: times new roman, times, serif;\"><a href=\"https:\/\/trzezwewesele.pl\/index.php\/patronaty-vbtw\/list-parpa1\/\" target=\"_blank\" rel=\"noopener\"><img loading=\"lazy\" decoding=\"async\" class=\"alignnone wp-image-1161 size-thumbnail\" src=\"https:\/\/trzezwewesele.pl\/wp-content\/uploads\/2021\/10\/List-PARPA1-150x150.jpg\" alt=\"\" width=\"150\" height=\"150\"><\/a><\/span><\/p>\n<p><span style=\"font-size: 24px; font-family: times new roman, times, serif;\">Fundacja Ma\u0142ych St\u00f3pek<\/span><\/p>\n","protected":false},"excerpt":{"rendered":"<p>Patronat Honorowy: JE Abp Adam Szal &#8211; Metropolita Przemyski JE Bp Jan W\u0105troba &#8211; Ordynariusz Diecezji Rzeszowskiej Tadeusz Bronakowski &#8211; Przewodnicz\u0105cy Zespo\u0142u KEP ds. Apostolstwa Trze\u017awo\u015bci i os\u00f3b uzale\u017cnionych W\u0142adys\u0142aw Ortyl &#8211; Marsza\u0142ek Wojew\u00f3dztwa Podkarpackiego Andrzej Olesiuk &#8211; Starosta Leski Adam Pi\u0105tkowski &#8211; W\u00f3jt Gminy Solina &nbsp; Patronat medialny: Radio Via Radio Fara Tygodnik Katolicki [&hellip;]<\/p>\n","protected":false},"author":1,"featured_media":0,"parent":0,"menu_order":0,"comment_status":"closed","ping_status":"closed","template":"","meta":{"ngg_post_thumbnail":0,"footnotes":""},"class_list":["post-959","page","type-page","status-publish","hentry"],"_links":{"self":[{"href":"https:\/\/trzezwewesele.pl\/index.php\/wp-json\/wp\/v2\/pages\/959","targetHints":{"allow":["GET"]}}],"collection":[{"href":"https:\/\/trzezwewesele.pl\/index.php\/wp-json\/wp\/v2\/pages"}],"about":[{"href":"https:\/\/trzezwewesele.pl\/index.php\/wp-json\/wp\/v2\/types\/page"}],"author":[{"embeddable":true,"href":"https:\/\/trzezwewesele.pl\/index.php\/wp-json\/wp\/v2\/users\/1"}],"replies":[{"embeddable":true,"href":"https:\/\/trzezwewesele.pl\/index.php\/wp-json\/wp\/v2\/comments?post=959"}],"version-history":[{"count":13,"href":"https:\/\/trzezwewesele.pl\/index.php\/wp-json\/wp\/v2\/pages\/959\/revisions"}],"predecessor-version":[{"id":1164,"href":"https:\/\/trzezwewesele.pl\/index.php\/wp-json\/wp\/v2\/pages\/959\/revisions\/1164"}],"wp:attachment":[{"href":"https:\/\/trzezwewesele.pl\/index.php\/wp-json\/wp\/v2\/media?parent=959"}],"curies":[{"name":"wp","href":"https:\/\/api.w.org\/{rel}","templated":true}]}}