{"id":908,"date":"2020-12-26T10:09:39","date_gmt":"2020-12-26T10:09:39","guid":{"rendered":"http:\/\/trzezwewesele.pl\/?page_id=908"},"modified":"2020-12-26T10:42:37","modified_gmt":"2020-12-26T10:42:37","slug":"list-ks-bp-tadeusz-bronakowski","status":"publish","type":"page","link":"https:\/\/trzezwewesele.pl\/index.php\/list-ks-bp-tadeusz-bronakowski\/","title":{"rendered":"List ks. Bp. Bronakowskiego"},"content":{"rendered":"<p><span style=\"color: #000080; font-size: 20px;\">Umi\u0142owani w Chrystusie Panu!<img loading=\"lazy\" decoding=\"async\" class=\"size-full wp-image-909 alignleft\" src=\"https:\/\/trzezwewesele.pl\/wp-content\/uploads\/2020\/12\/bp-T.-Bronakowski.jpg\" alt=\"\" width=\"275\" height=\"183\"><\/span><\/p>\n<p><span style=\"color: #000080; font-size: 20px;\">Uczestnicy IV Bieszczadzkiego Trze\u017awego Wesela<\/span><\/p>\n<p><span style=\"color: #000080; font-size: 20px;\">u Kr\u00f3lowej Matki Pi\u0119knej Mi\u0142o\u015bci w Myczkowcach!<\/span><\/p>\n<p>&nbsp;<\/p>\n<p><span style=\"color: #000080; font-size: 20px;\">Przybyli\u015bcie do tego pi\u0119knego miejsca, aby po raz kolejny cieszy\u0107 si\u0119 wsp\u00f3lnot\u0105 rodzin, kt\u00f3re postawi\u0142y na trze\u017awo\u015b\u0107 od samego pocz\u0105tku, od swojego bezalkoholowego wesela. Przybyli\u015bcie do Kr\u00f3lowej, Matki Pi\u0119knej Mi\u0142o\u015bci, kt\u00f3ra uczy nas, jak kocha\u0107 prawdziwie.<\/span><\/p>\n<p><span style=\"color: #000080; font-size: 20px;\">\u015aw. Jan Pawe\u0142 II w ksi\u0105\u017cce \u201ePrzekroczy\u0107 pr\u00f3g nadziei\u201d pisa\u0142 o pewnym paradoksie: \u201eMi\u0142o\u015b\u0107 nie jest do wyuczenia, a jednocze\u015bnie nic nie jest tak bardzo do wyuczenia jak mi\u0142o\u015b\u0107!\u201d. W tych s\u0142owach \u015bwi\u0119ty Papie\u017c podkre\u015bli\u0142, \u017ce mi\u0142o\u015b\u0107 jest Bo\u017cym darem, a jednocze\u015bnie zadaniem dla cz\u0142owieka, bo \u201eje\u015bli umi\u0142uje si\u0119 ludzk\u0105 mi\u0142o\u015b\u0107, to wtedy rodzi si\u0119 tak\u017ce \u017cywa potrzeba zaanga\u017cowania wszystkich si\u0142 na rzecz pi\u0119knej mi\u0142o\u015bci. Bo mi\u0142o\u015b\u0107 jest pi\u0119kna\u201d.<\/span><\/p>\n<p><span style=\"color: #000080; font-size: 20px;\">O ten dar, moi Kochani, trzeba nieustannie prosi\u0107, o niego zabiega\u0107 i z ca\u0142ych si\u0142 anga\u017cowa\u0107 si\u0119 w mi\u0142o\u015b\u0107 ma\u0142\u017ce\u0144sk\u0105 i rodzicielsk\u0105. Jednocze\u015bnie konieczna jest praca nad sta\u0142ym wzmacnianiem wi\u0119z\u00f3w mi\u0142o\u015bci w tym szerszym wymiarze \u2013 mi\u0142o\u015bci do Ko\u015bcio\u0142a \u015bwi\u0119tego i do Ojczyzny. Tak bardzo si\u0119 ciesz\u0119, \u017ce to czynicie w jak\u017ce istotnej przestrzeni, jak\u0105 jest troska o trze\u017awo\u015b\u0107 Waszych rodzin, wsp\u00f3lnot i ca\u0142ego naszego Narodu.<\/span><\/p>\n<p><span style=\"color: #000080; font-size: 20px;\">Kieruj\u0119 do Was te s\u0142owa z Sanktuarium Maryjnego w Gietrzwa\u0142dzie, gdzie zgromadzili si\u0119 czciciele Niepokalanej, aby modli\u0107 si\u0119 w intencji trze\u017awo\u015bci narodu polskiego i tym samym wype\u0142ni\u0107 pro\u015bb\u0119 samej Matki Bo\u017cej, kt\u00f3r\u0105 wypowiedzia\u0142a na tym miejscu. Jeden z wielkich aposto\u0142\u00f3w trze\u017awo\u015bci, b\u0142. Ojciec Honorat Ko\u017ami\u0144ski w swoim duchowym komentarzu do objawie\u0144 w Gietrzwa\u0142dzie tak napisa\u0142: \u201eObud\u017a si\u0119 ludu Lechicki, bogobojny i religijny, narodzie rdzennie Katolicki \u2013 by\u0142e\u015b niegdy\u015b przedmurzem Chrze\u015bcija\u0144stwa, o kt\u00f3re pr\u00f3\u017cno szczerbi\u0142y si\u0119 miecze poga\u0144skie, dzi\u015b masz by\u0107 przedmurzem jego duchowym, o kt\u00f3re ma si\u0119 odbi\u0107 oboj\u0119tno\u015b\u0107, niedowiarstwo i zw\u0105tpienie ozi\u0119b\u0142ych\u201d. B\u0142. Ojciec Honorat uznawa\u0142 te objawienia za szczeg\u00f3lny znak Bo\u017cy dla ca\u0142ego narodu polskiego i wyznaczenie misji dziejowej dla Polak\u00f3w. A wiemy dobrze, \u017ce sprawa walki z pija\u0144stwem, sprawa troski o trze\u017awo\u015b\u0107 zosta\u0142a w Gietrzwa\u0142dzie poruszona przez sam\u0105 Matk\u0119 Naj\u015bwi\u0119tsz\u0105.<\/span><\/p>\n<p><span style=\"color: #000080; font-size: 20px;\">Wprawdzie nie jest mi dane by\u0107 dzisiaj z Wami osobi\u015bcie, czego bardzo pragn\u0105\u0142em, ale ciesz\u0119 si\u0119, \u017ce mo\u017cemy \u0142\u0105czy\u0107 si\u0119 duchowo modl\u0105c si\u0119 w miejscach, w kt\u00f3rych czczona jest szczeg\u00f3lnie Niepokalana. Niech to b\u0119dzie dla nas umocnieniem w codziennych naszych zaj\u0119ciach, pracach, spotkaniach, tak\u017ce w trosce o otrze\u017awienie naszego narodu. Wspierajmy si\u0119 wzajemnie modl\u0105c si\u0119 na r\u00f3\u017ca\u0144cu, sk\u0142adaj\u0105c duchowe ofiary. Sami potrafimy niewiele dokona\u0107. Wsp\u00f3lnie &#8211; otwieraj\u0105c si\u0119 na Bo\u017ce \u0142aski, jakie na nas zsy\u0142a przez przemo\u017cne wstawiennictwo Maryi, mo\u017cemy wiele dobra uczyni\u0107 dla podniesienia narodu polskiego z tego okrutnego na\u0142ogu, z pija\u0144stwa.<\/span><\/p>\n<p><span style=\"color: #000080; font-size: 20px;\">Dzi\u0119kuj\u0119 z ca\u0142ego serca ks. Bogdanowi Dyrektorowi O\u015brodka CARITAS Diecezji Rzeszowskiej w Myczkowcach, a tak\u017ce Stowarzyszeniu Wesele Wesel za trud przy organizacji tego wa\u017cnego w kalendarzu wydarze\u0144 abstynenckich i trze\u017awo\u015bciowych spotkania. Dzi\u0119kuj\u0119 i Wam, drodzy Uczestnicy, za Wasze pi\u0119kne \u015bwiadectwo prawdziwej mi\u0142o\u015bci.<\/span><\/p>\n<p><span style=\"color: #000080; font-size: 20px;\">Wszystkim pozdrawiam, zapewniam o modlitwie i z serca b\u0142ogos\u0142awi\u0119.<\/span><\/p>\n<p>&nbsp;<\/p>\n<p><span style=\"color: #000080;\">Bp Tadeusz Bronakowski<\/span><\/p>\n<p><span style=\"color: #000080;\">Przewodnicz\u0105cy Zespo\u0142u KEP d\/s a<\/span><span style=\"color: #000080;\">postolstwa Trze\u017awo\u015bci i Os\u00f3b Uzale\u017cnionych<\/span><\/p>\n<p><span style=\"color: #000080;\">Gietrzwa\u0142d, dnia 22 sierpnia 2020 roku<\/span><\/p>\n","protected":false},"excerpt":{"rendered":"<p>Umi\u0142owani w Chrystusie Panu! Uczestnicy IV Bieszczadzkiego Trze\u017awego Wesela u Kr\u00f3lowej Matki Pi\u0119knej Mi\u0142o\u015bci w Myczkowcach! &nbsp; Przybyli\u015bcie do tego pi\u0119knego miejsca, aby po raz kolejny cieszy\u0107 si\u0119 wsp\u00f3lnot\u0105 rodzin, kt\u00f3re postawi\u0142y na trze\u017awo\u015b\u0107 od samego pocz\u0105tku, od swojego bezalkoholowego wesela. Przybyli\u015bcie do Kr\u00f3lowej, Matki Pi\u0119knej Mi\u0142o\u015bci, kt\u00f3ra uczy nas, jak kocha\u0107 prawdziwie. \u015aw. Jan [&hellip;]<\/p>\n","protected":false},"author":1,"featured_media":0,"parent":0,"menu_order":0,"comment_status":"closed","ping_status":"closed","template":"","meta":{"ngg_post_thumbnail":0,"footnotes":""},"class_list":["post-908","page","type-page","status-publish","hentry"],"_links":{"self":[{"href":"https:\/\/trzezwewesele.pl\/index.php\/wp-json\/wp\/v2\/pages\/908","targetHints":{"allow":["GET"]}}],"collection":[{"href":"https:\/\/trzezwewesele.pl\/index.php\/wp-json\/wp\/v2\/pages"}],"about":[{"href":"https:\/\/trzezwewesele.pl\/index.php\/wp-json\/wp\/v2\/types\/page"}],"author":[{"embeddable":true,"href":"https:\/\/trzezwewesele.pl\/index.php\/wp-json\/wp\/v2\/users\/1"}],"replies":[{"embeddable":true,"href":"https:\/\/trzezwewesele.pl\/index.php\/wp-json\/wp\/v2\/comments?post=908"}],"version-history":[{"count":4,"href":"https:\/\/trzezwewesele.pl\/index.php\/wp-json\/wp\/v2\/pages\/908\/revisions"}],"predecessor-version":[{"id":920,"href":"https:\/\/trzezwewesele.pl\/index.php\/wp-json\/wp\/v2\/pages\/908\/revisions\/920"}],"wp:attachment":[{"href":"https:\/\/trzezwewesele.pl\/index.php\/wp-json\/wp\/v2\/media?parent=908"}],"curies":[{"name":"wp","href":"https:\/\/api.w.org\/{rel}","templated":true}]}}