{"id":423,"date":"2020-09-12T21:03:57","date_gmt":"2020-09-12T21:03:57","guid":{"rendered":"http:\/\/trzezwewesele.pl\/?page_id=423"},"modified":"2025-09-24T22:00:28","modified_gmt":"2025-09-24T22:00:28","slug":"galeria-btw","status":"publish","type":"page","link":"https:\/\/trzezwewesele.pl\/index.php\/galeria-btw\/","title":{"rendered":"Galeria BTW"},"content":{"rendered":"<p style=\"text-align: center;\"><span style=\"font-size: 24px; font-family: comic sans ms, sans-serif; color: #ff0000;\">IX Bieszczadzkie Trze\u017awe Wesele<\/span><\/p>\nngg_shortcode_0_placeholder\n<p style=\"text-align: center;\"><span style=\"font-size: 24px; color: #0000ff;\"><em><span style=\"font-family: comic sans ms, sans-serif;\">VIII Bieszczadzkie Trze\u017awe Wesele<\/span><\/em><\/span><\/p>\nngg_shortcode_1_placeholder\n<p>&nbsp;<\/p>\n<p style=\"text-align: center;\"><span style=\"font-size: 24px; color: #800080;\"><em><span style=\"font-family: comic sans ms, sans-serif;\">VII Bieszczadzkie Trze\u017awe Wesele<\/span><\/em><\/span><\/p>\nngg_shortcode_2_placeholder\n<p style=\"text-align: center;\"><em><span style=\"font-family: comic sans ms, sans-serif; font-size: 24px; color: #008000;\">VI Bieszczadzkie Trze\u017awe Wesele<\/span><\/em><\/p>\nngg_shortcode_3_placeholder\n<p style=\"text-align: center;\"><span style=\"color: #0000ff;\"><em><span style=\"font-family: comic sans ms, sans-serif; font-size: 24px;\">V Bieszczadzkie Trze\u017awe Wesele<\/span><\/em><\/span><\/p>\nngg_shortcode_4_placeholder\n<p style=\"text-align: center;\"><span style=\"color: #ff0000;\"><em><span style=\"font-size: 24px; font-family: comic sans ms, sans-serif;\">IV Bieszczadzkie Trze\u017awe Wesele<\/span><\/em><\/span><\/p>\nngg_shortcode_5_placeholder\n<p>&nbsp;<\/p>\n<p style=\"text-align: center;\"><span style=\"color: #000080;\"><em><span style=\"font-size: 24px;\"><span style=\"font-family: comic sans ms, sans-serif;\">III Bieszczadzkie Trze\u017awe Wesele<\/span><\/span><\/em><\/span><\/p>\nngg_shortcode_6_placeholder\n","protected":false},"excerpt":{"rendered":"<p>IX Bieszczadzkie Trze\u017awe Wesele VIII Bieszczadzkie Trze\u017awe Wesele &nbsp; VII Bieszczadzkie Trze\u017awe Wesele VI Bieszczadzkie Trze\u017awe Wesele V Bieszczadzkie Trze\u017awe Wesele IV Bieszczadzkie Trze\u017awe Wesele &nbsp; III Bieszczadzkie Trze\u017awe Wesele<\/p>\n","protected":false},"author":1,"featured_media":0,"parent":0,"menu_order":0,"comment_status":"closed","ping_status":"closed","template":"","meta":{"ngg_post_thumbnail":0,"footnotes":""},"class_list":["post-423","page","type-page","status-publish","hentry"],"_links":{"self":[{"href":"https:\/\/trzezwewesele.pl\/index.php\/wp-json\/wp\/v2\/pages\/423","targetHints":{"allow":["GET"]}}],"collection":[{"href":"https:\/\/trzezwewesele.pl\/index.php\/wp-json\/wp\/v2\/pages"}],"about":[{"href":"https:\/\/trzezwewesele.pl\/index.php\/wp-json\/wp\/v2\/types\/page"}],"author":[{"embeddable":true,"href":"https:\/\/trzezwewesele.pl\/index.php\/wp-json\/wp\/v2\/users\/1"}],"replies":[{"embeddable":true,"href":"https:\/\/trzezwewesele.pl\/index.php\/wp-json\/wp\/v2\/comments?post=423"}],"version-history":[{"count":16,"href":"https:\/\/trzezwewesele.pl\/index.php\/wp-json\/wp\/v2\/pages\/423\/revisions"}],"predecessor-version":[{"id":2149,"href":"https:\/\/trzezwewesele.pl\/index.php\/wp-json\/wp\/v2\/pages\/423\/revisions\/2149"}],"wp:attachment":[{"href":"https:\/\/trzezwewesele.pl\/index.php\/wp-json\/wp\/v2\/media?parent=423"}],"curies":[{"name":"wp","href":"https:\/\/api.w.org\/{rel}","templated":true}]}}