{"id":316,"date":"2020-09-08T20:54:37","date_gmt":"2020-09-08T20:54:37","guid":{"rendered":"http:\/\/trzezwewesele.pl\/?page_id=316"},"modified":"2021-01-03T20:14:08","modified_gmt":"2021-01-03T20:14:08","slug":"316-2","status":"publish","type":"page","link":"https:\/\/trzezwewesele.pl\/index.php\/iv-btw\/316-2\/","title":{"rendered":"Wspomnienia"},"content":{"rendered":"<p style=\"text-align: center;\"><span style=\"font-size: 24px; color: #ff0000;\">Ku trze\u017awo\u015bci Rodziny i Narodu<\/span><\/p>\n<p style=\"text-align: center;\"><iframe loading=\"lazy\" src=\"\/\/www.youtube.com\/embed\/qslYoMBrYRs\" allowfullscreen=\"allowfullscreen\" width=\"560\" height=\"314\"><\/iframe><\/p>\n<p><span style=\"font-size: 20px;\">W dniu 22&nbsp; sierpnia 2020 roku&nbsp; w O\u015brodku CARITAS&nbsp; w Myczkowcach&nbsp;&nbsp; odby\u0142o si\u0119&nbsp; IV Bieszczadzkie Trze\u017awe Wesele.&nbsp; Spotkanie to zgromadzi\u0142o wiele odwa\u017cnych ma\u0142\u017ce\u0144stw i rodzin, kt\u00f3re swoj\u0105 obecno\u015b\u0107 zawierzy\u0142y Kr\u00f3lowej Matce Pi\u0119knej Mi\u0142o\u015bci.<\/span><\/p>\n<p><span style=\"font-size: 20px;\">&nbsp; By\u0142 to dla wielu czas bardzo wyczekiwany, kt\u00f3ry pozwoli\u0142 na oderwanie si\u0119 od codziennego po\u015bpiechu i zabiegania, a skupieniu si\u0119 nad tym co najwa\u017cniejsze: ma\u0142\u017ce\u0144stwie, rodzinie, najbli\u017cszych. By\u0142 czasem okazywania sobie wzajemnie mi\u0142o\u015bci, rado\u015bci z przebywania razem, pomimo trudnego do\u015bwiadczenia epidemii.<\/span><\/p>\n<p><span style=\"font-size: 20px;\">&nbsp;Spotkanie rozpocz\u0105\u0142 ks. Bogdan Janik dyrektor O\u015brodka CARITAS w Myczkowcach witaj\u0105c wszystkich uczestnik\u00f3w bardzo serdecznie w imieniu organizator\u00f3w i wsp\u00f3\u0142organizator\u00f3w.&nbsp; <img loading=\"lazy\" decoding=\"async\" class=\"size-medium wp-image-886 alignright\" src=\"https:\/\/trzezwewesele.pl\/wp-content\/uploads\/2020\/09\/DSC_0015-300x200.jpg\" alt=\"\" width=\"300\" height=\"200\" srcset=\"https:\/\/trzezwewesele.pl\/wp-content\/uploads\/2020\/09\/DSC_0015-300x200.jpg 300w, https:\/\/trzezwewesele.pl\/wp-content\/uploads\/2020\/09\/DSC_0015-1024x683.jpg 1024w, https:\/\/trzezwewesele.pl\/wp-content\/uploads\/2020\/09\/DSC_0015-768x512.jpg 768w, https:\/\/trzezwewesele.pl\/wp-content\/uploads\/2020\/09\/DSC_0015-1536x1025.jpg 1536w, https:\/\/trzezwewesele.pl\/wp-content\/uploads\/2020\/09\/DSC_0015-2048x1367.jpg 2048w\" sizes=\"auto, (max-width: 300px) 100vw, 300px\" \/> <img loading=\"lazy\" decoding=\"async\" class=\"size-medium wp-image-887 alignleft\" src=\"https:\/\/trzezwewesele.pl\/wp-content\/uploads\/2020\/09\/DSC_0103-200x300.jpg\" alt=\"\" width=\"200\" height=\"300\" srcset=\"https:\/\/trzezwewesele.pl\/wp-content\/uploads\/2020\/09\/DSC_0103-200x300.jpg 200w, https:\/\/trzezwewesele.pl\/wp-content\/uploads\/2020\/09\/DSC_0103-683x1024.jpg 683w, https:\/\/trzezwewesele.pl\/wp-content\/uploads\/2020\/09\/DSC_0103-768x1151.jpg 768w, https:\/\/trzezwewesele.pl\/wp-content\/uploads\/2020\/09\/DSC_0103-1025x1536.jpg 1025w, https:\/\/trzezwewesele.pl\/wp-content\/uploads\/2020\/09\/DSC_0103-1366x2048.jpg 1366w, https:\/\/trzezwewesele.pl\/wp-content\/uploads\/2020\/09\/DSC_0103-scaled.jpg 1708w\" sizes=\"auto, (max-width: 200px) 100vw, 200px\" \/>&nbsp;&nbsp;&nbsp;&nbsp;&nbsp;&nbsp;&nbsp;&nbsp;<\/span><\/p>\n<p><span style=\"font-size: 20px;\">Po zawi\u0105zaniu wsp\u00f3lnoty wys\u0142uchali\u015bmy konferencje ks. pra\u0142ata W\u0142adys\u0142awa Z\u0105zla kapelana Zwi\u0105zku Podhalan, na temat \u201eJak zerwa\u0107 \u201eromans\u201d z uzale\u017cnieniami\u201d oraz \u201ePrawdziwa mi\u0142o\u015b\u0107 wszystko przetrzyma\u201d, a po nich wys\u0142uchali\u015bmy \u015bwiadectwa m\u0142odego ma\u0142\u017ce\u0144stwa Gosi i Kewina kt\u00f3rzy miesi\u0105c wcze\u015bniej mieli swoje wesel<\/span><span style=\"font-size: 20px;\">e bezalkoholowe.<\/span> <span style=\"font-size: 20px;\"><img loading=\"lazy\" decoding=\"async\" class=\"size-medium wp-image-889 alignright\" src=\"https:\/\/trzezwewesele.pl\/wp-content\/uploads\/2020\/09\/DSC_0221-200x300.jpg\" alt=\"\" width=\"200\" height=\"300\" srcset=\"https:\/\/trzezwewesele.pl\/wp-content\/uploads\/2020\/09\/DSC_0221-200x300.jpg 200w, https:\/\/trzezwewesele.pl\/wp-content\/uploads\/2020\/09\/DSC_0221-683x1024.jpg 683w, https:\/\/trzezwewesele.pl\/wp-content\/uploads\/2020\/09\/DSC_0221-768x1151.jpg 768w, https:\/\/trzezwewesele.pl\/wp-content\/uploads\/2020\/09\/DSC_0221-1025x1536.jpg 1025w, https:\/\/trzezwewesele.pl\/wp-content\/uploads\/2020\/09\/DSC_0221-1366x2048.jpg 1366w, https:\/\/trzezwewesele.pl\/wp-content\/uploads\/2020\/09\/DSC_0221-scaled.jpg 1708w\" sizes=\"auto, (max-width: 200px) 100vw, 200px\" \/><\/span><\/p>\n<p><span style=\"font-size: 20px;\">Po smacznym obiedzie przysz\u0142a kolej na konferencj\u0119 \u201e M\u0105dre wychowanie dzieci najlepsz\u0105 ochron\u0105 przed uzale\u017cnieniami\u201d kt\u00f3r\u0105 wyg\u0142osi\u0142a do nas pani mgr Aneta Mr\u00f3z &#8211; Ku\u017aniak<\/span><\/p>\n<p><span style=\"font-size: 20px;\">Kolejnym punktem programu by\u0142a mo\u017cliwo\u015b\u0107 rozmowy w panelu dyskusyjnym lub indywidualnej z zaproszonymi prelegentami, czyli rozmowy zwi\u0105zane z wiar\u0105, \u017cyciem, trudno\u015bciami, rado\u015bciami.<\/span><\/p>\n<p><span style=\"font-size: 20px;\"><img loading=\"lazy\" decoding=\"async\" class=\"size-medium wp-image-888 alignleft\" src=\"https:\/\/trzezwewesele.pl\/wp-content\/uploads\/2020\/09\/DSC_0126-300x200.jpg\" alt=\"\" width=\"300\" height=\"200\" srcset=\"https:\/\/trzezwewesele.pl\/wp-content\/uploads\/2020\/09\/DSC_0126-300x200.jpg 300w, https:\/\/trzezwewesele.pl\/wp-content\/uploads\/2020\/09\/DSC_0126-1024x683.jpg 1024w, https:\/\/trzezwewesele.pl\/wp-content\/uploads\/2020\/09\/DSC_0126-768x512.jpg 768w, https:\/\/trzezwewesele.pl\/wp-content\/uploads\/2020\/09\/DSC_0126-1536x1025.jpg 1536w, https:\/\/trzezwewesele.pl\/wp-content\/uploads\/2020\/09\/DSC_0126-2048x1366.jpg 2048w\" sizes=\"auto, (max-width: 300px) 100vw, 300px\" \/><\/span><span style=\"font-size: 20px;\">Nasze pociechy mia\u0142y sw\u00f3j program i za\u017cywa\u0142y \u015bwietnej zabawy pod opiek\u0105 wodzirej\u00f3w, animatorek i opiekun\u00f3w. Zabawy na \u015bwie\u017cym powietrzu, udzia\u0142 w r\u00f3\u017cnych konkursach, zabawach i grach wype\u0142nia\u0142y ca\u0142y o<\/span><span style=\"font-size: 20px;\">\u015brodek rado\u015bci\u0105 i \u015bmiechem, kt\u00f3ry udziela\u0142 si\u0119 wszystkim uczestnikom.<\/span><\/p>\n<p><span style=\"font-size: 20px;\">Dzieci bra\u0142y udzia\u0142 w konkursie plastycznym na temat \u201d Trze\u017awa rodzina to fajna dru\u017cyna\u201d i wykona\u0142y przepi\u0119kne prace za kt\u00f3re otrzyma\u0142y cenne nagrody, <\/span><span style=\"font-size: 20px;\">ufundowane przez gmin\u0119 Solina.<\/span><span style=\"font-size: 20px;\"><img loading=\"lazy\" decoding=\"async\" class=\"size-medium wp-image-890 alignright\" src=\"https:\/\/trzezwewesele.pl\/wp-content\/uploads\/2020\/09\/DSC_0310-300x200.jpg\" alt=\"\" width=\"300\" height=\"200\" srcset=\"https:\/\/trzezwewesele.pl\/wp-content\/uploads\/2020\/09\/DSC_0310-300x200.jpg 300w, https:\/\/trzezwewesele.pl\/wp-content\/uploads\/2020\/09\/DSC_0310-1024x683.jpg 1024w, https:\/\/trzezwewesele.pl\/wp-content\/uploads\/2020\/09\/DSC_0310-768x512.jpg 768w, https:\/\/trzezwewesele.pl\/wp-content\/uploads\/2020\/09\/DSC_0310-1536x1025.jpg 1536w, https:\/\/trzezwewesele.pl\/wp-content\/uploads\/2020\/09\/DSC_0310-2048x1367.jpg 2048w\" sizes=\"auto, (max-width: 300px) 100vw, 300px\" \/><\/span><\/p>\n<p><span style=\"font-size: 20px;\">&nbsp;M\u0142odzie\u017c mia\u0142a swoje zaj\u0119cia bawi\u0105c si\u0119 na warsztatach tanecznych prowadzonych przez Wodzirej\u00f3w i warsztatach wokalno \u2013 muzycznych prowadzonych przez zesp\u00f3\u0142 \u201e\u015awiat\u0142o Uwielbienia\u201d.<\/span><\/p>\n<p><span style=\"font-size: 20px;\">&nbsp;Centrum &nbsp;spotkania dla wszystkich by\u0142a &nbsp;uroczysta Eucharystia odpustowa kt\u00f3rej przewodniczy\u0142&nbsp; Ks. bp. Krzysztof Chudzio z Przemy\u015bla a&nbsp; animowa\u0142&nbsp; &nbsp;zesp\u00f3\u0142 \u201e\u015awiat\u0142o Uwielbienia\u201d.&nbsp; <\/span><span style=\"font-size: 20px;\"><img loading=\"lazy\" decoding=\"async\" class=\"size-medium wp-image-891 alignleft\" src=\"https:\/\/trzezwewesele.pl\/wp-content\/uploads\/2020\/09\/DSC_0370-300x200.jpg\" alt=\"\" width=\"300\" height=\"200\" srcset=\"https:\/\/trzezwewesele.pl\/wp-content\/uploads\/2020\/09\/DSC_0370-300x200.jpg 300w, https:\/\/trzezwewesele.pl\/wp-content\/uploads\/2020\/09\/DSC_0370-1024x683.jpg 1024w, https:\/\/trzezwewesele.pl\/wp-content\/uploads\/2020\/09\/DSC_0370-768x513.jpg 768w, https:\/\/trzezwewesele.pl\/wp-content\/uploads\/2020\/09\/DSC_0370-1536x1025.jpg 1536w, https:\/\/trzezwewesele.pl\/wp-content\/uploads\/2020\/09\/DSC_0370-2048x1367.jpg 2048w\" sizes=\"auto, (max-width: 300px) 100vw, 300px\" \/><\/span><span style=\"font-size: 20px;\">&nbsp;&nbsp;&nbsp; <br \/>\n<\/span><\/p>\n<p><span style=\"font-size: 20px;\">Po wyg\u0142oszonej przez ks. Biskupa homilii nast\u0105pi\u0142o uroczyste odnowienie przyrzecze\u0144 ma\u0142\u017ce\u0144skich. Ma\u0142\u017conkowie stoj\u0105c naprzeciwko siebie na \u015brodku ko\u015bcio\u0142a &nbsp;odnawiali swoje \u015blubowanie:<\/span><\/p>\n<p><span style=\"font-size: 20px;\">\u201eMaj\u0105c Boga w sercu w obecno\u015bci ko\u015bcio\u0142a i naszych dzieci \u2013 ponawiam wobe<\/span><span style=\"font-size: 20px;\">c Ciebie \u2013 swoje \u015bluby ma\u0142\u017ce\u0144skie \u2013 jeszcze raz \u015blubuj\u0119 Ci mi\u0142o\u015b\u0107 \u2013 wierno\u015b\u0107 \u2013 i uczciwo\u015b\u0107 ma\u0142\u017ce\u0144sk\u0105 \u2013 oraz \u017ce Ci\u0119 nie opuszcz\u0119 \u2013 a\u017c do \u015bmierci \u2013 do\u0142o\u017c\u0119 stara\u0144 \u2013 by w naszym \u017cyciu rodzinnym \u2013 przebywa\u0142 Chrystus \u2013 niech B\u00f3g nam b\u0142ogos\u0142awi Amen\u201d. Po nim \u017cony otrzyma\u0142y czerwon\u0105 r\u00f3\u017c\u0119 znak mi\u0142o\u015bci i m\u0119\u017cowie uca\u0142owali \u015blubn\u0105 obr\u0105czk\u0119 swojej \u017cony, oczywi\u015bcie ze wzajemno\u015bci\u0105.<\/span><\/p>\n<p><span style=\"font-size: 20px;\">Na zako\u0144czenie Mszy \u015bwi\u0119tej i po oddaniu si\u0119 w opiek\u0119 Kr\u00f3lowej Matce Pi\u0119knej Mi\u0142o\u015bci wszyscy ca\u0142ymi rodzinami podchodzili do ks. b<\/span><span style=\"font-size: 20px;\">p. Krzysztofa Chudzio , kt\u00f3ry b\u0142ogos\u0142awi\u0142 ka\u017cdej rodzinie i otrzymywali od Ks. Bogdana Janika przewodnik \u201ePowr\u00f3\u0107my na Eucharysti\u0119\u201d.<\/span><span style=\"font-size: 20px;\"><img loading=\"lazy\" decoding=\"async\" class=\"size-medium wp-image-892 alignright\" src=\"https:\/\/trzezwewesele.pl\/wp-content\/uploads\/2020\/09\/DSC_0473-200x300.jpg\" alt=\"\" width=\"200\" height=\"300\" srcset=\"https:\/\/trzezwewesele.pl\/wp-content\/uploads\/2020\/09\/DSC_0473-200x300.jpg 200w, https:\/\/trzezwewesele.pl\/wp-content\/uploads\/2020\/09\/DSC_0473-683x1024.jpg 683w, https:\/\/trzezwewesele.pl\/wp-content\/uploads\/2020\/09\/DSC_0473-768x1151.jpg 768w, https:\/\/trzezwewesele.pl\/wp-content\/uploads\/2020\/09\/DSC_0473-1025x1536.jpg 1025w, https:\/\/trzezwewesele.pl\/wp-content\/uploads\/2020\/09\/DSC_0473-1367x2048.jpg 1367w, https:\/\/trzezwewesele.pl\/wp-content\/uploads\/2020\/09\/DSC_0473-scaled.jpg 1709w\" sizes=\"auto, (max-width: 200px) 100vw, 200px\" \/><\/span><\/p>\n<p><span style=\"font-size: 20px;\">Ma\u0142\u017conkowie podchodz\u0105c pod figur\u0119 Kr\u00f3lowej Matki Pi\u0119knej Mi\u0142o\u015bci zawierzali Jej&nbsp; swoj\u0105 mi\u0142o\u015b\u0107 ma\u0142\u017ce\u0144sk\u0105 i prosili&nbsp; o dalsz\u0105 opiek\u0119 sk\u0142adaj\u0105c w darze swoje r\u00f3\u017ce.<\/span><\/p>\n<p><span style=\"font-size: 20px;\">W pi\u0119knym korowodzie weselnym prowadzonym przez wodzirej\u00f3w, krokiem poloneza, para za par\u0105 ruszyli\u015bmy alejkami O\u015brodka, na sal\u0119 balow\u0105 &nbsp;aby&nbsp; staropolskim zwyczajem rozpocz\u0105\u0107 bal nad balami.<\/span><span style=\"font-size: 20px;\"><img loading=\"lazy\" decoding=\"async\" class=\"size-medium wp-image-893 alignleft\" src=\"https:\/\/trzezwewesele.pl\/wp-content\/uploads\/2020\/09\/DSC_0557-300x200.jpg\" alt=\"\" width=\"300\" height=\"200\" srcset=\"https:\/\/trzezwewesele.pl\/wp-content\/uploads\/2020\/09\/DSC_0557-300x200.jpg 300w, https:\/\/trzezwewesele.pl\/wp-content\/uploads\/2020\/09\/DSC_0557-1024x683.jpg 1024w, https:\/\/trzezwewesele.pl\/wp-content\/uploads\/2020\/09\/DSC_0557-768x512.jpg 768w, https:\/\/trzezwewesele.pl\/wp-content\/uploads\/2020\/09\/DSC_0557-1536x1025.jpg 1536w, https:\/\/trzezwewesele.pl\/wp-content\/uploads\/2020\/09\/DSC_0557-2048x1366.jpg 2048w\" sizes=\"auto, (max-width: 300px) 100vw, 300px\" \/><\/span><\/p>\n<p><span style=\"font-size: 20px;\">Radosne wsp\u00f3lne pl\u0105sy na parkiecie, rado\u015b\u0107 w oczach dzieci i doros\u0142ych pokazywa\u0142a jak wielk\u0105 si\u0142\u0119 ma wsp\u00f3lnota kt\u00f3ra zawierzy si\u0119 &nbsp;Bo\u017cej opiece&nbsp; i Matce Maryi.&nbsp;&nbsp;<\/span><\/p>\n<p><span style=\"font-size: 20px;\">Nie zabrak\u0142o r\u00f3wnie\u017c &nbsp;&nbsp;koncertu uwielbienia na kt\u00f3rym uczestnicy wraz z zespo\u0142em\u201d \u015awiat\u0142o Uwielbienia\u201d wychwalali wielk\u0105 si\u0142\u0119 i moc&nbsp; naszego Pana i Zbawiciela.<\/span><span style=\"font-size: 20px;\"><img loading=\"lazy\" decoding=\"async\" class=\"size-medium wp-image-895 alignright\" src=\"https:\/\/trzezwewesele.pl\/wp-content\/uploads\/2020\/09\/DSC_0825-300x200.jpg\" alt=\"\" width=\"300\" height=\"200\" srcset=\"https:\/\/trzezwewesele.pl\/wp-content\/uploads\/2020\/09\/DSC_0825-300x200.jpg 300w, https:\/\/trzezwewesele.pl\/wp-content\/uploads\/2020\/09\/DSC_0825-1024x683.jpg 1024w, https:\/\/trzezwewesele.pl\/wp-content\/uploads\/2020\/09\/DSC_0825-768x513.jpg 768w, https:\/\/trzezwewesele.pl\/wp-content\/uploads\/2020\/09\/DSC_0825-1536x1025.jpg 1536w, https:\/\/trzezwewesele.pl\/wp-content\/uploads\/2020\/09\/DSC_0825-2048x1367.jpg 2048w\" sizes=\"auto, (max-width: 300px) 100vw, 300px\" \/><\/span><\/p>\n<p><span style=\"font-size: 20px;\">Po koncercie wjecha\u0142 na sal\u0119 wielki tort, kt\u00f3ry zosta\u0142 bardzo fachowo&nbsp; podzielony przez&nbsp; gospodarza ksi\u0119dza Bogdana tak, \u017ce nikomu nie zabrak\u0142o.<\/span><span style=\"font-size: 20px;\"><img loading=\"lazy\" decoding=\"async\" class=\"size-medium wp-image-894 alignleft\" src=\"https:\/\/trzezwewesele.pl\/wp-content\/uploads\/2020\/09\/DSC_0762-200x300.jpg\" alt=\"\" width=\"200\" height=\"300\" srcset=\"https:\/\/trzezwewesele.pl\/wp-content\/uploads\/2020\/09\/DSC_0762-200x300.jpg 200w, https:\/\/trzezwewesele.pl\/wp-content\/uploads\/2020\/09\/DSC_0762-683x1024.jpg 683w, https:\/\/trzezwewesele.pl\/wp-content\/uploads\/2020\/09\/DSC_0762-768x1151.jpg 768w, https:\/\/trzezwewesele.pl\/wp-content\/uploads\/2020\/09\/DSC_0762-1025x1536.jpg 1025w, https:\/\/trzezwewesele.pl\/wp-content\/uploads\/2020\/09\/DSC_0762-1366x2048.jpg 1366w, https:\/\/trzezwewesele.pl\/wp-content\/uploads\/2020\/09\/DSC_0762-scaled.jpg 1708w\" sizes=\"auto, (max-width: 200px) 100vw, 200px\" \/><\/span><\/p>\n<p><span style=\"font-size: 20px;\">I tak bawili\u015bmy si\u0119 rado\u015bnie jako wsp\u00f3lnota dzieci Bo\u017cych na trze\u017awo i z wielk\u0105 wdzi\u0119czno\u015bci\u0105&nbsp; dla Matki Naj\u015bwi\u0119tszej, \u017ce pozwoli\u0142a nam kolejny raz spotka\u0107 si\u0119 pomimo trudno\u015bci i obaw, aby na nowo utwierdza\u0107 si\u0119 w przekonaniu, \u017ce&nbsp; sakrament ma\u0142\u017ce\u0144stwa jaki otrzymali\u015bmy, &nbsp;jest dla nas wielkim darem, kt\u00f3ry chcemy chroni\u0107 i trwa\u0107 w nim pomimo r\u00f3\u017cnych przeciwno\u015bci, bo taka jest nasza droga do wieczno\u015bci.<\/span><\/p>\n<p><span style=\"font-size: 20px;\">&nbsp;Dzi\u0119kujemy Panu Bogu Wszechmog\u0105cemu i Matce Naj\u015bwi\u0119tszej za dar wsp\u00f3lnego spotkania i wsp\u00f3lnego uwielbiania Bo\u017cych dzie\u0142. Za niesamowicie pi\u0119kn\u0105 pogod\u0119 i atmosfer\u0119 pe\u0142n\u0105 wzajemnej \u017cyczliwo\u015bci i serdeczno\u015bci.<\/span><\/p>\n<p><span style=\"font-size: 20px;\">Niech Pan B\u00f3g wszystkim szczerze b\u0142ogos\u0142awi i Matka Naj\u015bwi\u0119tsza wspiera wszystkie rodziny, ma\u0142\u017ce\u0144stwa, m\u0142odzie\u017c, dzieci, kap\u0142an\u00f3w za wielkie \u015bwiadectwo wiary i odwagi.<\/span><\/p>\n<p><span style=\"font-size: 20px;\">W tym miejscu pozwolimy sobie na podzi\u0119kowanie wszystkim kt\u00f3rzy w jakikolwiek spos\u00f3b przyczynili si\u0119 aby to spotkanie mog\u0142o si\u0119 odby\u0107.<\/span><\/p>\n<p><span style=\"font-size: 20px;\">W szczeg\u00f3lno\u015bci dzi\u0119kujemy naszym pasterzom Ks. Abp Adamowi Szalowi, Ks. Bp Janowi W\u0105trobie, Ks. Bp Tadeuszowi Bronakowskiemu za obj\u0119cie nas swoim patronatem i pasterskim b\u0142ogos\u0142awie\u0144stwem.<\/span><\/p>\n<p><span style=\"font-size: 20px;\">Dzi\u0119kujemy Ks. Bp Krzysztofowi Chudzio i wszystkim koncelebruj\u0105cym kap\u0142anom. W szczeg\u00f3lny spos\u00f3b dzi\u0119kujemy ks. Bogdanowi Janikowi dzi\u0119ki kt\u00f3remu mo\u017cemy corocznie \u015bwi\u0119towa\u0107 nasze rocznice \u015blubu, aby nie utraci\u0107 swojego powo\u0142ania ma\u0142\u017ce\u0144skiego. &nbsp;<\/span><\/p>\n<p><span style=\"font-size: 20px;\">Wszystkim wsp\u00f3\u0142organizatorom, patronom medialnym, sponsorom, ludziom dobrej woli, kt\u00f3rym na sercu bardzo le\u017ca\u0142o to spotkanie, wszystkim cichym wspieraj\u0105cym nas swoj\u0105 modlitw\u0105, cierpi\u0105cym, chorym \u2013 a otaczaj\u0105cym modlitw\u0105 to spotkanie serdeczne B\u00f3g zap\u0142a\u0107!<\/span><\/p>\n<p><span style=\"font-size: 20px;\">Pragniemy r\u00f3wnie\u017c podzi\u0119kowa\u0107 naszym prelegentom oraz wszystkim uczestnikom bez kt\u00f3rych to spotkanie nie by\u0142oby takie pi\u0119kne i bogate w prze\u017cycia duchowe. M\u0142odzie\u017cy z &nbsp;zespo\u0142u \u201e\u015awiat\u0142o Uwielbienia\u201d&nbsp; kt\u00f3ra u\u015bwietni\u0142a swoim \u015bpiewem Eucharysti\u0119 a podczas balu zagra\u0142a koncert uwielbienia.<\/span><\/p>\n<p><span style=\"font-size: 20px;\">Bardzo dzi\u0119kujemy wszystkim osobom oraz instytucjom za pomoc i wsparcie w zorganizowaniu naszego spotkania. Dzi\u0119kujemy wszystkim pracownikom o\u015brodka CARITAS, kt\u00f3rzy byli zaanga\u017cowani od samego pocz\u0105tku w organizacj\u0119 spotkania.<\/span><\/p>\n<p><span style=\"font-size: 20px;\">By\u0142 to \u015bwi\u0119ty czas kt\u00f3ry pozwoli\u0142 wszystkim uczestnikom , umocni\u0107 si\u0119 \u0142askami Ducha \u015awi\u0119tego w codziennym pokonywaniu r\u00f3\u017cnych \u017cyciowych trudno\u015bci.<\/span><\/p>\n<p><span style=\"font-size: 20px;\">Ojciec \u015awi\u0119ty Franciszek powiedzia\u0142:<\/span><\/p>\n<p><span style=\"font-size: 20px;\">\u201eDzisiaj piln\u0105 spraw\u0105 jest rodzina. Ona wo\u0142a o modlitw\u0119, ale potrzebuje tak\u017ce wielkiej pracy nad sob\u0105, \u017ceby wype\u0142ni\u0107 zadania \u2013 te rodzicielskie. Dzisiaj atak jest skierowany szczeg\u00f3lnie na ma\u0142\u017ce\u0144stwo, gdzie pr\u00f3buje si\u0119 podwa\u017cy\u0107 istot\u0119 ma\u0142\u017ce\u0144stwa jako zwi\u0105zku m\u0119\u017cczyzny i kobiety, a dla chrze\u015bcijanina \u2013 zwi\u0105zku sakramentalnego, pob\u0142ogos\u0142awionego i nierozerwalnego\u201d.<\/span><\/p>\n<p><span style=\"font-size: 20px;\">Jeste\u015bmy przekonani, \u017ce od kilku lat tworzymy tak\u0105 grup\u0119 ludzi kt\u00f3ra stara si\u0119 kocha\u0107 Pana Boga i Matk\u0119 Naj\u015bwi\u0119tsz\u0105,&nbsp; pomimo naszych s\u0142abo\u015bci, upadk\u00f3w, grzech\u00f3w \u2013 trwamy przy Bogu bo wierzymy \u017ce tylko On jest naszym obro\u0144c\u0105, rado\u015bci\u0105, nadziej\u0105 i mi\u0142o\u015bci\u0105 a przede wszystkim Zbawieniem.<\/span><\/p>\n<p>&nbsp;<\/p>\n<p><span style=\"font-size: 20px;\">Niech dobry Pan i Matka Naj\u015bwi\u0119tsza obdarz\u0105 wszystkich&nbsp; hojnie&nbsp; swoj\u0105 dobroci\u0105 i b\u0142ogos\u0142awie\u0144stwem. B\u00d3G ZAP\u0141A\u0106!<\/span><\/p>\n","protected":false},"excerpt":{"rendered":"<p>Ku trze\u017awo\u015bci Rodziny i Narodu W dniu 22&nbsp; sierpnia 2020 roku&nbsp; w O\u015brodku CARITAS&nbsp; w Myczkowcach&nbsp;&nbsp; odby\u0142o si\u0119&nbsp; IV Bieszczadzkie Trze\u017awe Wesele.&nbsp; Spotkanie to zgromadzi\u0142o wiele odwa\u017cnych ma\u0142\u017ce\u0144stw i rodzin, kt\u00f3re swoj\u0105 obecno\u015b\u0107 zawierzy\u0142y Kr\u00f3lowej Matce Pi\u0119knej Mi\u0142o\u015bci. &nbsp; By\u0142 to dla wielu czas bardzo wyczekiwany, kt\u00f3ry pozwoli\u0142 na oderwanie si\u0119 od codziennego po\u015bpiechu i [&hellip;]<\/p>\n","protected":false},"author":1,"featured_media":0,"parent":210,"menu_order":5,"comment_status":"closed","ping_status":"closed","template":"","meta":{"ngg_post_thumbnail":0,"footnotes":""},"class_list":["post-316","page","type-page","status-publish","hentry"],"_links":{"self":[{"href":"https:\/\/trzezwewesele.pl\/index.php\/wp-json\/wp\/v2\/pages\/316","targetHints":{"allow":["GET"]}}],"collection":[{"href":"https:\/\/trzezwewesele.pl\/index.php\/wp-json\/wp\/v2\/pages"}],"about":[{"href":"https:\/\/trzezwewesele.pl\/index.php\/wp-json\/wp\/v2\/types\/page"}],"author":[{"embeddable":true,"href":"https:\/\/trzezwewesele.pl\/index.php\/wp-json\/wp\/v2\/users\/1"}],"replies":[{"embeddable":true,"href":"https:\/\/trzezwewesele.pl\/index.php\/wp-json\/wp\/v2\/comments?post=316"}],"version-history":[{"count":6,"href":"https:\/\/trzezwewesele.pl\/index.php\/wp-json\/wp\/v2\/pages\/316\/revisions"}],"predecessor-version":[{"id":923,"href":"https:\/\/trzezwewesele.pl\/index.php\/wp-json\/wp\/v2\/pages\/316\/revisions\/923"}],"up":[{"embeddable":true,"href":"https:\/\/trzezwewesele.pl\/index.php\/wp-json\/wp\/v2\/pages\/210"}],"wp:attachment":[{"href":"https:\/\/trzezwewesele.pl\/index.php\/wp-json\/wp\/v2\/media?parent=316"}],"curies":[{"name":"wp","href":"https:\/\/api.w.org\/{rel}","templated":true}]}}