{"id":281,"date":"2020-08-15T08:40:39","date_gmt":"2020-08-15T08:40:39","guid":{"rendered":"http:\/\/trzezwewesele.pl\/?page_id=281"},"modified":"2020-08-18T20:33:03","modified_gmt":"2020-08-18T20:33:03","slug":"wspierajacy","status":"publish","type":"page","link":"https:\/\/trzezwewesele.pl\/index.php\/wspierajacy\/","title":{"rendered":"Wspieraj\u0105cy"},"content":{"rendered":"<p><span style=\"font-size: 24px; color: #ff0000;\">IV Bieszczadzkie Trze\u017awe Wesele wspieraj\u0105:<\/span><\/p>\n<p><span style=\"font-size: 20px;\"><a href=\"https:\/\/dlazycia.info\/\" target=\"_blank\" rel=\"noopener noreferrer\"><img loading=\"lazy\" decoding=\"async\" class=\"alignnone wp-image-282 size-full\" src=\"https:\/\/trzezwewesele.pl\/wp-content\/uploads\/2020\/08\/Logo-BMS.png\" alt=\"\" width=\"277\" height=\"92\"><\/a><\/span><\/p>\n<p><a href=\"https:\/\/sklep.loretanki.pl\/\" target=\"_blank\" rel=\"noopener noreferrer\"><img loading=\"lazy\" decoding=\"async\" class=\"alignnone wp-image-283 size-medium\" src=\"https:\/\/trzezwewesele.pl\/wp-content\/uploads\/2020\/08\/logo-WSL-300x89.jpg\" alt=\"\" width=\"300\" height=\"89\" srcset=\"https:\/\/trzezwewesele.pl\/wp-content\/uploads\/2020\/08\/logo-WSL-300x89.jpg 300w, https:\/\/trzezwewesele.pl\/wp-content\/uploads\/2020\/08\/logo-WSL-1024x303.jpg 1024w, https:\/\/trzezwewesele.pl\/wp-content\/uploads\/2020\/08\/logo-WSL-768x228.jpg 768w, https:\/\/trzezwewesele.pl\/wp-content\/uploads\/2020\/08\/logo-WSL-1536x455.jpg 1536w, https:\/\/trzezwewesele.pl\/wp-content\/uploads\/2020\/08\/logo-WSL.jpg 1600w\" sizes=\"auto, (max-width: 300px) 100vw, 300px\" \/><\/a><\/p>\n<p><a href=\"http:\/\/www.parpa.pl\/\" target=\"_blank\" rel=\"noopener noreferrer\"><img loading=\"lazy\" decoding=\"async\" class=\"wp-image-284 size-full alignnone\" src=\"https:\/\/trzezwewesele.pl\/wp-content\/uploads\/2020\/08\/logoPARPA.jpg\" alt=\"\" width=\"198\" height=\"140\"><\/a><\/p>\n<p><span style=\"font-size: 20px; color: #0000ff;\">Pa\u0144stwowa Agencja Rozwi\u0105zywania <\/span><span style=\"font-size: 20px; color: #0000ff;\">Problem\u00f3w Alkoholowych<\/span><\/p>\n<p><a href=\"https:\/\/boskieksi\u0105\u017cki.pl\/\" target=\"_blank\" rel=\"noopener noreferrer\"><img loading=\"lazy\" decoding=\"async\" class=\"wp-image-304 size-thumbnail alignnone\" src=\"https:\/\/trzezwewesele.pl\/wp-content\/uploads\/2020\/08\/logo_ESPE-150x150.jpg\" alt=\"\" width=\"150\" height=\"150\" srcset=\"https:\/\/trzezwewesele.pl\/wp-content\/uploads\/2020\/08\/logo_ESPE-150x150.jpg 150w, https:\/\/trzezwewesele.pl\/wp-content\/uploads\/2020\/08\/logo_ESPE.jpg 225w\" sizes=\"auto, (max-width: 150px) 100vw, 150px\" \/><\/a><\/p>\n<p><span style=\"font-size: 20px; color: #0000ff;\">Wydawnictwo eSPe<\/span><\/p>\n<p><a href=\"https:\/\/pro-life.pl\/\" target=\"_blank\" rel=\"noopener noreferrer\"><img loading=\"lazy\" decoding=\"async\" class=\"alignnone wp-image-306 size-full\" src=\"https:\/\/trzezwewesele.pl\/wp-content\/uploads\/2020\/08\/logo-psozc.png\" alt=\"\" width=\"500\" height=\"100\" srcset=\"https:\/\/trzezwewesele.pl\/wp-content\/uploads\/2020\/08\/logo-psozc.png 500w, https:\/\/trzezwewesele.pl\/wp-content\/uploads\/2020\/08\/logo-psozc-300x60.png 300w\" sizes=\"auto, (max-width: 500px) 100vw, 500px\" \/><\/a><\/p>\n","protected":false},"excerpt":{"rendered":"<p>IV Bieszczadzkie Trze\u017awe Wesele wspieraj\u0105: Pa\u0144stwowa Agencja Rozwi\u0105zywania Problem\u00f3w Alkoholowych Wydawnictwo eSPe<\/p>\n","protected":false},"author":1,"featured_media":0,"parent":0,"menu_order":0,"comment_status":"closed","ping_status":"closed","template":"","meta":{"ngg_post_thumbnail":0,"footnotes":""},"class_list":["post-281","page","type-page","status-publish","hentry"],"_links":{"self":[{"href":"https:\/\/trzezwewesele.pl\/index.php\/wp-json\/wp\/v2\/pages\/281","targetHints":{"allow":["GET"]}}],"collection":[{"href":"https:\/\/trzezwewesele.pl\/index.php\/wp-json\/wp\/v2\/pages"}],"about":[{"href":"https:\/\/trzezwewesele.pl\/index.php\/wp-json\/wp\/v2\/types\/page"}],"author":[{"embeddable":true,"href":"https:\/\/trzezwewesele.pl\/index.php\/wp-json\/wp\/v2\/users\/1"}],"replies":[{"embeddable":true,"href":"https:\/\/trzezwewesele.pl\/index.php\/wp-json\/wp\/v2\/comments?post=281"}],"version-history":[{"count":4,"href":"https:\/\/trzezwewesele.pl\/index.php\/wp-json\/wp\/v2\/pages\/281\/revisions"}],"predecessor-version":[{"id":307,"href":"https:\/\/trzezwewesele.pl\/index.php\/wp-json\/wp\/v2\/pages\/281\/revisions\/307"}],"wp:attachment":[{"href":"https:\/\/trzezwewesele.pl\/index.php\/wp-json\/wp\/v2\/media?parent=281"}],"curies":[{"name":"wp","href":"https:\/\/api.w.org\/{rel}","templated":true}]}}