{"id":221,"date":"2020-07-10T18:30:15","date_gmt":"2020-07-10T18:30:15","guid":{"rendered":"http:\/\/trzezwewesele.pl\/?page_id=221"},"modified":"2020-12-26T11:46:56","modified_gmt":"2020-12-26T11:46:56","slug":"program-iv-btw","status":"publish","type":"page","link":"https:\/\/trzezwewesele.pl\/index.php\/iv-btw\/program-iv-btw\/","title":{"rendered":"Program IV BTW"},"content":{"rendered":"<p style=\"text-align: center;\"><span style=\"font-size: 24px;\"><em><strong><span style=\"color: #993366;\">Proponowany program IV Bieszczadzkiego Trze\u017awego Wesela \u2013 Myczkowce 2020<\/span><\/strong><\/em><\/span><\/p>\n<p><span style=\"font-size: 20px;\">Sobota 22.08.2020<\/span><\/p>\n<p><span style=\"color: #993366; font-size: 20px;\">9.00 \u2013 Recepcja<\/span><\/p>\n<p><span style=\"color: #993366; font-size: 20px;\">10.00 \u2013 Powitanie, zawi\u0105zanie wsp\u00f3lnoty<\/span><\/p>\n<p><span style=\"color: #993366; font-size: 20px;\">11.00 \u2013 <span style=\"color: #0000ff;\">Konferencja \u2013 \u201eJak zerwa\u0107 \u201eromans\u201d z uzale\u017cnieniami (alkoholizm, narkotyki, pornografia \u2026)\u201d \u2013 ks. Pra\u0142at W\u0142adys\u0142aw Z\u0105zel<\/span><\/span><\/p>\n<p><span style=\"color: #993366; font-size: 20px;\">\u015awiadectwa doros\u0142ych i ma\u0142\u017ce\u0144stw z Krucjaty Wyzwolenia Cz\u0142owieka<\/span><\/p>\n<p><span style=\"color: #993366; font-size: 20px;\">\u015awiadectwa ma\u0142\u017ce\u0144stw kt\u00f3re mia\u0142y wesele bezalkoholowe<\/span><\/p>\n<p><span style=\"color: #993366; font-size: 20px;\">12.00 \u2013 Przerwa \u2013 kawa, herbata, ciasteczko<\/span><\/p>\n<p><span style=\"color: #993366; font-size: 20px;\">12.30 \u2013 <span style=\"color: #0000ff;\">Konferencja \u2013 \u201ePrawdziwa mi\u0142o\u015b\u0107 wszystko przetrzyma \u201d \u2013 Ks. Pra\u0142at W\u0142adys\u0142aw Z\u0105zel<\/span><\/span><\/p>\n<p><span style=\"color: #993366; font-size: 20px;\">14.00 \u2013 obiad \u2013 odpoczynek \u2013 czas dla ma\u0142\u017conk\u00f3w<\/span><\/p>\n<p><span style=\"color: #993366; font-size: 20px;\">15.15 &#8211; <span style=\"color: #0000ff;\">Konferencja \u2013 \u201eM\u0105dre wychowanie dzieci najlepsz\u0105 ochron\u0105 przed uzale\u017cnieniami\u201d \u2013 mgr Aneta Mr\u00f3z-Ku\u017aniak<br \/>\n<\/span><\/span><\/p>\n<p><span style=\"color: #993366; font-size: 20px;\">16.15 &#8211; <span style=\"color: #0000ff;\">Panel dyskusyjny \u2013 mo\u017cliwo\u015b\u0107 indywidualnej dyskusji z prelegentami.<\/span><\/span><\/p>\n<p><span style=\"color: #993366; font-size: 20px;\">Mo\u017cliwo\u015b\u0107 spowiedzi, przygotowanie do Eucharystii<\/span><\/p>\n<p><span style=\"color: #993366; font-size: 20px;\">17.00 \u2013 <span style=\"color: #ff0000;\">Uroczysta Eucharystia odpustowa Naj\u015bwi\u0119tszej Maryi Panny Kr\u00f3lowej i Matki Pi\u0119knej Mi\u0142o\u015bci pod przewodnictwem ks. bp Krzysztofa Chudzio z odnowieniem przyrzecze\u0144 ma\u0142\u017ce\u0144skich.<\/span><\/span><\/p>\n<p><span style=\"color: #993366; font-size: 20px;\">Uroczysty przemarsz do sali balowej<\/span><\/p>\n<p><span style=\"color: #993366; font-size: 20px;\">19.00 \u2013 Bezalkoholowy bal weselny prowadzony przez zawodowych wodzirej\u00f3w.<\/span><\/p>\n<p style=\"padding-left: 80px;\"><span style=\"color: #ff00ff; font-size: 20px;\">Rozstrzygni\u0119cie konkursu plastycznego i rozdanie nagr\u00f3d wszystkim dzieciom kt\u00f3re b\u0119d\u0105 bra\u0142y udzia\u0142 w konkursie.<\/span><\/p>\n<p style=\"padding-left: 80px;\"><span style=\"font-size: 20px;\">Koncert zespo\u0142u<span style=\"color: #008000;\"> &#8220;\u015awiat\u0142o Uwielbienia&#8221;<\/span><\/span><\/p>\n<p>&nbsp;<\/p>\n<p><span style=\"color: #993366; font-size: 20px;\">Program dla dzieci i m\u0142odzie\u017cy<\/span><\/p>\n<p><span style=\"color: #993366; font-size: 20px;\">11.00 \u2013 14.00 Cz\u0119\u015b\u0107 I<\/span><\/p>\n<p><span style=\"color: #993366; font-size: 20px;\">Wykonanie prac przez dzieci na konkurs plastyczny <span style=\"color: #ff00ff;\">\u201eTrze\u017awa rodzina to fajna dru\u017cyna\u201d<\/span><\/span><\/p>\n<p><span style=\"color: #993366; font-size: 20px;\">Warsztaty muzyczno &#8211; wokalne prowadzone przez zesp\u00f3\u0142 <span style=\"color: #008000;\">\u201e\u015awiat\u0142o Uwielbienia\u201d<\/span>.<\/span><\/p>\n<p><span style=\"color: #993366; font-size: 20px;\">Warsztaty taneczne prowadzone przez wodzirej\u00f3w.<\/span><\/p>\n<p><span style=\"color: #993366; font-size: 20px;\">15.15 \u2013 16.30 Cz\u0119\u015b\u0107 II<\/span><\/p>\n<p><span style=\"color: #993366; font-size: 20px;\">Warsztaty muzyczno &#8211; wokalne prowadzone przez zesp\u00f3\u0142 <span style=\"color: #008000;\">\u201e\u015awiat\u0142o Uwielbienia\u201d<\/span>.<\/span><\/p>\n<p><span style=\"color: #993366; font-size: 20px;\">Warsztaty taneczne prowadzone przez wodzirej\u00f3w.<\/span><\/p>\n<p>&nbsp;<\/p>\n<p><span style=\"font-size: 20px;\"><em><strong><span style=\"color: #ff0000;\">Dla ch\u0119tnych:<\/span><\/strong><\/em><\/span><\/p>\n<p><span style=\"color: #0000ff;\">Pi\u0105tek 21.08.2020<\/span><\/p>\n<p>16.00 &#8211; Recepcja<\/p>\n<p>18.00 &#8211; Kolacja<\/p>\n<p>19.00 &#8211; Msza \u015bw. z pro\u015bb\u0105 o Bo\u017ce b\u0142ogos\u0142awie\u0144stwo dla rodzin i ma\u0142\u017ce\u0144stw prze\u017cywaj\u0105cych r\u00f3\u017cne trudno\u015bci i problemy.<\/p>\n<p>20.00 &#8211; Konferencja &#8211; Zdrowy styl \u017cycia &#8211; nowe propozycje &#8211; kuracja oczyszczaj\u0105co &#8211; odkwaszaj\u0105ca<\/p>\n<p><span style=\"color: #0000ff;\">Niedziela 23.08.2020<\/span><\/p>\n<p>9.00 &#8211; Msza \u015bw.<\/p>\n<p>10.00 &#8211; \u015aniadanie<\/p>\n<p>Mo\u017cliwo\u015b\u0107 indywidualnego korzystania z atrakcji O\u015brodka.<\/p>\n<p><span style=\"color: #ff0000;\">Rodzinne \u015bwi\u0119towanie niedzieli.<\/span><\/p>\n","protected":false},"excerpt":{"rendered":"<p>Proponowany program IV Bieszczadzkiego Trze\u017awego Wesela \u2013 Myczkowce 2020 Sobota 22.08.2020 9.00 \u2013 Recepcja 10.00 \u2013 Powitanie, zawi\u0105zanie wsp\u00f3lnoty 11.00 \u2013 Konferencja \u2013 \u201eJak zerwa\u0107 \u201eromans\u201d z uzale\u017cnieniami (alkoholizm, narkotyki, pornografia \u2026)\u201d \u2013 ks. Pra\u0142at W\u0142adys\u0142aw Z\u0105zel \u015awiadectwa doros\u0142ych i ma\u0142\u017ce\u0144stw z Krucjaty Wyzwolenia Cz\u0142owieka \u015awiadectwa ma\u0142\u017ce\u0144stw kt\u00f3re mia\u0142y wesele bezalkoholowe 12.00 \u2013 Przerwa \u2013 [&hellip;]<\/p>\n","protected":false},"author":1,"featured_media":0,"parent":210,"menu_order":1,"comment_status":"closed","ping_status":"closed","template":"","meta":{"ngg_post_thumbnail":0,"footnotes":""},"class_list":["post-221","page","type-page","status-publish","hentry"],"_links":{"self":[{"href":"https:\/\/trzezwewesele.pl\/index.php\/wp-json\/wp\/v2\/pages\/221","targetHints":{"allow":["GET"]}}],"collection":[{"href":"https:\/\/trzezwewesele.pl\/index.php\/wp-json\/wp\/v2\/pages"}],"about":[{"href":"https:\/\/trzezwewesele.pl\/index.php\/wp-json\/wp\/v2\/types\/page"}],"author":[{"embeddable":true,"href":"https:\/\/trzezwewesele.pl\/index.php\/wp-json\/wp\/v2\/users\/1"}],"replies":[{"embeddable":true,"href":"https:\/\/trzezwewesele.pl\/index.php\/wp-json\/wp\/v2\/comments?post=221"}],"version-history":[{"count":8,"href":"https:\/\/trzezwewesele.pl\/index.php\/wp-json\/wp\/v2\/pages\/221\/revisions"}],"predecessor-version":[{"id":921,"href":"https:\/\/trzezwewesele.pl\/index.php\/wp-json\/wp\/v2\/pages\/221\/revisions\/921"}],"up":[{"embeddable":true,"href":"https:\/\/trzezwewesele.pl\/index.php\/wp-json\/wp\/v2\/pages\/210"}],"wp:attachment":[{"href":"https:\/\/trzezwewesele.pl\/index.php\/wp-json\/wp\/v2\/media?parent=221"}],"curies":[{"name":"wp","href":"https:\/\/api.w.org\/{rel}","templated":true}]}}