{"id":210,"date":"2020-07-10T17:52:07","date_gmt":"2020-07-10T17:52:07","guid":{"rendered":"http:\/\/trzezwewesele.pl\/?page_id=210"},"modified":"2022-04-24T20:01:37","modified_gmt":"2022-04-24T20:01:37","slug":"iv-btw","status":"publish","type":"page","link":"https:\/\/trzezwewesele.pl\/index.php\/iv-btw\/","title":{"rendered":"IV BTW"},"content":{"rendered":"<p>Dofinansowano z bud\u017cetu Wojew\u00f3dztwa Podkarpackiego Regionalnego O\u015brodka Polityki Spo\u0142ecznej w Rzeszowie <img loading=\"lazy\" decoding=\"async\" class=\"aligncenter wp-image-313 size-large\" src=\"https:\/\/trzezwewesele.pl\/wp-content\/uploads\/2020\/09\/Podziekowanie-725x1024.jpg\" alt=\"\" width=\"725\" height=\"1024\" srcset=\"https:\/\/trzezwewesele.pl\/wp-content\/uploads\/2020\/09\/Podziekowanie-725x1024.jpg 725w, https:\/\/trzezwewesele.pl\/wp-content\/uploads\/2020\/09\/Podziekowanie-212x300.jpg 212w, https:\/\/trzezwewesele.pl\/wp-content\/uploads\/2020\/09\/Podziekowanie-768x1085.jpg 768w, https:\/\/trzezwewesele.pl\/wp-content\/uploads\/2020\/09\/Podziekowanie-1087x1536.jpg 1087w, https:\/\/trzezwewesele.pl\/wp-content\/uploads\/2020\/09\/Podziekowanie-1449x2048.jpg 1449w, https:\/\/trzezwewesele.pl\/wp-content\/uploads\/2020\/09\/Podziekowanie-scaled.jpg 1811w\" sizes=\"auto, (max-width: 725px) 100vw, 725px\" \/><\/p>\n<p>&nbsp;<\/p>\n<p>&nbsp;<\/p>\n<p><img loading=\"lazy\" decoding=\"async\" class=\"wp-image-211  aligncenter\" src=\"https:\/\/trzezwewesele.pl\/wp-content\/uploads\/2020\/07\/Zaproszenie-trze\u017awe-wesele-1024x727.jpg\" alt=\"\" width=\"615\" height=\"437\" srcset=\"https:\/\/trzezwewesele.pl\/wp-content\/uploads\/2020\/07\/Zaproszenie-trze\u017awe-wesele-1024x727.jpg 1024w, https:\/\/trzezwewesele.pl\/wp-content\/uploads\/2020\/07\/Zaproszenie-trze\u017awe-wesele-300x213.jpg 300w, https:\/\/trzezwewesele.pl\/wp-content\/uploads\/2020\/07\/Zaproszenie-trze\u017awe-wesele-768x545.jpg 768w, https:\/\/trzezwewesele.pl\/wp-content\/uploads\/2020\/07\/Zaproszenie-trze\u017awe-wesele-1536x1090.jpg 1536w, https:\/\/trzezwewesele.pl\/wp-content\/uploads\/2020\/07\/Zaproszenie-trze\u017awe-wesele.jpg 1750w\" sizes=\"auto, (max-width: 615px) 100vw, 615px\" \/><\/p>\n","protected":false},"excerpt":{"rendered":"<p>Dofinansowano z bud\u017cetu Wojew\u00f3dztwa Podkarpackiego Regionalnego O\u015brodka Polityki Spo\u0142ecznej w Rzeszowie &nbsp; &nbsp;<\/p>\n","protected":false},"author":1,"featured_media":0,"parent":0,"menu_order":0,"comment_status":"closed","ping_status":"closed","template":"","meta":{"ngg_post_thumbnail":0,"footnotes":""},"class_list":["post-210","page","type-page","status-publish","hentry"],"_links":{"self":[{"href":"https:\/\/trzezwewesele.pl\/index.php\/wp-json\/wp\/v2\/pages\/210","targetHints":{"allow":["GET"]}}],"collection":[{"href":"https:\/\/trzezwewesele.pl\/index.php\/wp-json\/wp\/v2\/pages"}],"about":[{"href":"https:\/\/trzezwewesele.pl\/index.php\/wp-json\/wp\/v2\/types\/page"}],"author":[{"embeddable":true,"href":"https:\/\/trzezwewesele.pl\/index.php\/wp-json\/wp\/v2\/users\/1"}],"replies":[{"embeddable":true,"href":"https:\/\/trzezwewesele.pl\/index.php\/wp-json\/wp\/v2\/comments?post=210"}],"version-history":[{"count":7,"href":"https:\/\/trzezwewesele.pl\/index.php\/wp-json\/wp\/v2\/pages\/210\/revisions"}],"predecessor-version":[{"id":1179,"href":"https:\/\/trzezwewesele.pl\/index.php\/wp-json\/wp\/v2\/pages\/210\/revisions\/1179"}],"wp:attachment":[{"href":"https:\/\/trzezwewesele.pl\/index.php\/wp-json\/wp\/v2\/media?parent=210"}],"curies":[{"name":"wp","href":"https:\/\/api.w.org\/{rel}","templated":true}]}}