{"id":2028,"date":"2025-07-04T15:46:08","date_gmt":"2025-07-04T15:46:08","guid":{"rendered":"https:\/\/trzezwewesele.pl\/?page_id=2028"},"modified":"2025-08-07T19:54:21","modified_gmt":"2025-08-07T19:54:21","slug":"program-ixbtw","status":"publish","type":"page","link":"https:\/\/trzezwewesele.pl\/index.php\/program-ixbtw\/","title":{"rendered":"Program IX BTW"},"content":{"rendered":"<p style=\"text-align: center;\"><span style=\"font-size: 28px; color: #ff0000;\">Program IX Bieszczadzkiego Trze\u017awego Wesela \u2013 Myczkowce 2025<\/span><\/p>\n<p style=\"text-align: center;\"><span style=\"font-size: 28px; color: #ff0000;\">23 sierpie\u0144 2025r.<\/span><\/p>\n<p>&nbsp;<\/p>\n<p><span style=\"font-size: 20px;\">9.00 \u2013 Recepcja<\/span><\/p>\n<p><span style=\"font-size: 20px;\">10.00 \u2013 Powitanie, zawi\u0105zanie wsp\u00f3lnoty<\/span><\/p>\n<p><span style=\"font-size: 20px;\">11.00 \u2013 Konferencja \u2013 \u201eTrze\u017awo\u015b\u0107 w rodzinie \u2013 spos\u00f3b na wspania\u0142e \u017cycie\u201d \u2013 o. Marek Grzelczak<\/span><\/p>\n<p><span style=\"font-size: 20px;\">12.00 \u2013 Przerwa \u2013 kawa, herbata, ciasteczko<\/span><\/p>\n<p><span style=\"font-size: 20px;\">12.30 \u2013 Konferencja \u2013\u2013 \u201eTrze\u017awo\u015b\u0107 \u2013 szczeg\u00f3lna warto\u015b\u0107 w rozwoju m\u0142odego cz\u0142owieka\u201d \u2013 o. Marek Grzelczak<\/span><\/p>\n<p><span style=\"font-size: 20px;\">14.00 \u2013 obiad \u2013 odpoczynek \u2013 czas dla ma\u0142\u017conk\u00f3w<\/span><\/p>\n<p><span style=\"font-size: 20px;\">15.00 \u2013 Koronka do Bo\u017cego Mi\u0142osierdzia<\/span><\/p>\n<p><span style=\"font-size: 20px;\">&nbsp; &nbsp; &nbsp; &nbsp; &nbsp; &nbsp; &nbsp; &nbsp;\u015awiadectwa doros\u0142ych i ma\u0142\u017ce\u0144stw z Krucjaty Wyzwolenia Cz\u0142owieka a tak\u017ce \u015bwiadectwa ma\u0142\u017ce\u0144stw kt\u00f3re mia\u0142y wesele bezalkoholowe.<\/span><\/p>\n<p><span style=\"font-size: 20px;\">15.30 &#8211; \u201eDobra muzyka to zdrowa profilaktyka\u201d &#8211; Warsztaty muzyczno \u2013 taneczne prowadzone przez wodzirej\u00f3w.&nbsp;<\/span><\/p>\n<p><span style=\"font-size: 20px;\">17.30 \u2013 Uroczysta Eucharystia z odnowieniem przyrzecze\u0144 ma\u0142\u017ce\u0144skich.<\/span><\/p>\n<p><span style=\"font-size: 20px;\">Uroczysty przemarsz do sali balowej<\/span><\/p>\n<p><span style=\"font-size: 20px;\">19.00 \u2013 Bezalkoholowy bal weselny prowadzony przez zawodowych wodzirej\u00f3w <a href=\"https:\/\/www.youtube.com\/watch?v=0dsfePgsG0s\" target=\"_blank\" rel=\"noopener\">Siostr\u0119 Karin\u0119 Paw\u0142owsk\u0105 CSSMA<\/a><\/span><\/p>\n<p>&nbsp;<\/p>\n<p><span style=\"font-size: 20px;\">Program dla dzieci i m\u0142odzie\u017cy<\/span><\/p>\n<p><span style=\"font-size: 20px;\">11.00 \u2013 14.00<\/span><\/p>\n<p><span style=\"font-size: 20px;\">Wykonanie prac przez dzieci na konkurs plastyczny \u201eRado\u015b\u0107 i mi\u0142o\u015b\u0107 tam zago\u015bci, gdzie rodzina jest w trze\u017awo\u015bci\u201d<\/span><\/p>\n<p><span style=\"font-size: 20px;\">Warsztaty muzyczno &#8211; taneczne prowadzone przez wodzirej\u00f3w.<\/span><\/p>\n","protected":false},"excerpt":{"rendered":"<p>Program IX Bieszczadzkiego Trze\u017awego Wesela \u2013 Myczkowce 2025 23 sierpie\u0144 2025r. &nbsp; 9.00 \u2013 Recepcja 10.00 \u2013 Powitanie, zawi\u0105zanie wsp\u00f3lnoty 11.00 \u2013 Konferencja \u2013 \u201eTrze\u017awo\u015b\u0107 w rodzinie \u2013 spos\u00f3b na wspania\u0142e \u017cycie\u201d \u2013 o. Marek Grzelczak 12.00 \u2013 Przerwa \u2013 kawa, herbata, ciasteczko 12.30 \u2013 Konferencja \u2013\u2013 \u201eTrze\u017awo\u015b\u0107 \u2013 szczeg\u00f3lna warto\u015b\u0107 w rozwoju m\u0142odego cz\u0142owieka\u201d [&hellip;]<\/p>\n","protected":false},"author":1,"featured_media":0,"parent":0,"menu_order":0,"comment_status":"closed","ping_status":"closed","template":"","meta":{"ngg_post_thumbnail":0,"footnotes":""},"class_list":["post-2028","page","type-page","status-publish","hentry"],"_links":{"self":[{"href":"https:\/\/trzezwewesele.pl\/index.php\/wp-json\/wp\/v2\/pages\/2028","targetHints":{"allow":["GET"]}}],"collection":[{"href":"https:\/\/trzezwewesele.pl\/index.php\/wp-json\/wp\/v2\/pages"}],"about":[{"href":"https:\/\/trzezwewesele.pl\/index.php\/wp-json\/wp\/v2\/types\/page"}],"author":[{"embeddable":true,"href":"https:\/\/trzezwewesele.pl\/index.php\/wp-json\/wp\/v2\/users\/1"}],"replies":[{"embeddable":true,"href":"https:\/\/trzezwewesele.pl\/index.php\/wp-json\/wp\/v2\/comments?post=2028"}],"version-history":[{"count":6,"href":"https:\/\/trzezwewesele.pl\/index.php\/wp-json\/wp\/v2\/pages\/2028\/revisions"}],"predecessor-version":[{"id":2052,"href":"https:\/\/trzezwewesele.pl\/index.php\/wp-json\/wp\/v2\/pages\/2028\/revisions\/2052"}],"wp:attachment":[{"href":"https:\/\/trzezwewesele.pl\/index.php\/wp-json\/wp\/v2\/media?parent=2028"}],"curies":[{"name":"wp","href":"https:\/\/api.w.org\/{rel}","templated":true}]}}