{"id":1748,"date":"2024-06-23T21:07:29","date_gmt":"2024-06-23T21:07:29","guid":{"rendered":"https:\/\/trzezwewesele.pl\/?page_id=1748"},"modified":"2024-08-09T21:49:24","modified_gmt":"2024-08-09T21:49:24","slug":"program-viii-btw","status":"publish","type":"page","link":"https:\/\/trzezwewesele.pl\/index.php\/program-viii-btw\/","title":{"rendered":"Program VIII BTW"},"content":{"rendered":"<h2 style=\"text-align: center;\"><span style=\"color: #ff0000;\">Program<\/span><\/h2>\n<h2 style=\"text-align: center;\"><span style=\"color: #ff0000;\">VIII Bieszczadzkiego Trze\u017awego Wesela \u2013 Myczkowce 2024<\/span><\/h2>\n<h2 style=\"text-align: center;\"><span style=\"color: #ff0000;\">24.08.2024<\/span><\/h2>\n<p>&nbsp;<\/p>\n<p><span style=\"font-size: 20px;\">9.00 \u2013 Recepcja<\/span><\/p>\n<p><span style=\"font-size: 20px;\">10.30 \u2013 Powitanie, zawi\u0105zanie wsp\u00f3lnoty<\/span><\/p>\n<p><span style=\"font-size: 20px;\">11.00 \u2013 <span style=\"color: #0000ff;\">Konferencja \u2013 \u201eModa na trze\u017awo\u015b\u0107 \u2013 wezwanie dla odwa\u017cnych\u201d<\/span><\/span><\/p>\n<p><span style=\"font-size: 20px;\">12.00 \u2013 Przerwa \u2013 kawa, herbata, ciasteczko<\/span><\/p>\n<p><span style=\"font-size: 20px;\">12.30 \u2013 <span style=\"color: #0000ff;\">Konferencja \u2013\u2013 \u201eJak kocha\u0107 i wymaga\u0107 by chroni\u0107 m\u0142ode pokolenie przed uzale\u017cnieniami\u201d<\/span><\/span><\/p>\n<p><span style=\"font-size: 20px;\">14.00 \u2013 obiad \u2013 odpoczynek \u2013 czas dla ma\u0142\u017conk\u00f3w<\/span><\/p>\n<p><span style=\"font-size: 20px;\">15.00 \u2013 Koronka do Bo\u017cego Mi\u0142osierdzia w Ko\u015bciele<\/span><\/p>\n<p><span style=\"font-size: 20px;\">15.30 \u2013<span style=\"color: #993366;\"> \u201eDobra muzyka to zdrowa profilaktyka\u201d &#8211; Warsztaty muzyczno \u2013 taneczne prowadzone przez wodzirej\u00f3w po\u0142\u0105czone ze \u015bwiadectwami doros\u0142ych i ma\u0142\u017ce\u0144stw z Krucjaty Wyzwolenia Cz\u0142owieka a tak\u017ce \u015bwiadectwa ma\u0142\u017ce\u0144stw kt\u00f3re mia\u0142y wesele bezalkoholowe.<\/span><\/span><\/p>\n<p><span style=\"font-size: 20px;\">17.00 \u2013 <span style=\"color: #ff0000;\">Uroczysta Eucharystia z odnowieniem przyrzecze\u0144 ma\u0142\u017ce\u0144skich.<\/span><\/span><\/p>\n<p><span style=\"font-size: 20px;\">Uroczysty przemarsz do sali balowej<\/span><\/p>\n<p><span style=\"color: #ff00ff; font-size: 20px;\">&nbsp;\u2013 Bezalkoholowy bal weselny prowadzony przez zawodowych wodzirej\u00f3w <a href=\"https:\/\/www.youtube.com\/watch?v=0dsfePgsG0s\" target=\"_blank\" rel=\"noopener\">Siostr\u0119 Karin\u0119 Paw\u0142owsk\u0105 CSSMA<\/a> i <a href=\"https:\/\/www.czek-art.pl\/\" target=\"_blank\" rel=\"noopener\">DJ Krzysztofa Czekaja<\/a><\/span><\/p>\n<p>&nbsp;<\/p>\n<p><span style=\"font-size: 20px;\">Program dla dzieci i m\u0142odzie\u017cy<\/span><\/p>\n<p><span style=\"font-size: 20px;\">11.00 \u2013 14.00<\/span><\/p>\n<p><span style=\"font-size: 20px;\">Wykonanie prac przez dzieci na konkurs plastyczny \u201eTrze\u017awa rodzina razem si\u0119 trzyma\u201d<\/span><\/p>\n<p><span style=\"font-size: 20px;\">Warsztaty muzyczno &#8211; taneczne prowadzone przez wodzirej\u00f3w.<\/span><\/p>\n","protected":false},"excerpt":{"rendered":"<p>Program VIII Bieszczadzkiego Trze\u017awego Wesela \u2013 Myczkowce 2024 24.08.2024 &nbsp; 9.00 \u2013 Recepcja 10.30 \u2013 Powitanie, zawi\u0105zanie wsp\u00f3lnoty 11.00 \u2013 Konferencja \u2013 \u201eModa na trze\u017awo\u015b\u0107 \u2013 wezwanie dla odwa\u017cnych\u201d 12.00 \u2013 Przerwa \u2013 kawa, herbata, ciasteczko 12.30 \u2013 Konferencja \u2013\u2013 \u201eJak kocha\u0107 i wymaga\u0107 by chroni\u0107 m\u0142ode pokolenie przed uzale\u017cnieniami\u201d 14.00 \u2013 obiad \u2013 odpoczynek [&hellip;]<\/p>\n","protected":false},"author":1,"featured_media":0,"parent":0,"menu_order":0,"comment_status":"closed","ping_status":"closed","template":"","meta":{"ngg_post_thumbnail":0,"footnotes":""},"class_list":["post-1748","page","type-page","status-publish","hentry"],"_links":{"self":[{"href":"https:\/\/trzezwewesele.pl\/index.php\/wp-json\/wp\/v2\/pages\/1748","targetHints":{"allow":["GET"]}}],"collection":[{"href":"https:\/\/trzezwewesele.pl\/index.php\/wp-json\/wp\/v2\/pages"}],"about":[{"href":"https:\/\/trzezwewesele.pl\/index.php\/wp-json\/wp\/v2\/types\/page"}],"author":[{"embeddable":true,"href":"https:\/\/trzezwewesele.pl\/index.php\/wp-json\/wp\/v2\/users\/1"}],"replies":[{"embeddable":true,"href":"https:\/\/trzezwewesele.pl\/index.php\/wp-json\/wp\/v2\/comments?post=1748"}],"version-history":[{"count":4,"href":"https:\/\/trzezwewesele.pl\/index.php\/wp-json\/wp\/v2\/pages\/1748\/revisions"}],"predecessor-version":[{"id":1774,"href":"https:\/\/trzezwewesele.pl\/index.php\/wp-json\/wp\/v2\/pages\/1748\/revisions\/1774"}],"wp:attachment":[{"href":"https:\/\/trzezwewesele.pl\/index.php\/wp-json\/wp\/v2\/media?parent=1748"}],"curies":[{"name":"wp","href":"https:\/\/api.w.org\/{rel}","templated":true}]}}