{"id":151,"date":"2020-03-20T20:34:03","date_gmt":"2020-03-20T20:34:03","guid":{"rendered":"http:\/\/trzezwewesele.pl\/?page_id=151"},"modified":"2022-07-05T20:33:42","modified_gmt":"2022-07-05T20:33:42","slug":"historia","status":"publish","type":"page","link":"https:\/\/trzezwewesele.pl\/index.php\/historia\/","title":{"rendered":"Historia"},"content":{"rendered":"<p style=\"text-align: center;\"><span style=\"font-size: 24px; color: #ff0000;\">Historia &nbsp;powstania spotkania pod nazw\u0105&nbsp; <\/span><\/p>\n<p style=\"text-align: center;\"><span style=\"font-size: 24px; color: #ff0000;\">&nbsp; Bieszczadzkie Trze\u017awe Wesele<\/span><\/p>\n<p>&nbsp;<\/p>\n<p style=\"text-align: center;\"><span style=\"font-size: 20px;\"><span style=\"color: #000080;\">\u201e Nie ma przypadk\u00f3w wszystko jest sterowane przez Pana Boga\u201d<\/span><\/span><\/p>\n<p style=\"text-align: right;\"><span style=\"font-size: 20px;\"> <span style=\"font-size: 16px;\">Jan Pawe\u0142 II<\/span><\/span><\/p>\n<p><span style=\"font-size: 20px; color: #993366;\">Kochani!<\/span><\/p>\n<p><span style=\"font-size: 20px;\">Pan B\u00f3g po\u0142\u0105czy\u0142 nasze serca i drogi \u2013 \u0142\u0105cz\u0105c nas&nbsp; sakramentem ma\u0142\u017ce\u0144stwa&nbsp;&nbsp; 25 lat temu. Pob\u0142ogos\u0142awi\u0142 naszej mi\u0142o\u015bci i po chwilach pr\u00f3by i niepewno\u015bci &#8211; uczyni\u0142 j\u0105 p\u0142odn\u0105 obdarzaj\u0105c nas pi\u0105tk\u0105 wspania\u0142ych dzieci, (dw\u00f3ch syn\u00f3w i trzy c\u00f3rki). Tak jak ka\u017cde ma\u0142\u017ce\u0144stwo prze\u017cywali\u015bmy i dalej prze\u017cywamy r\u00f3\u017cne trudno\u015bci, niepokoje ale te\u017c&nbsp; i rado\u015bci. Dobry B\u00f3g i Matka Naj\u015bwi\u0119tsza&nbsp; wys\u0142uchali naszej modlitwy i pozwolili nam zorganizowa\u0107 wesele bezalkoholowe. Pomimo \u017ce by\u0142o nam bardzo trudno przekona\u0107 rodzic\u00f3w, jednak wsparcie naszego przyjaciela \u015bp. ks. Jana&nbsp; Szpunara oraz naszej wsp\u00f3lnoty oazowej, dodawa\u0142o nam odwagi i przekonania \u017ce &nbsp;bez Bo\u017cej pomocy nie jeste\u015bmy w stanie nic osi\u0105gn\u0105\u0107, nawet maj\u0105c wspania\u0142e plany na przysz\u0142o\u015b\u0107. I tak zawierzaj\u0105c si\u0119 &nbsp;&nbsp;Panu Bogu i Matce Naj\u015bwi\u0119tszej &#8211; &nbsp;uda\u0142o si\u0119&nbsp; &#8211; \u015blub wzi\u0119li\u015bmy w sierpniu w \u015bwi\u0119to Naj\u015bwi\u0119tszej Marii Panny&nbsp; Kr\u00f3lowej. Obydwoje od wielu lat nale\u017cymy do Krucjaty Wyzwolenia Cz\u0142owieka, wi\u0119c naszym zadaniem by\u0142o budowanie trze\u017awej, nowej kultury &nbsp;a przede wszystkim, dawanie \u015bwiadectwa, \u017ce mo\u017cna \u017cy\u0107, pracowa\u0107, bawi\u0107 si\u0119 i by\u0107 szcz\u0119\u015bliwym b\u0119d\u0105c trze\u017awym cz\u0142owiekiem. I tak jak Wesele, tak te\u017c wszystkie uroczysto\u015bci rodzinne w naszym domu odbywaj\u0105 si\u0119 bez alkoholu. Wybudowali\u015bmy nowy dom, kt\u00f3ry te\u017c jest postawiony na trze\u017awym fundamencie. Jeste\u015bmy&nbsp; bardzo wdzi\u0119czni Panu Bogu i Matce Naj\u015bwi\u0119tszej za Ich szczeg\u00f3ln\u0105 obecno\u015b\u0107 w naszym \u017cyciu, za to, \u017ce postawi\u0142 na naszej drodze tych wszystkich ludzi, dzi\u0119ki kt\u00f3rym podj\u0119li\u015bmy decyzj\u0119 o weselu bezalkoholowym. Nie \u017ca\u0142ujemy podj\u0119cia takiej decyzji, jak r\u00f3wnie\u017c ani jednej chwili ze wsp\u00f3lnego \u017cycia. Gdy abstynencja jest ofiarowana Bogu, B\u00f3g daje si\u0142\u0119 wytrwania w niej. To, co wydaje si\u0119 trudne staje si\u0119 \u0142atwiejsze, a poniesiona ofiara jest rado\u015bci\u0105.<\/span><\/p>\n<p><span style=\"font-size: 20px; color: #993366;\">Og\u00f3lnopolskie Wesele Wesel<\/span><\/p>\n<p><span style=\"font-size: 20px;\">Bardzo chcieli\u015bmy dzieli\u0107 si\u0119 t\u0105 rado\u015bci\u0105 i zach\u0119ca\u0107 inne pary narzeczonych do wesela bezalkoholowego jednak nie wiedzieli\u015bmy w jaki spos\u00f3b to robi\u0107. Wiele razy prosili\u015bmy Pana Boga aby je\u015bli taka Jego wola pos\u0142u\u017cy\u0142 si\u0119 nami do&nbsp; czynienia dobra i s\u0142u\u017cenia innym ludziom.&nbsp; I Pan wys\u0142ucha\u0142 naszej pro\u015bby i pewnego dnia us\u0142yszeli\u015bmy w Radiu Maryja zaproszenie na Og\u00f3lnopolskie Wesele Wesel czyli spotkanie ma\u0142\u017ce\u0144stw kt\u00f3re mia\u0142y wesela bezalkoholowe do Krakowa w 2000 roku. Z wielk\u0105 rado\u015bci\u0105 i nadziej\u0105 pojechali\u015bmy na to spotkanie. Coroczne spotkanie, zwane \u201eWesele Wesel\u201d, odbywa si\u0119 pod przewodnictwem ks. W\u0142adys\u0142awa Z\u0105zla. Byli\u015bmy ju\u017c na takich spotkaniach wiele razy, co roku odbywa si\u0119 w innej cz\u0119\u015bci Polski, &nbsp;ka\u017cde posiada niepowtarzalny&nbsp; wymiar estetyczny, kulturowy i religijny. Mili ludzie, m\u0105dre&nbsp; konferencje, wspania\u0142e zabytki i urocza przyroda w r\u00f3\u017cnych zak\u0105tkach Polski, czyni\u0105 dni spotkania niezwyk\u0142ym prze\u017cyciem. Kiedy wyje\u017cd\u017cali\u015bmy z takiego spotkania pozostawa\u0142a w nas nutka t\u0119sknoty i \u017calu, dlaczego nie mo\u017cna spotka\u0107 si\u0119 bli\u017cej, przecie\u017c jest wiele ma\u0142\u017ce\u0144stw kt\u00f3re mia\u0142y wesele bez alkoholu a nie mog\u0105 pozwoli\u0107 sobie na d\u0142u\u017cszy wyjazd, cho\u0107by ze wzgl\u0119d\u00f3w zdrowotnych czy finansowych. I tutaj zn\u00f3w Pan odpowiedzia\u0142 na nasze pytania, pragnienia i pro\u015bby. Kiedy na spotkaniu zarz\u0105du Stowarzyszenia Wesele Wesel w Tarnowie pad\u0142o pytanie:\u201d No to gdzie si\u0119 spotykamy za rok? \u201e wtedy&nbsp; ma\u0142\u017ce\u0144stwo z \u0141om\u017cy przekaza\u0142o zaproszenie od ks. biskupa Tadeusza Bronakowskiego aby za rok \u015bwi\u0119towa\u0107 na p\u00f3\u0142nocy Polski. Dla nas by\u0142o za daleko i nie planowali\u015bmy tego wyjazdu, jednak pragnienie kt\u00f3re dojrzewa\u0142o w naszym sercu o zorganizowaniu podobnego spotkania chocia\u017c jeden dzie\u0144 dojrza\u0142o do realizacji.<\/span><\/p>\n<p><span style=\"font-size: 20px; color: #993366;\">Podkarpackie Wesele Wesel<\/span><\/p>\n<p><span style=\"font-size: 20px;\">Po rozmowach z ks. W\u0142adys\u0142awem Z\u0105zlem, zarz\u0105dem Stowarzyszenia Wesele Wesel, Duszpasterstwem Rodzin Archidiecezji Przemyskiej i Stowarzyszenia Mi\u0142o\u015b\u0107 i Odpowiedzialno\u015b\u0107 kt\u00f3rego jeste\u015bmy cz\u0142onkami oraz ks. Krzysztofem Stanul\u0105 prze\u0142o\u017conym Ksi\u0119\u017cy Michalit\u00f3w w Miejscu Piastowym wsp\u00f3lnie podj\u0119li\u015bmy decyzj\u0119 o zorganizowaniu Podkarpackiego Wesela Wesel. A dlaczego w Miejscu Piastowym? &nbsp;Ks. Z\u0105zel cz\u0119sto mawia\u0142 do nas: \u201e Wy to macie tak\u0105 per\u0142\u0119 tam w Miejscu Piastowym, ks. Bronis\u0142aw Markiewicz jest tak\u0105 per\u0142\u0105\u201d, kt\u00f3ry troszczy\u0142 si\u0119 o rodzin\u0119, wzywa\u0142 do \u017cycia w trze\u017awo\u015bci, wskazywa\u0142 jak bardzo trze\u017awo\u015b\u0107 jest po\u0142\u0105czona ze szcz\u0119\u015bciem w rodzinie. Nasze zaproszenia trafi\u0142y do ka\u017cdej parafii na Podkarpaciu. Przygotowali\u015bmy si\u0119 na 150 \u2013 200 os\u00f3b, jednak dla wszystkich by\u0142o ogromnym zaskoczeniem, kiedy liczba zg\u0142oszonych powi\u0119ksza\u0142a si\u0119 z dnia na dzie\u0144 i wynios\u0142a ponad 500 os\u00f3b. Wielk\u0105 wdzi\u0119czno\u015b\u0107 okazywali\u015bmy Panu Bogu i Matce Naj\u015bwi\u0119tszej \u017ce tyle ludzi, rodzin z dzie\u0107mi odpowiedzia\u0142o na nasze zaproszenie. Rado\u015b\u0107 w sercach a zarazem wielka odpowiedzialno\u015b\u0107 za ludzi, kt\u00f3rzy dzielili si\u0119 swoimi&nbsp; \u015bwiadectwami, pozwoli\u0142a nam w pe\u0142ni zrozumie\u0107 \u017ce to jest Bo\u017ce dzie\u0142o i Pan mu b\u0142ogos\u0142awi a my jeste\u015bmy tylko Jego narz\u0119dziami kt\u00f3rymi si\u0119 pos\u0142uguje.&nbsp; Po tym spotkaniu wraz z nowym rektorem ks. Stanis\u0142awem Kusiem podj\u0119li\u015bmy decyzj\u0119 o kontynuacji takiego spotkania.<\/span><\/p>\n<p><span style=\"font-size: 20px; color: #993366;\">Og\u00f3lnopolskie Wesele Wesel w Miejscu Piastowym<\/span><\/p>\n<p><span style=\"font-size: 20px;\">&nbsp;Bo\u017ca Opatrzno\u015b\u0107 sprawi\u0142a ze uda\u0142o nam si\u0119 pojecha\u0107 na Og\u00f3lnopolskie Wesele Wesel do \u0141om\u017cy i kiedy pad\u0142o pytanie gdzie za rok (informacja o Podkarpackim Weselu Wesel w Miejscu Piastowym bardzo szybko si\u0119 rozesz\u0142a, gdy\u017c przyjecha\u0142o wtedy&nbsp; kilka ma\u0142\u017ce\u0144stw kt\u00f3re uczestniczy\u0142y w og\u00f3lnopolskich spotkaniach i bardzo im si\u0119 spodoba\u0142o), w\u00f3wczas te ma\u0142\u017ce\u0144stwa zacz\u0119\u0142y g\u0142o\u015bno m\u00f3wi\u0107 o Miejscu Piastowym. Na pocz\u0105tku byli\u015bmy przera\u017ceni, nie chcieli\u015bmy o tym s\u0142ysze\u0107, poniewa\u017c byli\u015bmy ju\u017c um\u00f3wieni z ks. Stanis\u0142awem na Podkarpackie Wesele Wesel. Z Podkarpacia z nami by\u0142o jeszcze jedno ma\u0142\u017ce\u0144stwo Ania i Grzegorz z Humnisk i w\u0142a\u015bciwie to dzi\u0119ki nim, podj\u0119li\u015bmy wsp\u00f3lnie decyzj\u0119 o zorganizowaniu Og\u00f3lnopolskiego Wesela Wesel w Miejscu Piastowym. Kiedy przekazali\u015bmy t\u0105 informacj\u0119, pe\u0142ni strachu, ks. Stanis\u0142awowi troch\u0119 si\u0119 zdziwi\u0142 a potem powiedzia\u0142:\u201d no to do roboty\u201d.&nbsp; Na to spotkanie przyjecha\u0142y rodziny z ca\u0142ej Polski, wi\u0119cej informacji jest na stronie <a href=\"http:\/\/www.weselewesel.pl\">www.weselewesel.pl<\/a><\/span><\/p>\n<p><span style=\"font-size: 20px;\">Ju\u017c na tym Weselu Wesel uczestniczy\u0142y rodziny&nbsp; kt\u00f3re przyjecha\u0142y maj\u0105c nadziej\u0119 \u017ce to II Podkarpackie Wesele Wesel, niekt\u00f3rzy uczestniczyli w ca\u0142o\u015bci spotkania a niekt\u00f3rzy tylko&nbsp; w sobot\u0119. Kiedy ko\u0144czy\u0142o si\u0119 spotkanie byli\u015bmy przekonani \u017ce na tym koniec Wesel ( plan by\u0142, aby organizuj\u0105c&nbsp;&nbsp; Podkarpackie Wesele Wesel nauczy\u0107 si\u0119 i w przysz\u0142o\u015bci zorganizowa\u0107 Og\u00f3lnopolskie i to zosta\u0142o wykonane).<\/span><\/p>\n<p><span style=\"font-size: 20px; color: #993366;\">Podkarpackie Wesele Bez Toastu<\/span><\/p>\n<p><span style=\"font-size: 20px;\">Organizuj\u0105c spotkanie podsumowuj\u0105ce Og\u00f3lnopolskie Wesele Wesel &nbsp;wraz ze Starost\u0105 Powiatu Kro\u015bnie\u0144skiego, W\u00f3jtem Gminy Miejsce Piastowe, wsp\u00f3\u0142organizatorami, wolontariuszami, ka\u017cdy dziel\u0105c si\u0119 swoimi spostrze\u017ceniami, prze\u017cyciami, podj\u0119to decyzj\u0119 aby nie zaprzesta\u0107 lecz kontynuowa\u0107 Podkarpackie Wesele Wesel. Poniewa\u017c Og\u00f3lnopolskie Wesele Wesel kieruje zaproszenie do ma\u0142\u017ce\u0144stw kt\u00f3re mia\u0142y wesela bezalkoholowe, my chcieli\u015bmy to zaproszenie rozszerzy\u0107&nbsp; zapraszaj\u0105c ma\u0142\u017ce\u0144stwa kt\u00f3re \u017cyj\u0105 w trze\u017awo\u015bci, kt\u00f3re maj\u0105 jakie\u015b trudno\u015bci w komunikacji, narzeczonych a przede wszystkim ka\u017cdego kto chce bawi\u0107&nbsp; si\u0119 w radosnej i trze\u017awej wsp\u00f3lnocie. Dlatego zapytali\u015bmy zarz\u0105d Stowarzyszenia Wesele Wesel czy mo\u017cemy pos\u0142ugiwa\u0107 si\u0119 nadal tak\u0105 nazw\u0105. Stowarzyszenie stwierdzi\u0142o by jednak&nbsp; nieco je zmieni\u0107. By\u0142y r\u00f3\u017cne propozycje jednak przebi\u0142a si\u0119 nazwa tytu\u0142u gazetki, kt\u00f3r\u0105 wydaje Stowarzyszenie Animator\u00f3w Trze\u017awo\u015bci w Przemy\u015blu \u2013 Bez Toastu, po zgodzie \u015bp. Ks. Stanis\u0142awa Zarycha na u\u017cywanie tej nazwy , powsta\u0142o Podkarpackie Wesele Bez Toastu. Co roku przybywa\u0142o coraz to wi\u0119cej ma\u0142\u017ce\u0144stw i rodzin z dzie\u0107mi. Na V Podkarpackim Weselu Bez Toastu by\u0142o ponad 700 uczestnik\u00f3w, przy wielkim wsparciu i pomocy gminy Miejsce Piastowe, Starostwa Powiatowego w Kro\u015bnie i wielu, wielu wspania\u0142ych ludzi. Po tym weselu zasz\u0142y zmiany i podj\u0119to decyzj\u0119 o zmniejszeniu wesela do 200 os\u00f3b.<\/span><\/p>\n<p><span style=\"font-size: 20px; color: #993366;\">Og\u00f3lnopolskie Wesele Wesel w Myczkowcach<\/span><\/p>\n<p><span style=\"font-size: 20px;\">Zaanga\u017cowali\u015bmy si\u0119 w pos\u0142ug\u0119 narzeczonym, ma\u0142\u017ce\u0144stwom i rodzinom organizuj\u0105c rekolekcje dla narzeczonych, ma\u0142\u017ce\u0144stw , warsztaty, pos\u0142uguj\u0105c w poradni rodzinnej,&nbsp; poniewa\u017c jeste\u015bmy te\u017c doradcami \u017cycia rodzinnego. Jednak Pan B\u00f3g o nas nie zapomnia\u0142 i kiedy przygotowali\u015bmy si\u0119 do \u015awiatowych Dni M\u0142odzie\u017cy w Krakowie na kt\u00f3rych mia\u0142o by\u0107 kolejne Og\u00f3lnopolskie Wesele Wesel okaza\u0142o si\u0119 \u017ce z pewnych przyczyn jest to nie mo\u017cliwe. Poniewa\u017c by\u0142 ju\u017c marzec i w zasadzie do\u015b\u0107 p\u00f3\u017ano&nbsp; na podj\u0119cie takiego wyzwania, wszyscy zacz\u0119li szuka\u0107 miejsca i Opatrzno\u015b\u0107 Bo\u017ca sprawi\u0142a \u017ce \u201eodkryto \u201e Myczkowce, nie tyle miejsce lecz kap\u0142ana bardzo \u017cyczliwego i otwartego na Bo\u017ce wyzwania. Ks. Bogdan Janik jest dyrektorem O\u015brodka Caritas i z wielk\u0105 \u017cyczliwo\u015bci\u0105 i rado\u015bci\u0105 przyj\u0105\u0142 nas do siebie. Na to spotkanie przyjecha\u0142y ma\u0142\u017ce\u0144stwa z ca\u0142ej Polski i po raz pierwszy ma\u0142\u017ce\u0144stwo&nbsp; z Gda\u0144ska kt\u00f3rzy &nbsp;zachwyciwszy si\u0119 atmosfer\u0105 Bo\u017cej rado\u015bci, w tym roku to oni podejmuj\u0105 trud zorganizowania Og\u00f3lnopolskiego&nbsp; Wesela Wesel w Gda\u0144sku.<\/span><\/p>\n<p><span style=\"font-size: 20px;\">Organizuj\u0105c Og\u00f3lnopolskie&nbsp; Wesele Wesel w Myczkowcach&nbsp; do\u015bwiadczyli\u015bmy niesamowicie jak Pan B\u00f3g prowadzi kiedy cz\u0142owiek Mu zaufa. Do\u015bwiadczyli\u015bmy wielkiej rado\u015bci i \u017cyczliwo\u015bci ludzi dobrej woli, prostych a tak wspania\u0142ych. Na tym weselu uczestniczyli narzeczeni kt\u00f3rzy chcieli mie\u0107 Wesele bezalkoholowe lecz nie bardzo wiedzieli czy podo\u0142aj\u0105 pokona\u0107 liczne przeszkody. Vita i Bartosz byli studentami, Vita jest z Ukrainy i dla niej zaproszenie na Wesele rodziny do Polski by\u0142 bardzo trudne, no i jeszcze Wesele bezalkoholowe. Do\u015bwiadczyli\u015bmy na w\u0142asnych oczach ze cuda si\u0119 zdarzaj\u0105 ca\u0142y czas, dzi\u0119ki pomocy ks. Bogdana \u2013 uda\u0142o si\u0119 im zorganizowa\u0107 w kilka miesi\u0119cy po Weselu Wesel, swoje&nbsp; wesele bezalkoholowe w O\u015brodku Caritas w Myczkowcach, zaprosi\u0107 ca\u0142\u0105 rodzin\u0119&nbsp; z Ukrainy i z Polski i jeszcze my\u015bmy tam byli i \u015bwietnie si\u0119 bawili.&nbsp;<\/span><\/p>\n<p><span style=\"font-size: 20px;\">Bardzo dzi\u0119kujemy w tym miejscu za liczne telefony po Weselu Wesel, szczeg\u00f3lnie za \u015bwiadectwa kt\u00f3rymi si\u0119 dzielicie z nami. Dzi\u0119kujemy za \u015bwiadectwo Kasi i Micha\u0142a kt\u00f3rzy uczestnicz\u0105c w Weselu Wesel w Myczkowcach miesi\u0105c przed swoim weselem,&nbsp; kt\u00f3re mia\u0142o&nbsp; by\u0107 z alkoholem, szybko zmienili zdanie i po trudno\u015bciach kt\u00f3re napotkali, jednak uda\u0142o im&nbsp; si\u0119 zorganizowa\u0107 Wesele bezalkoholowe na kt\u00f3re pomimo zapewnie\u0144 rodziny \u017ce nie przyjd\u0105 \u2013 przyszli wszyscy, a potem bardzo im dzi\u0119kowali \u017ce odwa\u017cyli si\u0119 na takie szale\u0144stwo ale Bo\u017ce.<\/span><\/p>\n<p><span style=\"font-size: 20px; color: #993366;\">Bieszczadzkie Trze\u017awe Wesele<\/span><\/p>\n<p><span style=\"font-size: 20px;\">Bardzo szybko po Weselu Wesel zawi\u0105za\u0142a si\u0119 grupka ma\u0142\u017ce\u0144stw kt\u00f3re zapragn\u0119\u0142y spotyka\u0107 si\u0119 cz\u0119\u015bciej, prze\u017cywa\u0107 swoje \u015bwi\u0119to i odnowienie mi\u0142o\u015bci i przysi\u0119gi ma\u0142\u017ce\u0144skiej w obecno\u015bci swoich dzieci. Oddali\u015bmy spraw\u0119 w r\u0119ce najlepszej Matki Kr\u00f3lowej Pi\u0119knej Mi\u0142o\u015bci bo taka w\u0142a\u015bnie kr\u00f3luje w Myczkowcach. Podj\u0119li\u015bmy rozmow\u0119 z ks. W\u0142adys\u0142awem Z\u0105zlem, ks. bp. Tadeuszem Bronakowskim jak i z innymi bardzo \u017cyczliwymi lud\u017ami&nbsp; aby rozezna\u0107 wol\u0119 Bo\u017c\u0105, jak chce nas prowadzi\u0107 i okaza\u0142o si\u0119 \u017ce bardzo szybko Pan B\u00f3g przys\u0142a\u0142 rozwi\u0105zanie, pomys\u0142y, wskaza\u0142 miejsce i dobrych ludzi do pomocy.<\/span><\/p>\n<p><span style=\"font-size: 20px;\">Zosta\u0142a podj\u0119ta decyzja o organizowaniu Bieszczadzkiego Trze\u017awego Wesela u Kr\u00f3lowej Matki Pi\u0119knej Mi\u0142o\u015bci w Myczkowcach w dniu 19 sierpnia 2017 roku.<\/span><\/p>\n<p><span style=\"font-size: 20px;\">&nbsp;G\u0142\u00f3wnym organizatorem jest O\u015brodek Caritas w Myczkowcach i Stowarzyszenie Wesele Wesel z Kamesznicy.<\/span><\/p>\n<p><span style=\"font-size: 20px; color: #ff0000;\">Niech we wszystkim b\u0119dzie Pan B\u00f3g uwielbiony i nasza Matka Maryja Kr\u00f3lowa.<\/span><\/p>\n","protected":false},"excerpt":{"rendered":"<p>Historia &nbsp;powstania spotkania pod nazw\u0105&nbsp; &nbsp; Bieszczadzkie Trze\u017awe Wesele &nbsp; \u201e Nie ma przypadk\u00f3w wszystko jest sterowane przez Pana Boga\u201d Jan Pawe\u0142 II Kochani! Pan B\u00f3g po\u0142\u0105czy\u0142 nasze serca i drogi \u2013 \u0142\u0105cz\u0105c nas&nbsp; sakramentem ma\u0142\u017ce\u0144stwa&nbsp;&nbsp; 25 lat temu. Pob\u0142ogos\u0142awi\u0142 naszej mi\u0142o\u015bci i po chwilach pr\u00f3by i niepewno\u015bci &#8211; uczyni\u0142 j\u0105 p\u0142odn\u0105 obdarzaj\u0105c nas pi\u0105tk\u0105 [&hellip;]<\/p>\n","protected":false},"author":1,"featured_media":0,"parent":0,"menu_order":0,"comment_status":"closed","ping_status":"closed","template":"","meta":{"ngg_post_thumbnail":0,"footnotes":""},"class_list":["post-151","page","type-page","status-publish","hentry"],"_links":{"self":[{"href":"https:\/\/trzezwewesele.pl\/index.php\/wp-json\/wp\/v2\/pages\/151","targetHints":{"allow":["GET"]}}],"collection":[{"href":"https:\/\/trzezwewesele.pl\/index.php\/wp-json\/wp\/v2\/pages"}],"about":[{"href":"https:\/\/trzezwewesele.pl\/index.php\/wp-json\/wp\/v2\/types\/page"}],"author":[{"embeddable":true,"href":"https:\/\/trzezwewesele.pl\/index.php\/wp-json\/wp\/v2\/users\/1"}],"replies":[{"embeddable":true,"href":"https:\/\/trzezwewesele.pl\/index.php\/wp-json\/wp\/v2\/comments?post=151"}],"version-history":[{"count":2,"href":"https:\/\/trzezwewesele.pl\/index.php\/wp-json\/wp\/v2\/pages\/151\/revisions"}],"predecessor-version":[{"id":1187,"href":"https:\/\/trzezwewesele.pl\/index.php\/wp-json\/wp\/v2\/pages\/151\/revisions\/1187"}],"wp:attachment":[{"href":"https:\/\/trzezwewesele.pl\/index.php\/wp-json\/wp\/v2\/media?parent=151"}],"curies":[{"name":"wp","href":"https:\/\/api.w.org\/{rel}","templated":true}]}}