{"id":1437,"date":"2023-07-18T21:37:55","date_gmt":"2023-07-18T21:37:55","guid":{"rendered":"https:\/\/trzezwewesele.pl\/?page_id=1437"},"modified":"2023-08-06T20:44:11","modified_gmt":"2023-08-06T20:44:11","slug":"patronaty-viibtw","status":"publish","type":"page","link":"https:\/\/trzezwewesele.pl\/index.php\/vii-btw\/patronaty-viibtw\/","title":{"rendered":"Patronaty VIIBTW"},"content":{"rendered":"<p><strong><span style=\"font-size: 20px; color: #0000ff;\">Patronat honorowy:<\/span><\/strong><\/p>\n<p><span style=\"font-size: 20px; color: #ff0000;\">JE ks. Abp Adam Szal &#8211; Metropolita Przemyski.<\/span><\/p>\n<p><span style=\"font-size: 20px; color: #ff0000;\">JE ks. Bp Jan W\u0105troba \u2013 Ordynariusz Diecezji Rzeszowskiej<\/span><\/p>\n<p><span style=\"font-size: 20px; color: #ff0000;\">JE ks. Bp Tadeusz Bronakowski &#8211; Przewodnicz\u0105cy Zespo\u0142u Konferencji Episkopatu Polski d\/s Apostolstwa Trze\u017awo\u015bci i Os\u00f3b Uzale\u017cnionych.<\/span><\/p>\n<p><span style=\"font-size: 20px; color: #ff0000;\">W\u0142adys\u0142aw Ortyl \u2013 Marsza\u0142ek Wojew\u00f3dztwa Podkarpackiego<\/span><\/p>\n<p><span style=\"font-size: 20px; color: #ff0000;\">&nbsp;Andrzej Olesiuk \u2013 Starosta Leski<\/span><\/p>\n<p><span style=\"font-size: 20px; color: #ff0000;\">Stanis\u0142aw Ch\u0119\u0107 &#8211; Starosta Sanocki<\/span><\/p>\n<p><span style=\"font-size: 20px; color: #ff0000;\">Adam Pi\u0105tkowski \u2013 W\u00f3jt Gminy Solina<\/span><\/p>\n<p>&nbsp;<\/p>\n<p><strong><span style=\"font-size: 20px; color: #0000ff;\">Patronat medialny:<\/span><\/strong><\/p>\n<p><span style=\"font-size: 20px; color: #ff0000;\">Radio Via<\/span><\/p>\n<p><span style=\"font-size: 20px; color: #ff0000;\">Radio Fara<\/span><\/p>\n<p><span style=\"font-size: 20px; color: #ff0000;\">Nasz Dziennik<\/span><\/p>\n<p><span style=\"font-size: 20px; color: #ff0000;\">Mi\u0142ujcie si\u0119!<br \/>\n<\/span><\/p>\n<p><span style=\"font-size: 20px; color: #ff0000;\">Kwartalnik Bez Toastu<\/span><\/p>\n<p>&nbsp;<\/p>\n<p><strong><span style=\"font-size: 20px; color: #0000ff;\">Wsp\u00f3\u0142organizatorzy:<\/span><\/strong><\/p>\n<p><span style=\"font-size: 20px; color: #ff0000;\">Urz\u0105d Marsza\u0142kowski Wojew\u00f3dztwa Podkarpackiego<\/span><\/p>\n<p><span style=\"font-size: 20px; color: #ff0000;\">Regionalny O\u015brodek Polityki Spo\u0142ecznej w Rzeszowie<\/span><\/p>\n<p><span style=\"font-size: 20px; color: #ff0000;\">Stowarzyszenie Mi\u0142o\u015b\u0107 i Odpowiedzialno\u015b\u0107 oddz.Przemyski<\/span><\/p>\n<p><span style=\"font-size: 20px; color: #ff0000;\">Powiat Leski<\/span><\/p>\n<p><span style=\"font-size: 20px; color: #ff0000;\">Powiat Sanocki<\/span><\/p>\n<p><span style=\"font-size: 20px; color: #ff0000;\">Gmina Solina<\/span><\/p>\n<p><span style=\"font-size: 20px; color: #ff0000;\">Krajowe Centrum Przeciwdzia\u0142ania Uzale\u017cnieniom<\/span><\/p>\n<p><span style=\"font-size: 20px; color: #ff0000;\">Polskie Stowarzyszenie Obro\u0144c\u00f3w \u017bycia Cz\u0142owieka<\/span><\/p>\n<p><span style=\"font-size: 20px; color: #ff0000;\">Wydawnictwo Si\u00f3str Loretanek<\/span><\/p>\n<p><span style=\"font-size: 20px; color: #ff0000;\">Fundacja Ma\u0142ych St\u00f3pek<\/span><\/p>\n<p class=\"LC20lb MBeuO DKV0Md\"><span style=\"font-size: 20px; color: #ff0000;\">Edycja \u015awi\u0119tego Paw\u0142a &#8211; ksi\u0119garnia internetowa<\/span><\/p>\n","protected":false},"excerpt":{"rendered":"<p>Patronat honorowy: JE ks. Abp Adam Szal &#8211; Metropolita Przemyski. JE ks. Bp Jan W\u0105troba \u2013 Ordynariusz Diecezji Rzeszowskiej JE ks. Bp Tadeusz Bronakowski &#8211; Przewodnicz\u0105cy Zespo\u0142u Konferencji Episkopatu Polski d\/s Apostolstwa Trze\u017awo\u015bci i Os\u00f3b Uzale\u017cnionych. W\u0142adys\u0142aw Ortyl \u2013 Marsza\u0142ek Wojew\u00f3dztwa Podkarpackiego &nbsp;Andrzej Olesiuk \u2013 Starosta Leski Stanis\u0142aw Ch\u0119\u0107 &#8211; Starosta Sanocki Adam Pi\u0105tkowski \u2013 [&hellip;]<\/p>\n","protected":false},"author":1,"featured_media":0,"parent":1410,"menu_order":0,"comment_status":"closed","ping_status":"closed","template":"","meta":{"ngg_post_thumbnail":0,"footnotes":""},"class_list":["post-1437","page","type-page","status-publish","hentry"],"_links":{"self":[{"href":"https:\/\/trzezwewesele.pl\/index.php\/wp-json\/wp\/v2\/pages\/1437","targetHints":{"allow":["GET"]}}],"collection":[{"href":"https:\/\/trzezwewesele.pl\/index.php\/wp-json\/wp\/v2\/pages"}],"about":[{"href":"https:\/\/trzezwewesele.pl\/index.php\/wp-json\/wp\/v2\/types\/page"}],"author":[{"embeddable":true,"href":"https:\/\/trzezwewesele.pl\/index.php\/wp-json\/wp\/v2\/users\/1"}],"replies":[{"embeddable":true,"href":"https:\/\/trzezwewesele.pl\/index.php\/wp-json\/wp\/v2\/comments?post=1437"}],"version-history":[{"count":7,"href":"https:\/\/trzezwewesele.pl\/index.php\/wp-json\/wp\/v2\/pages\/1437\/revisions"}],"predecessor-version":[{"id":1458,"href":"https:\/\/trzezwewesele.pl\/index.php\/wp-json\/wp\/v2\/pages\/1437\/revisions\/1458"}],"up":[{"embeddable":true,"href":"https:\/\/trzezwewesele.pl\/index.php\/wp-json\/wp\/v2\/pages\/1410"}],"wp:attachment":[{"href":"https:\/\/trzezwewesele.pl\/index.php\/wp-json\/wp\/v2\/media?parent=1437"}],"curies":[{"name":"wp","href":"https:\/\/api.w.org\/{rel}","templated":true}]}}