{"id":1416,"date":"2023-07-14T20:03:51","date_gmt":"2023-07-14T20:03:51","guid":{"rendered":"https:\/\/trzezwewesele.pl\/?page_id=1416"},"modified":"2023-08-17T14:32:31","modified_gmt":"2023-08-17T14:32:31","slug":"viibtw-program","status":"publish","type":"page","link":"https:\/\/trzezwewesele.pl\/index.php\/vii-btw\/viibtw-program\/","title":{"rendered":"Program"},"content":{"rendered":"<p style=\"text-align: center;\"><strong><em>&nbsp;<span style=\"font-size: 24px; font-family: comic sans ms, sans-serif; color: #ff00ff;\">Proponowany program VII Bieszczadzkiego Trze\u017awego Wesela&nbsp; Myczkowce 2023<\/span><\/em><\/strong><\/p>\n<p>&nbsp;<\/p>\n<p><span style=\"font-size: 20px;\"><strong>9.00<\/strong> \u2013 Recepcja<\/span><\/p>\n<p><span style=\"font-size: 20px;\"><strong>10.00<\/strong> \u2013 Powitanie, zawi\u0105zanie wsp\u00f3lnoty<\/span><\/p>\n<p><span style=\"font-size: 20px;\"><strong>11.00<\/strong> \u2013 Konferencja \u2013 \u201eJak zerwa\u0107 z uzale\u017cnieniami (alkoholizm, narkotyki, pornografia &#8230;\u201d &#8211; ks. Marcin Duplaga <br \/>\n<\/span><\/p>\n<p><span style=\"font-size: 20px;\"><strong>12.00<\/strong> \u2013 Przerwa \u2013 kawa, herbata, ciasteczko<\/span><\/p>\n<p><span style=\"font-size: 20px;\"><strong>12.30<\/strong> \u2013 Konferencja \u2013\u2013 \u201eM\u0105dre wychowanie dzieci najlepsz\u0105 ochron\u0105 przed uzale\u017cnieniami&#8221; &#8211; mgr Aneta Mr\u00f3z &#8211; Ku\u017aniak<\/span><\/p>\n<p><span style=\"font-size: 20px;\"><strong>14.00<\/strong> \u2013 obiad \u2013 odpoczynek \u2013 czas dla ma\u0142\u017conk\u00f3w<\/span><\/p>\n<p><span style=\"font-size: 20px;\"><strong>15.00<\/strong> \u2013 Koronka do Bo\u017cego Mi\u0142osierdzia<\/span><\/p>\n<p><span style=\"font-size: 20px;\"><strong>15.00<\/strong> \u2013 \u201eDobra muzyka to zdrowa profilaktyka\u201d<\/span><\/p>\n<p><span style=\"font-size: 20px;\">Warsztaty muzyczno \u2013 taneczne prowadzone przez wodzirej\u00f3w po\u0142\u0105czone ze \u015bwiadectwami doros\u0142ych i ma\u0142\u017ce\u0144stw z Krucjaty Wyzwolenia Cz\u0142owieka a tak\u017ce \u015bwiadectwa ma\u0142\u017ce\u0144stw kt\u00f3re mia\u0142y wesele bezalkoholowe.<\/span><\/p>\n<p><span style=\"font-size: 20px;\"><strong>17.00<\/strong> &#8211; Kolacja<\/span><\/p>\n<p><span style=\"font-size: 20px;\"> <strong>18.30<\/strong>\u2013 Uroczysta Eucharystia z odnowieniem przyrzecze\u0144 ma\u0142\u017ce\u0144skich.<\/span><\/p>\n<p><span style=\"font-size: 20px;\">&nbsp;&nbsp;&nbsp;&nbsp;&nbsp;&nbsp;&nbsp;&nbsp;&nbsp;&nbsp;&nbsp;&nbsp;&nbsp;&nbsp;&nbsp;&nbsp;&nbsp;&nbsp; Uroczysty przemarsz do sali balowej<\/span><\/p>\n<p><span style=\"font-size: 20px;\"> <strong>19.30<\/strong>\u2013 Bezalkoholowy bal weselny prowadzony przez zawodowych wodzirej\u00f3w.&nbsp;<\/span><\/p>\n<p><span style=\"font-size: 20px;\"><strong>&nbsp;<\/strong><\/span><\/p>\n<p><span style=\"font-size: 20px;\"><strong>Program dla dzieci i m\u0142odzie\u017cy<\/strong><\/span><\/p>\n<p><span style=\"font-size: 20px;\"><strong>11.00 \u2013 14.00<\/strong><\/span><\/p>\n<p><span style=\"font-size: 20px;\">Wykonanie prac przez dzieci na konkurs plastyczny \u201eTrze\u017awa rodzina to fajna dru\u017cyna\u201d<\/span><\/p>\n<p><span style=\"font-size: 20px;\">Warsztaty muzyczno &#8211; taneczne prowadzone przez wodzirej\u00f3w.<\/span><\/p>\n","protected":false},"excerpt":{"rendered":"<p>&nbsp;Proponowany program VII Bieszczadzkiego Trze\u017awego Wesela&nbsp; Myczkowce 2023 &nbsp; 9.00 \u2013 Recepcja 10.00 \u2013 Powitanie, zawi\u0105zanie wsp\u00f3lnoty 11.00 \u2013 Konferencja \u2013 \u201eJak zerwa\u0107 z uzale\u017cnieniami (alkoholizm, narkotyki, pornografia &#8230;\u201d &#8211; ks. Marcin Duplaga 12.00 \u2013 Przerwa \u2013 kawa, herbata, ciasteczko 12.30 \u2013 Konferencja \u2013\u2013 \u201eM\u0105dre wychowanie dzieci najlepsz\u0105 ochron\u0105 przed uzale\u017cnieniami&#8221; &#8211; mgr Aneta Mr\u00f3z [&hellip;]<\/p>\n","protected":false},"author":1,"featured_media":0,"parent":1410,"menu_order":0,"comment_status":"closed","ping_status":"closed","template":"","meta":{"ngg_post_thumbnail":0,"footnotes":""},"class_list":["post-1416","page","type-page","status-publish","hentry"],"_links":{"self":[{"href":"https:\/\/trzezwewesele.pl\/index.php\/wp-json\/wp\/v2\/pages\/1416","targetHints":{"allow":["GET"]}}],"collection":[{"href":"https:\/\/trzezwewesele.pl\/index.php\/wp-json\/wp\/v2\/pages"}],"about":[{"href":"https:\/\/trzezwewesele.pl\/index.php\/wp-json\/wp\/v2\/types\/page"}],"author":[{"embeddable":true,"href":"https:\/\/trzezwewesele.pl\/index.php\/wp-json\/wp\/v2\/users\/1"}],"replies":[{"embeddable":true,"href":"https:\/\/trzezwewesele.pl\/index.php\/wp-json\/wp\/v2\/comments?post=1416"}],"version-history":[{"count":13,"href":"https:\/\/trzezwewesele.pl\/index.php\/wp-json\/wp\/v2\/pages\/1416\/revisions"}],"predecessor-version":[{"id":1460,"href":"https:\/\/trzezwewesele.pl\/index.php\/wp-json\/wp\/v2\/pages\/1416\/revisions\/1460"}],"up":[{"embeddable":true,"href":"https:\/\/trzezwewesele.pl\/index.php\/wp-json\/wp\/v2\/pages\/1410"}],"wp:attachment":[{"href":"https:\/\/trzezwewesele.pl\/index.php\/wp-json\/wp\/v2\/media?parent=1416"}],"curies":[{"name":"wp","href":"https:\/\/api.w.org\/{rel}","templated":true}]}}