{"id":139,"date":"2020-03-20T20:16:08","date_gmt":"2020-03-20T20:16:08","guid":{"rendered":"http:\/\/trzezwewesele.pl\/?page_id=139"},"modified":"2024-09-10T18:11:56","modified_gmt":"2024-09-10T18:11:56","slug":"modlitwa","status":"publish","type":"page","link":"https:\/\/trzezwewesele.pl\/index.php\/modlitwa\/","title":{"rendered":"Modlitwa"},"content":{"rendered":"<p><span style=\"font-size: 20px;\"><img loading=\"lazy\" decoding=\"async\" class=\"wp-image-140  alignleft\" src=\"https:\/\/trzezwewesele.pl\/wp-content\/uploads\/2020\/03\/Matka-Boza-651x1024.jpg\" alt=\"\" width=\"406\" height=\"639\" srcset=\"https:\/\/trzezwewesele.pl\/wp-content\/uploads\/2020\/03\/Matka-Boza-651x1024.jpg 651w, https:\/\/trzezwewesele.pl\/wp-content\/uploads\/2020\/03\/Matka-Boza-191x300.jpg 191w, https:\/\/trzezwewesele.pl\/wp-content\/uploads\/2020\/03\/Matka-Boza-768x1207.jpg 768w, https:\/\/trzezwewesele.pl\/wp-content\/uploads\/2020\/03\/Matka-Boza-977x1536.jpg 977w, https:\/\/trzezwewesele.pl\/wp-content\/uploads\/2020\/03\/Matka-Boza-1303x2048.jpg 1303w, https:\/\/trzezwewesele.pl\/wp-content\/uploads\/2020\/03\/Matka-Boza-scaled.jpg 1629w\" sizes=\"auto, (max-width: 406px) 100vw, 406px\" \/><span style=\"font-family: book antiqua, palatino, serif; color: #993300;\">&#8220;Pielgrzymie, przyszed\u0142e\u015b to swojej Matki, kt\u00f3ra na Ciebie tutaj czeka, m\u00f3w&nbsp;do Jej serca, Ona Ciebie s\u0142yszy, s\u0142yszy ka\u017cde twoje ciche westchnienie, widzi ka\u017cd\u0105 twoj\u0105 trosk\u0119 i \u0142z\u0119, oddaj Jej wszystko i pro\u015b jak dziecko prosi swoj\u0105 ukochan\u0105 Mamusi\u0119. M\u00f3w do Niej jak do najlepszej i czu\u0142ej Matki swoimi s\u0142owami, swoimi &#8220;my\u015blami&#8221;, rozmawiaj z Ni\u0105 jak z najbardziej ukochan\u0105 osob\u0105. Ona na pewno odpowie Ci, mo\u017cesz J\u0105 us\u0142ysze\u0107, mo\u017cesz do\u015bwiadczy\u0107 Jej opieki w faktach, kt\u00f3re mog\u0105 nast\u0105pi\u0107, a je\u015bli ich nie b\u0119dzie, na pewno nie odejdziesz z tego miejsca bez umocnienia, bez pomocy do ud\u017awigni\u0119cia wszystkiego co niesie \u017cycie<em>. &#8220;M\u00f3dl si\u0119, ufaj i nie upadaj na<\/em> <em>duchu&#8221;<\/em> &#8211; te s\u0142owa wielkiego Czciciela Matki Naj\u015bwi\u0119tszej, \u015bwi\u0119tego Ojca Pio niech przypominaj\u0105 Tobie o Jej matczynej opiece w ca\u0142ej ziemskiej w\u0119dr\u00f3wce do Nieba. To miejsce jest wyj\u0105tkowe, przekonasz si\u0119 o tym Ty i przekona si\u0119 o tym \u015bwiat. Dzi\u0119kuj Kr\u00f3lowej i Matce Pi\u0119knej Mi\u0142o\u015bci, za Jej mi\u0142o\u015b\u0107 do naszego narodu, \u017ce znowu wybra\u0142a nowe miejsce na Polskiej ziemi, aby ratowa\u0107 nasz\u0105 umi\u0142owan\u0105 Ojczyzn\u0119 i poprowadzi\u0107 nas ku \u015bwiat\u0142u swego Syna, bo tylko On jest Drog\u0105, Prawd\u0105 i \u017byciem.&nbsp;&nbsp;&nbsp;<\/span><\/span><\/p>\n<p>&nbsp;<\/p>\n<p><span style=\"color: #ff0000;\"><span style=\"font-size: 20px;\"><u>Modlitwa przed figur\u0105 <\/u><\/span><span style=\"font-size: 20px;\"><u>Kr\u00f3lowej i<\/u> <u>Matki Pi\u0119knej Mi\u0142o\u015bci<\/u><\/span><\/span><\/p>\n<p><span style=\"font-size: 20px;\">&nbsp;&nbsp;&nbsp;&nbsp;&nbsp;<span style=\"color: #000080;\">&nbsp;&nbsp;&nbsp; O Kr\u00f3lowo i Matko Pi\u0119knej Mi\u0142o\u015bci, czczona w tej \u015bwi\u0119tej figurze, wpatruj\u0119 si\u0119 w Twoje oblicze, w Twoje kochaj\u0105ce serce. Jeste\u015b pi\u0119kna jak Kr\u00f3lowa i uwa\u017cna jak najtroskliwsza Matka. Spogl\u0105dasz na mnie, czekasz na moje wyznanie, s\u0142uchasz i zach\u0119casz:&nbsp;<\/span><\/span><\/p>\n<p><span style=\"font-size: 20px; color: #000080;\">&nbsp;&nbsp;&nbsp;&nbsp;&nbsp;&nbsp;&nbsp; \u201e<em>Przyjd\u017acie do Mego macierzy\u0144skiego serca, gdy jeste\u015bcie smutni, przygn\u0119bieni i gdy wiele cierpicie. Gdy szatan b\u0119dzie was kusi\u0142 do niewiary i zasiewa\u0142 w\u0105tpliwo\u015bci w waszych sercach,&nbsp; przyjd\u017acie do&nbsp; Mnie jako do Matki Bo\u017cego Syna, Matki Pi\u0119knej Mi\u0142o\u015bci\u201d.<\/em><\/span><\/p>\n<p><span style=\"font-size: 20px; color: #000080;\">&nbsp;&nbsp;&nbsp;&nbsp;&nbsp;&nbsp;&nbsp;&nbsp;&nbsp; A wi\u0119c przychodz\u0119. Jestem przed Tob\u0105 w miejscu, kt\u00f3re sama wybra\u0142a\u015b i z ca\u0142ym zaufaniem&nbsp; otwieram swe serce. Przynosz\u0119 Ci moje rado\u015bci i moje smutki, b\u00f3l i udr\u0119k\u0119, dobre czyny, kt\u00f3rych wci\u0105\u017c tak ma\u0142o, i moje wady, s\u0142abo\u015bci i grzechy, kt\u00f3rych tak wiele. Ale Ty jeste\u015b Matk\u0105&nbsp;Mi\u0142osierdzia, Matk\u0105 Pi\u0119knej Mi\u0142o\u015bci. Przy Tobie ucisza si\u0119 moje serce.<\/span><\/p>\n<p><span style=\"font-size: 20px; color: #000080;\">&nbsp;&nbsp;&nbsp;&nbsp;&nbsp;&nbsp;&nbsp;&nbsp; Naj\u0142askawsza, najlito\u015bciwsza, s\u0142odka Panno Maryjo, wiem, \u017ce z ca\u0142ym zaufaniem mog\u0119 si\u0119 Tobie powierzy\u0107. Zbli\u017cam si\u0119 wi\u0119c do Ciebie jak dziecko do najlepszej Matki i b\u0142agam, by\u015b wyjedna\u0142a u Swego umi\u0142owanego Syna mi\u0142osierdzie i \u0142ask\u0119 o kt\u00f3r\u0105 Ciebie prosz\u0119 ( <em>tu wymieni\u0107 intencj\u0119<\/em>&#8230;&#8230;.).&nbsp; Wiem, \u017ce nie odejd\u0119 st\u0105d bez Twojej Matczynej pomocy.&nbsp;&nbsp;&nbsp;&nbsp;&nbsp; Zdaj\u0119 si\u0119 na wol\u0119 Twego Syna, bo wierz\u0119, \u017ce On&nbsp;kochaj\u0105c mnie, zawsze chce dla mnie tylko dobra. Niech si\u0119 wi\u0119c dzieje Jego wola, abym po czasie ziemskiej pielgrzymki znalaz\u0142(a) si\u0119 w Kr\u00f3lestwie wiecznej mi\u0142o\u015bci i wiecznego szcz\u0119\u015bcia.<\/span><\/p>\n<p><span style=\"font-size: 20px; color: #000080;\">&nbsp;&nbsp;&nbsp;&nbsp;&nbsp;&nbsp;&nbsp;&nbsp; Maryjo,&nbsp;Ty\u015b&nbsp;Kr\u00f3low\u0105 i Matk\u0105&nbsp;Pi\u0119knej Mi\u0142o\u015bci, Ty\u015b Kr\u00f3low\u0105 mego serca,&nbsp;b\u0105d\u017a ze Mn\u0105 w ka\u017cdy czas, prowad\u017a mnie drog\u0105 mi\u0142o\u015bci i pozw\u00f3l upodobni\u0107 si\u0119 do Ciebie, aby tak jak w Twoim \u017cyciu wola najlepszego Ojca, kt\u00f3ry jest w Niebie&nbsp; sta\u0142a si\u0119 r\u00f3wnie\u017c moj\u0105 wol\u0105. Kr\u00f3lowo i Matko Pi\u0119knej Mi\u0142o\u015bci m\u00f3dl si\u0119 za nami! Amen.<\/span><\/p>\n<p><span style=\"font-size: 20px; color: #ff0000;\">Modlitwa<\/span><\/p>\n<p><span style=\"font-size: 20px;\"><span style=\"color: #008000;\">W intencji Bieszczadzkiego Trze\u017awego Wesela z pro\u015bb\u0105 o potrzebne \u0142aski dla uczestnik\u00f3w i organizator\u00f3w s\u0105 odprawiane Msze \u015awi\u0119te Wieczyste na Jasnej G\u00f3rze w Cz\u0119stochowie.<\/span><\/span><\/p>\n<p><span style=\"font-size: 20px; color: #008000;\">W intencji Bieszczadzkiego Trze\u017awego Wesela z pro\u015bb\u0105 o potrzebne \u0142aski dla uczestnik\u00f3w i organizator\u00f3w zosta\u0142a odprawiona msza \u015bwi\u0119ta w Sanktuarium Matki Bo\u017cej Selety\u0144skiej w D\u0119bowcu.<\/span><\/p>\n<p><span style=\"font-size: 20px;\"><span style=\"color: #008000;\">W intencji Bieszczadzkiego Trze\u017awego Wesela z pro\u015bb\u0105 o potrzebne \u0142aski dla uczestnik\u00f3w i organizator\u00f3w zosta\u0142a odprawiona msza \u015bwi\u0119ta w Kaplicy Radia Maryja w Toruniu.<\/span><\/span><\/p>\n<p><span style=\"font-size: 20px; color: #008000;\">W intencji Bieszczadzkiego Trze\u017awego Wesela z pro\u015bb\u0105 o potrzebne \u0142aski dla uczestnik\u00f3w i organizator\u00f3w modl\u0105 si\u0119 siostry Benedyktynki <\/span><\/p>\n<p><span style=\"font-size: 20px; color: #008000;\">W intencji Bieszczadzkiego Trze\u017awego Wesela z pro\u015bb\u0105 o potrzebne \u0142aski dla uczestnik\u00f3w i organizator\u00f3w modl\u0105 si\u0119 siostry Michalitki <\/span><\/p>\n<p><span style=\"font-size: 20px; color: #008000;\">W intencji Bieszczadzkiego Trze\u017awego Wesela z pro\u015bb\u0105 o potrzebne \u0142aski dla uczestnik\u00f3w i organizator\u00f3w zosta\u0142a odprawiona msza \u015bwi\u0119ta w Sanktuarium w Kalwarii Pac\u0142awskiej.<\/span><\/p>\n<p><span style=\"font-size: 20px; color: #008000;\">W intencji Bieszczadzkiego Trze\u017awego Wesela z pro\u015bb\u0105 o potrzebne \u0142aski dla uczestnik\u00f3w i organizator\u00f3w zosta\u0142a odprawiona msza \u015bwi\u0119ta w Sanktuarium w D\u0119bowcu.<\/span><\/p>\n","protected":false},"excerpt":{"rendered":"<p>&#8220;Pielgrzymie, przyszed\u0142e\u015b to swojej Matki, kt\u00f3ra na Ciebie tutaj czeka, m\u00f3w&nbsp;do Jej serca, Ona Ciebie s\u0142yszy, s\u0142yszy ka\u017cde twoje ciche westchnienie, widzi ka\u017cd\u0105 twoj\u0105 trosk\u0119 i \u0142z\u0119, oddaj Jej wszystko i pro\u015b jak dziecko prosi swoj\u0105 ukochan\u0105 Mamusi\u0119. M\u00f3w do Niej jak do najlepszej i czu\u0142ej Matki swoimi s\u0142owami, swoimi &#8220;my\u015blami&#8221;, rozmawiaj z Ni\u0105 jak [&hellip;]<\/p>\n","protected":false},"author":1,"featured_media":0,"parent":0,"menu_order":0,"comment_status":"closed","ping_status":"closed","template":"","meta":{"ngg_post_thumbnail":0,"footnotes":""},"class_list":["post-139","page","type-page","status-publish","hentry"],"_links":{"self":[{"href":"https:\/\/trzezwewesele.pl\/index.php\/wp-json\/wp\/v2\/pages\/139","targetHints":{"allow":["GET"]}}],"collection":[{"href":"https:\/\/trzezwewesele.pl\/index.php\/wp-json\/wp\/v2\/pages"}],"about":[{"href":"https:\/\/trzezwewesele.pl\/index.php\/wp-json\/wp\/v2\/types\/page"}],"author":[{"embeddable":true,"href":"https:\/\/trzezwewesele.pl\/index.php\/wp-json\/wp\/v2\/users\/1"}],"replies":[{"embeddable":true,"href":"https:\/\/trzezwewesele.pl\/index.php\/wp-json\/wp\/v2\/comments?post=139"}],"version-history":[{"count":13,"href":"https:\/\/trzezwewesele.pl\/index.php\/wp-json\/wp\/v2\/pages\/139\/revisions"}],"predecessor-version":[{"id":1782,"href":"https:\/\/trzezwewesele.pl\/index.php\/wp-json\/wp\/v2\/pages\/139\/revisions\/1782"}],"wp:attachment":[{"href":"https:\/\/trzezwewesele.pl\/index.php\/wp-json\/wp\/v2\/media?parent=139"}],"curies":[{"name":"wp","href":"https:\/\/api.w.org\/{rel}","templated":true}]}}