{"id":1247,"date":"2022-11-11T22:06:58","date_gmt":"2022-11-11T22:06:58","guid":{"rendered":"https:\/\/trzezwewesele.pl\/?page_id=1247"},"modified":"2022-11-11T22:27:08","modified_gmt":"2022-11-11T22:27:08","slug":"vibtw-wspomnienia","status":"publish","type":"page","link":"https:\/\/trzezwewesele.pl\/index.php\/vi-bieszczadzkie-trzezwe-wesele\/vibtw-wspomnienia\/","title":{"rendered":"VIBTW &#8211; Wspomnienia"},"content":{"rendered":"<p style=\"text-align: center;\"><span style=\"font-size: 20px;\"><img loading=\"lazy\" decoding=\"async\" class=\"size-medium wp-image-1248 alignleft\" src=\"https:\/\/trzezwewesele.pl\/wp-content\/uploads\/2022\/11\/DSC_0129-300x200.jpg\" alt=\"\" width=\"300\" height=\"200\" srcset=\"https:\/\/trzezwewesele.pl\/wp-content\/uploads\/2022\/11\/DSC_0129-300x200.jpg 300w, https:\/\/trzezwewesele.pl\/wp-content\/uploads\/2022\/11\/DSC_0129-1024x683.jpg 1024w, https:\/\/trzezwewesele.pl\/wp-content\/uploads\/2022\/11\/DSC_0129-768x512.jpg 768w, https:\/\/trzezwewesele.pl\/wp-content\/uploads\/2022\/11\/DSC_0129-1536x1025.jpg 1536w, https:\/\/trzezwewesele.pl\/wp-content\/uploads\/2022\/11\/DSC_0129-2048x1367.jpg 2048w\" sizes=\"auto, (max-width: 300px) 100vw, 300px\" \/>&nbsp;&nbsp;&nbsp;&nbsp;&nbsp;&nbsp;&nbsp;<span style=\"font-size: 24px;\"><strong><span style=\"color: #ff0000;\"> Ku trze\u017awo\u015bci Rodziny i Narodu<\/span><\/strong><\/span><\/span><\/p>\n<p><span style=\"font-size: 20px;\">W dniu 22&nbsp; sierpnia 2022 roku&nbsp; w O\u015brodku CARITAS&nbsp; w Myczkowcach&nbsp;&nbsp; odby\u0142o si\u0119&nbsp; VI Bieszczadzkie T rze\u017awe Wesele.&nbsp; Spotkanie to zgromadzi\u0142o wiele wspania\u0142ych, radosnych i odwa\u017cnych ma\u0142\u017ce\u0144stw i rodzin, kt\u00f3re swoj\u0105 obecno\u015b\u0107 zawierzy\u0142y Kr\u00f3lowej Matce Pi\u0119knej Mi\u0142o\u015bci.<\/span><\/p>\n<p><span style=\"font-size: 20px;\">&nbsp; Dla wielu z nas by\u0142 to czas wyczekiwany, a szczeg<\/span><span style=\"font-size: 20px;\">\u00f3lnie czeka\u0142y na te dni nasze kochane dzieciak<\/span><span style=\"font-size: 20px;\">i. <\/span><span style=\"font-size: 20px;\">Na BTW mo\u017cemy oderwa\u0107 si\u0119 od codziennego po\u015bpiechu i <\/span><span style=\"font-size: 20px;\"><img loading=\"lazy\" decoding=\"async\" class=\"size-medium wp-image-1260 alignright\" src=\"https:\/\/trzezwewesele.pl\/wp-content\/uploads\/2022\/11\/DSC_0144-300x200.jpg\" alt=\"\" width=\"300\" height=\"200\" srcset=\"https:\/\/trzezwewesele.pl\/wp-content\/uploads\/2022\/11\/DSC_0144-300x200.jpg 300w, https:\/\/trzezwewesele.pl\/wp-content\/uploads\/2022\/11\/DSC_0144-1024x683.jpg 1024w, https:\/\/trzezwewesele.pl\/wp-content\/uploads\/2022\/11\/DSC_0144-768x512.jpg 768w, https:\/\/trzezwewesele.pl\/wp-content\/uploads\/2022\/11\/DSC_0144-1536x1025.jpg 1536w, https:\/\/trzezwewesele.pl\/wp-content\/uploads\/2022\/11\/DSC_0144-2048x1367.jpg 2048w\" sizes=\"auto, (max-width: 300px) 100vw, 300px\" \/><\/span><span style=\"font-size: 20px;\">zabiegania, poby\u0107 z lud\u017ami kt\u00f3rzy podobnie my\u015bl\u0105 czyli <\/span><span style=\"font-size: 20px;\">mi\u0142o sp\u0119dzi\u0107 czas oczywi\u015bcie na trze\u017awo.<\/span><\/p>\n<p><span style=\"font-size: 20px;\">Spotkanie rozpocz\u0105\u0142 ks. Bogdan J<\/span><span style=\"font-size: 20px;\">anik dyrektor O\u015brodka CARITAS w Myczkowcach witaj\u0105c wszystkich uczestnik\u00f3<\/span><span style=\"font-size: 20px;\">w <\/span><span style=\"font-size: 20px;\">bardzo serdecznie w imieniu organizator\u00f3w i w<\/span><span style=\"font-size: 20px;\">sp\u00f3\u0142organizator\u00f3w.&nbsp;&nbsp;<\/span><\/p>\n<p><span style=\"font-size: 20px;\"><img loading=\"lazy\" decoding=\"async\" class=\"size-medium wp-image-1250 alignleft\" src=\"https:\/\/trzezwewesele.pl\/wp-content\/uploads\/2022\/11\/DSC_0184-300x200.jpg\" alt=\"\" width=\"300\" height=\"200\" srcset=\"https:\/\/trzezwewesele.pl\/wp-content\/uploads\/2022\/11\/DSC_0184-300x200.jpg 300w, https:\/\/trzezwewesele.pl\/wp-content\/uploads\/2022\/11\/DSC_0184-1024x683.jpg 1024w, https:\/\/trzezwewesele.pl\/wp-content\/uploads\/2022\/11\/DSC_0184-768x512.jpg 768w, https:\/\/trzezwewesele.pl\/wp-content\/uploads\/2022\/11\/DSC_0184-1536x1025.jpg 1536w, https:\/\/trzezwewesele.pl\/wp-content\/uploads\/2022\/11\/DSC_0184-2048x1367.jpg 2048w\" sizes=\"auto, (max-width: 300px) 100vw, 300px\" \/><\/span><span style=\"font-size: 20px;\">Po zawi\u0105zaniu wsp\u00f3lnoty wys\u0142uchali\u015bmy konferencji o. Marka Grzelczaka na temat \u201eKorzy\u015bci trze\u017awego \u017cycia\u201d. O. Marek przedstawi\u0142 nam wiele korzy\u015bci jakie niesie ze sob\u0105 trze\u017awe \u017cycie. Szczeg\u00f3ln\u0105 korzy\u015bci\u0105 na kt\u00f3r\u0105 zwr\u00f3ci\u0142 uwag\u0119 jest trze\u017awy umys\u0142, n<\/span><span style=\"font-size: 20px;\">ieograniczony alkoholem, ca\u0142y czas \u015bwiadomy i mocno pracuj\u0105cy.<\/span><\/p>\n<p><span style=\"font-size: 20px;\">Mi<\/span><span style=\"font-size: 20px;\">eli\u015bmy t<\/span><span style=\"font-size: 20px;\">e\u017c przyjemno\u015b\u0107 pos\u0142ucha\u0107 konferencji pani Anety Mr\u00f3z \u2013 Ku\u017aniak \u201eDziecko w szponach uzale\u017cnienia \u2013 diagnoza, drogi wyj\u015bcia\u201d. Rodzice mieli szans\u0119 dowiedzie\u0107 si\u0119 o uzale\u017cnieniach behawioralnych \u2013 jak je rozpozna\u0107, leczy\u0107. Najbardziej uniwersaln\u0105 metod\u0105 kt\u00f3ra chroni dziecko przed uzale\u017cnieniami jest mi\u0142o\u015b\u0107 rodzic\u00f3w i po\u015bwi\u0119cony dziecku czas.<\/span><span style=\"font-size: 20px;\"><img loading=\"lazy\" decoding=\"async\" class=\"size-medium wp-image-1249 alignright\" src=\"https:\/\/trzezwewesele.pl\/wp-content\/uploads\/2022\/11\/DSC_0187-300x200.jpg\" alt=\"\" width=\"300\" height=\"200\" srcset=\"https:\/\/trzezwewesele.pl\/wp-content\/uploads\/2022\/11\/DSC_0187-300x200.jpg 300w, https:\/\/trzezwewesele.pl\/wp-content\/uploads\/2022\/11\/DSC_0187-1024x683.jpg 1024w, https:\/\/trzezwewesele.pl\/wp-content\/uploads\/2022\/11\/DSC_0187-768x512.jpg 768w, https:\/\/trzezwewesele.pl\/wp-content\/uploads\/2022\/11\/DSC_0187-1536x1025.jpg 1536w, https:\/\/trzezwewesele.pl\/wp-content\/uploads\/2022\/11\/DSC_0187-2048x1367.jpg 2048w\" sizes=\"auto, (max-width: 300px) 100vw, 300px\" \/><\/span><\/p>\n<p><span style=\"font-size: 20px;\">Po smacznym obiedzie i Koronce do Bo\u017cego mi\u0142osierdzia swoj\u0105 drog\u0105 do trze\u017awo\u015bci i we<\/span><span style=\"font-size: 20px;\">sela bezalkoholowego podzielili si\u0119 z nami Dorota i Wojciech. Przedziwne jest jak m<\/span><span style=\"font-size: 20px;\">o\u017cna du\u017co osi\u0105gn\u0105\u0107 zawierzaj\u0105c si\u0119 Bogu i Matce Naj\u015bwi\u0119tszej.<\/span><\/p>\n<p><span style=\"font-size: 20px;\">Kolejnym punktem programu by\u0142a <\/span><span style=\"font-size: 20px;\">mo\u017cliwo\u015b\u0107 indywidualnej rozmowy z naszymi prelegent<\/span><span style=\"font-size: 20px;\">ami, czyli rozmowy zwi\u0105zane z wiar\u0105, \u017cyciem, trudno\u015bciami, rado\u015bciami.<\/span><\/p>\n<p><span style=\"font-size: 20px;\">N<\/span><span style=\"font-size: 20px;\"><img loading=\"lazy\" decoding=\"async\" class=\"size-medium wp-image-1251 alignleft\" src=\"https:\/\/trzezwewesele.pl\/wp-content\/uploads\/2022\/11\/DSC_0207-300x200.jpg\" alt=\"\" width=\"300\" height=\"200\" srcset=\"https:\/\/trzezwewesele.pl\/wp-content\/uploads\/2022\/11\/DSC_0207-300x200.jpg 300w, https:\/\/trzezwewesele.pl\/wp-content\/uploads\/2022\/11\/DSC_0207-1024x683.jpg 1024w, https:\/\/trzezwewesele.pl\/wp-content\/uploads\/2022\/11\/DSC_0207-768x512.jpg 768w, https:\/\/trzezwewesele.pl\/wp-content\/uploads\/2022\/11\/DSC_0207-1536x1025.jpg 1536w, https:\/\/trzezwewesele.pl\/wp-content\/uploads\/2022\/11\/DSC_0207-2048x1367.jpg 2048w\" sizes=\"auto, (max-width: 300px) 100vw, 300px\" \/><\/span><span style=\"font-size: 20px;\">asze pociechy mia\u0142<\/span><span style=\"font-size: 20px;\">y<\/span><span style=\"font-size: 20px;\"> sw\u00f3j program i za\u017cywa\u0142y \u015bwietnej zabawy pod opiek\u0105 wodzirej\u00f3w, animatorek i opiekun\u00f3w. Zabawy na \u015bwie\u017cym powietrzu, udzia\u0142 w r\u00f3\u017cnych konkursach, <\/span><span style=\"font-size: 20px;\">zabawach i grach wype\u0142nia\u0142y ca\u0142y o\u015brodek rado\u015bci\u0105 i \u015bmiechem, kt\u00f3ry udziela\u0142 si\u0119 wszystkim uczestnikom.<\/span><\/p>\n<p><span style=\"font-size: 20px;\">Dzieci bra\u0142y udzia\u0142 w konkursie plastycznym na temat \u201d Trze\u017awa rodzina to fajna dru\u017cyna\u201d i wykona\u0142y przepi\u0119kne prace za kt\u00f3re otrzyma\u0142y cenne nagrody, ufundowane przez gmin\u0119 Solina i Starostwo Powiatowe w Lesku.<\/span><\/p>\n<p><span style=\"font-size: 20px;\"><img loading=\"lazy\" decoding=\"async\" class=\"size-medium wp-image-1252 alignright\" src=\"https:\/\/trzezwewesele.pl\/wp-content\/uploads\/2022\/11\/DSC_0359-300x200.jpg\" alt=\"\" width=\"300\" height=\"200\" srcset=\"https:\/\/trzezwewesele.pl\/wp-content\/uploads\/2022\/11\/DSC_0359-300x200.jpg 300w, https:\/\/trzezwewesele.pl\/wp-content\/uploads\/2022\/11\/DSC_0359-1024x683.jpg 1024w, https:\/\/trzezwewesele.pl\/wp-content\/uploads\/2022\/11\/DSC_0359-768x512.jpg 768w, https:\/\/trzezwewesele.pl\/wp-content\/uploads\/2022\/11\/DSC_0359-1536x1025.jpg 1536w, https:\/\/trzezwewesele.pl\/wp-content\/uploads\/2022\/11\/DSC_0359-2048x1367.jpg 2048w\" sizes=\"auto, (max-width: 300px) 100vw, 300px\" \/><\/span><span style=\"font-size: 20px;\">Nareszcie przyszed\u0142 czas na zabaw\u0119 \u201eDobra muzyka to zdrowa profilaktyka\u201d i poszli\u015bmy w tany oczywi\u015bcie pod czujnym okiem naszej pani wodzirej Kasi. By\u0142 to przedsmak balu jaki odby\u0142 si\u0119 po mszy \u015bw.<\/span><\/p>\n<p><span style=\"font-size: 20px;\">&nbsp;<\/span><span style=\"font-size: 20px;\">Cent<\/span><span style=\"font-size: 20px;\">rum spot<\/span><span style=\"font-size: 20px;\">kania dla wszystkich by\u0142a uroczysta Eu<\/span><span style=\"font-size: 20px;\">charystia, kt\u00f3rej przewodniczy\u0142 Ks. bp. Stanis\u0142aw Jamrozek z Przemy\u015bla a <\/span><span style=\"font-size: 20px;\"><img loading=\"lazy\" decoding=\"async\" class=\"size-medium wp-image-1259 alignleft\" src=\"https:\/\/trzezwewesele.pl\/wp-content\/uploads\/2022\/11\/DSC_0388-300x200.jpg\" alt=\"\" width=\"300\" height=\"200\" srcset=\"https:\/\/trzezwewesele.pl\/wp-content\/uploads\/2022\/11\/DSC_0388-300x200.jpg 300w, https:\/\/trzezwewesele.pl\/wp-content\/uploads\/2022\/11\/DSC_0388-1024x683.jpg 1024w, https:\/\/trzezwewesele.pl\/wp-content\/uploads\/2022\/11\/DSC_0388-768x512.jpg 768w, https:\/\/trzezwewesele.pl\/wp-content\/uploads\/2022\/11\/DSC_0388-1536x1025.jpg 1536w, https:\/\/trzezwewesele.pl\/wp-content\/uploads\/2022\/11\/DSC_0388-2048x1367.jpg 2048w\" sizes=\"auto, (max-width: 300px) 100vw, 300px\" \/><\/span><span style=\"font-size: 20px;\">animowa\u0142 \u015bpiew zesp\u00f3\u0142 \u201e\u015awiat\u0142o Uwielbienia\u201d.&nbsp;&nbsp;&nbsp;&nbsp;&nbsp;&nbsp;<\/span><\/p>\n<p><span style=\"font-size: 20px;\">Po wyg\u0142oszonej przez ks. Biskupa homilii nast\u0105pi\u0142o uroczyste odnowienie przyrzecze\u0144 ma\u0142\u017ce\u0144skich. Ma\u0142\u017conkowie stoj\u0105c naprzeciwko siebie na \u015brodku ko\u015bcio\u0142a odnawiali swoje \u015blubowanie:<\/span><\/p>\n<p><span style=\"font-size: 20px;\"><img loading=\"lazy\" decoding=\"async\" class=\"size-medium wp-image-1253 alignright\" src=\"https:\/\/trzezwewesele.pl\/wp-content\/uploads\/2022\/11\/DSC_0429-300x200.jpg\" alt=\"\" width=\"300\" height=\"200\" srcset=\"https:\/\/trzezwewesele.pl\/wp-content\/uploads\/2022\/11\/DSC_0429-300x200.jpg 300w, https:\/\/trzezwewesele.pl\/wp-content\/uploads\/2022\/11\/DSC_0429-1024x683.jpg 1024w, https:\/\/trzezwewesele.pl\/wp-content\/uploads\/2022\/11\/DSC_0429-768x512.jpg 768w, https:\/\/trzezwewesele.pl\/wp-content\/uploads\/2022\/11\/DSC_0429-1536x1025.jpg 1536w, https:\/\/trzezwewesele.pl\/wp-content\/uploads\/2022\/11\/DSC_0429-2048x1367.jpg 2048w\" sizes=\"auto, (max-width: 300px) 100vw, 300px\" \/>\u201eMaj\u0105c Boga w sercu w obecno\u015bci ko\u015bcio\u0142a i naszych dzieci \u2013 ponawiam wobec C<\/span><span style=\"font-size: 20px;\">iebie \u2013 swoje \u015bluby ma\u0142\u017ce\u0144skie \u2013<\/span><span style=\"font-size: 20px;\"> jeszcze raz \u015blubuj\u0119 Ci mi\u0142o\u015b\u0107 \u2013 wierno\u015b\u0107 \u2013 i uczciwo\u015b\u0107 ma\u0142\u017ce\u0144sk\u0105 \u2013 oraz \u017ce Ci\u0119 nie opuszcz\u0119 \u2013 a\u017c do \u015bmierci \u2013 do\u0142o\u017c\u0119 stara\u0144 \u2013 by w naszym \u017cyciu rodzinnym \u2013 przebywa\u0142 Chrystus \u2013 niech B\u00f3g nam b\u0142ogos\u0142awi Amen\u201d. Po nim \u017cony otrzyma\u0142y czerwon\u0105 r\u00f3\u017c\u0119 znak mi\u0142o\u015bci a m\u0119\u017cowie uca\u0142owali \u015blubn\u0105 obr\u0105czk\u0119 swojej \u017cony, oczywi\u015bcie ze wzajemno\u015bci\u0105.<\/span><\/p>\n<p><span style=\"font-size: 20px;\"><img loading=\"lazy\" decoding=\"async\" class=\"size-medium wp-image-1254 alignleft\" src=\"https:\/\/trzezwewesele.pl\/wp-content\/uploads\/2022\/11\/DSC_0514-300x200.jpg\" alt=\"\" width=\"300\" height=\"200\" srcset=\"https:\/\/trzezwewesele.pl\/wp-content\/uploads\/2022\/11\/DSC_0514-300x200.jpg 300w, https:\/\/trzezwewesele.pl\/wp-content\/uploads\/2022\/11\/DSC_0514-1024x683.jpg 1024w, https:\/\/trzezwewesele.pl\/wp-content\/uploads\/2022\/11\/DSC_0514-768x512.jpg 768w, https:\/\/trzezwewesele.pl\/wp-content\/uploads\/2022\/11\/DSC_0514-1536x1025.jpg 1536w, https:\/\/trzezwewesele.pl\/wp-content\/uploads\/2022\/11\/DSC_0514-2048x1367.jpg 2048w\" sizes=\"auto, (max-width: 300px) 100vw, 300px\" \/><\/span><span style=\"font-size: 20px;\">Na zako\u0144czenie Mszy \u015bwi\u0119tej i po oddaniu si\u0119 w opiek\u0119 Kr\u00f3lowej Matce Pi\u0119knej Mi\u0142o\u015bci wszyscy ca\u0142ymi rodzinami podchodzili do ks. bp. Stanis\u0142awa Jamrozka , kt\u00f3ry b\u0142ogos\u0142awi\u0142 ka\u017cdej rodzinie i otrzymywali od Ks. Bogdana Janika na pami\u0105tk\u0119 Nowenn\u0119 do Matki Bo\u017cej Kr\u00f3lowej Matki Pi\u0119knej Mi\u0142o\u015bci.<\/span><\/p>\n<p><span style=\"font-size: 20px;\">Ma\u0142\u017conkowie podchodz\u0105c pod figur\u0119 Kr\u00f3lowej Matki Pi\u0119knej Mi\u0142<\/span><span style=\"font-size: 20px;\">o\u015bci zawierzali Jej swoj\u0105 mi\u0142o\u015b\u0107 ma\u0142\u017ce\u0144sk\u0105 i prosili o dalsz\u0105 opiek\u0119 sk\u0142adaj\u0105c w darze swoje r\u00f3\u017ce.<\/span><\/p>\n<p><span style=\"font-size: 20px;\">W pi\u0119knym korowodzie weselnym prowadzonym przez wodzirej\u00f3w, krokiem <img loading=\"lazy\" decoding=\"async\" class=\"size-medium wp-image-1266 alignright\" src=\"https:\/\/trzezwewesele.pl\/wp-content\/uploads\/2022\/11\/DSC_0565-300x200.jpg\" alt=\"\" width=\"300\" height=\"200\" srcset=\"https:\/\/trzezwewesele.pl\/wp-content\/uploads\/2022\/11\/DSC_0565-300x200.jpg 300w, https:\/\/trzezwewesele.pl\/wp-content\/uploads\/2022\/11\/DSC_0565-1024x683.jpg 1024w, https:\/\/trzezwewesele.pl\/wp-content\/uploads\/2022\/11\/DSC_0565-768x512.jpg 768w, https:\/\/trzezwewesele.pl\/wp-content\/uploads\/2022\/11\/DSC_0565-1536x1025.jpg 1536w, https:\/\/trzezwewesele.pl\/wp-content\/uploads\/2022\/11\/DSC_0565-2048x1367.jpg 2048w\" sizes=\"auto, (max-width: 300px) 100vw, 300px\" \/>poloneza, para za par\u0105 ruszyli\u015bmy alejkami O\u015brodka, na sal\u0119 balow\u0105 aby staropolskim zwyczajem rozpocz\u0105\u0107 bal nad balami.<\/span><\/p>\n<p><span style=\"font-size: 20px;\">Radosne wsp\u00f3lne pl\u0105sy na parkieci<\/span><span style=\"font-size: 20px;\">e, rado\u015b\u0107 w oczach dzieci i doros\u0142ych pokazywa\u0142a jak wielk\u0105 si\u0142\u0119 ma wsp\u00f3lnota kt\u00f3ra zawierzy si\u0119 Bo\u017cej opiece i Matce Maryi. &nbsp;<\/span><\/p>\n<p><span style=\"font-size: 20px;\">Nie zabrak\u0142o oczywi\u015bcie wspania\u0142ego trzy pi\u0119trowego tortu, kt\u00f3ry zosta\u0142 bardzo fachowo podzielony przez gospodarza ksi\u0119dza Bogdana tak, \u017ce nikomu nie zabrak\u0142o.<\/span><\/p>\n<p><span style=\"font-size: 20px;\"><img loading=\"lazy\" decoding=\"async\" class=\"size-medium wp-image-1255 alignleft\" src=\"https:\/\/trzezwewesele.pl\/wp-content\/uploads\/2022\/11\/DSC_0607-300x200.jpg\" alt=\"\" width=\"300\" height=\"200\" srcset=\"https:\/\/trzezwewesele.pl\/wp-content\/uploads\/2022\/11\/DSC_0607-300x200.jpg 300w, https:\/\/trzezwewesele.pl\/wp-content\/uploads\/2022\/11\/DSC_0607-1024x683.jpg 1024w, https:\/\/trzezwewesele.pl\/wp-content\/uploads\/2022\/11\/DSC_0607-768x512.jpg 768w, https:\/\/trzezwewesele.pl\/wp-content\/uploads\/2022\/11\/DSC_0607-1536x1025.jpg 1536w, https:\/\/trzezwewesele.pl\/wp-content\/uploads\/2022\/11\/DSC_0607-2048x1367.jpg 2048w\" sizes=\"auto, (max-width: 300px) 100vw, 300px\" \/><\/span><span style=\"font-size: 20px;\">I tak bawili\u015bmy si\u0119 rado\u015bnie i na trze\u017awo pod przewodnictwem naszej pani wodzirej Kasi kt\u00f3ra zara\u017ca\u0142a nas swoj\u0105 niesamowit\u0105 energi\u0105. Wiele rado\u015bci wywo\u0142a\u0142y upominki rozdane wszystkim dzieciom.<\/span><\/p>\n<p><span style=\"font-size: 20px;\">&nbsp;Dzi\u0119kujemy Panu Bogu Wszechmog\u0105cemu i Matce Naj\u015bwi\u0119tszej za dar wsp\u00f3lnego spotkania. Za niesamowicie pi\u0119kn\u0105 pogod\u0119 i atmosfer\u0119 pe\u0142n\u0105 wzajemnej \u017cyczliwo\u015bci i serdeczno\u015bci. Z wielk\u0105 wdzi\u0119czno\u015bci\u0105 dla <\/span><span style=\"font-size: 20px;\">Matki Naj\u015bwi\u0119tszej za to, \u017ce kolejny raz pozwoli\u0142a nam spotka\u0107 si\u0119 pomimo trudno\u015bci i obaw, aby na nowo utwierdza\u0107 si\u0119 w przekonaniu, \u017ce sakrament ma\u0142\u017ce\u0144stwa jaki otrzymali\u015bmy, jest dla nas wielkim darem, kt\u00f3ry chcemy chroni\u0107 i trwa\u0107 w nim pomimo r\u00f3\u017cnych przeciwno\u015bci, bo taka jest nasza droga do wieczno\u015bci.<\/span><\/p>\n<p><span style=\"font-size: 20px;\"><img loading=\"lazy\" decoding=\"async\" class=\"size-medium wp-image-1256 alignright\" src=\"https:\/\/trzezwewesele.pl\/wp-content\/uploads\/2022\/11\/DSC_0748-200x300.jpg\" alt=\"\" width=\"200\" height=\"300\" srcset=\"https:\/\/trzezwewesele.pl\/wp-content\/uploads\/2022\/11\/DSC_0748-200x300.jpg 200w, https:\/\/trzezwewesele.pl\/wp-content\/uploads\/2022\/11\/DSC_0748-683x1024.jpg 683w, https:\/\/trzezwewesele.pl\/wp-content\/uploads\/2022\/11\/DSC_0748-768x1151.jpg 768w, https:\/\/trzezwewesele.pl\/wp-content\/uploads\/2022\/11\/DSC_0748-1025x1536.jpg 1025w, https:\/\/trzezwewesele.pl\/wp-content\/uploads\/2022\/11\/DSC_0748-1367x2048.jpg 1367w, https:\/\/trzezwewesele.pl\/wp-content\/uploads\/2022\/11\/DSC_0748-scaled.jpg 1708w\" sizes=\"auto, (max-width: 200px) 100vw, 200px\" \/><\/span><span style=\"font-size: 20px;\">Niech Pan B\u00f3g wszystkim szczerze b\u0142ogos\u0142awi i Matka Naj\u015bwi\u0119tsza wspiera wszystkie rodziny, ma\u0142\u017ce\u0144stwa, m\u0142odzie\u017c, dzieci, kap\u0142an\u00f3w za wielkie \u015bwiadectwo wiary i odwagi.<\/span><\/p>\n<p><span style=\"font-size: 20px;\">W tym miejscu pozwolimy sobie na podzi\u0119kowanie wszystkim kt\u00f3rzy w jakikolwiek spos\u00f3b przyczynili si\u0119 aby to spotkanie mog\u0142o si\u0119 odby\u0107.<\/span><\/p>\n<p><span style=\"font-size: 20px;\">W szczeg\u00f3lno\u015bci dzi\u0119kujemy naszym pasterzom Ks. Abp Adamowi Szalowi, Ks. Bp Janowi W\u0105trobie, Ks. Bp Tadeuszowi Bronakowskiemu za obj\u0119cie nas swoim patronatem i pasterskim b\u0142ogos\u0142awie\u0144stwem.<\/span><\/p>\n<p><span style=\"font-size: 20px;\">Dzi\u0119kujemy Ks. Bp Stanis\u0142awowi Jamrozkowi i wszystkim koncelebruj\u0105cym kap\u0142anom. W szczeg\u00f3lny spos\u00f3b dzi\u0119kujemy ks. dyrektorowi Bogdanowi Janikowi dzi\u0119ki kt\u00f3remu mo\u017cemy corocznie \u015bwi\u0119towa\u0107 nasze rocznice \u015blubu, aby nie utraci\u0107 swojego powo\u0142ania ma\u0142\u017ce\u0144skiego. &nbsp;<\/span><\/p>\n<p><span style=\"font-size: 20px;\">Wszystkim wsp\u00f3\u0142organizatorom, patronom medialnym, sponsorom, ludziom dobrej woli, kt\u00f3rym na sercu bardzo le\u017ca\u0142o to spotkanie, wszystkim cichym wspieraj\u0105cym nas swoj\u0105 modlitw\u0105, cierpi\u0105cym, chorym \u2013 a otaczaj\u0105cym modlitw\u0105 to spotkanie serdeczne B\u00f3g zap\u0142a\u0107!<\/span><\/p>\n<p><span style=\"font-size: 20px;\">Pragniemy r\u00f3wnie\u017c podzi\u0119kowa\u0107 naszym prelegentom oraz wszystkim uczestnikom bez kt\u00f3rych to spotkanie nie by\u0142oby takie pi\u0119kne i bogate w prze\u017cycia duchowe. M\u0142odzie\u017cy z zespo\u0142u \u201e\u015awiat\u0142o Uwielbienia\u201d kt\u00f3ra u\u015bwietni\u0142a swoim \u015bpiewem Eucharysti\u0119.<\/span><\/p>\n<p><span style=\"font-size: 20px;\">Bardzo dzi\u0119kujemy wszystkim osobom oraz instytucjom za pomoc i wsparcie w zorganizowaniu naszego spotkania. Dzi\u0119kujemy wszystkim pracownikom o\u015brodka CARITAS, kt\u00f3rzy byli zaanga\u017cowani od samego pocz\u0105tku w organizacj\u0119 spotkania.<\/span><\/p>\n<p><span style=\"font-size: 20px;\">By\u0142 to \u015bwi\u0119ty czas kt\u00f3ry pozwoli\u0142 wszystkim uczestnikom, umocni\u0107 si\u0119 \u0142askami Ducha \u015awi\u0119tego w codziennym pokonywaniu r\u00f3\u017cnych \u017cyciowych trudno\u015bci.<\/span><\/p>\n<p><span style=\"font-size: 20px;\">Ojciec \u015awi\u0119ty Jan Pawe\u0142 II powiedzia\u0142:<\/span><\/p>\n<p><span style=\"font-size: 20px;\">\u201eOdwo\u0142ujcie si\u0119 do tej sakramentalnej \u0142aski nieustannie, w modlitwie i post\u0119powaniu&#8230;zw\u0142aszcza wtedy, gdy na swojej drodze napotkacie trudno\u015bci i do\u015bwiadczenia. Chrystus pragnie by\u0107 z wami zawsze. Niech mi\u0142o\u015b\u0107 wasza nigdy nie przestanie czerpa\u0107 z tej mi\u0142o\u015bci, jak\u0105 On umi\u0142owa\u0142. Wtedy ta mi\u0142o\u015b\u0107 nigdy si\u0119 nie wyczerpie\u201d.<\/span><\/p>\n<p><span style=\"font-size: 20px;\">Jeste\u015bmy przekonani, \u017ce od kilku lat tworzymy tak\u0105 grup\u0119 ludzi kt\u00f3ra stara si\u0119 kocha\u0107 Pana Boga i Matk\u0119 Naj\u015bwi\u0119tsz\u0105, pomimo naszych s\u0142abo\u015bci, upadk\u00f3w, grzech\u00f3w \u2013 trwamy przy Bogu bo wierzymy \u017ce tylko On jest naszym obro\u0144c\u0105, rado\u015bci\u0105, nadziej\u0105 i mi\u0142o\u015bci\u0105 a przede wszystkim Zbawieniem.<\/span><\/p>\n<p>&nbsp;<\/p>\n<p><span style=\"font-size: 20px;\">Niech dobry Pan i Matka Naj\u015bwi\u0119tsza obdarz\u0105 wszystkich hojnie swoj\u0105 dobroci\u0105 i b\u0142ogos\u0142awie\u0144stwem. B\u00d3G ZAP\u0141A\u0106!<\/span><\/p>\n<p>&nbsp;<\/p>\n","protected":false},"excerpt":{"rendered":"<p>&nbsp;&nbsp;&nbsp;&nbsp;&nbsp;&nbsp;&nbsp; Ku trze\u017awo\u015bci Rodziny i Narodu W dniu 22&nbsp; sierpnia 2022 roku&nbsp; w O\u015brodku CARITAS&nbsp; w Myczkowcach&nbsp;&nbsp; odby\u0142o si\u0119&nbsp; VI Bieszczadzkie T rze\u017awe Wesele.&nbsp; Spotkanie to zgromadzi\u0142o wiele wspania\u0142ych, radosnych i odwa\u017cnych ma\u0142\u017ce\u0144stw i rodzin, kt\u00f3re swoj\u0105 obecno\u015b\u0107 zawierzy\u0142y Kr\u00f3lowej Matce Pi\u0119knej Mi\u0142o\u015bci. &nbsp; Dla wielu z nas by\u0142 to czas wyczekiwany, a szczeg\u00f3lnie czeka\u0142y [&hellip;]<\/p>\n","protected":false},"author":1,"featured_media":0,"parent":1190,"menu_order":0,"comment_status":"closed","ping_status":"closed","template":"","meta":{"ngg_post_thumbnail":0,"footnotes":""},"class_list":["post-1247","page","type-page","status-publish","hentry"],"_links":{"self":[{"href":"https:\/\/trzezwewesele.pl\/index.php\/wp-json\/wp\/v2\/pages\/1247","targetHints":{"allow":["GET"]}}],"collection":[{"href":"https:\/\/trzezwewesele.pl\/index.php\/wp-json\/wp\/v2\/pages"}],"about":[{"href":"https:\/\/trzezwewesele.pl\/index.php\/wp-json\/wp\/v2\/types\/page"}],"author":[{"embeddable":true,"href":"https:\/\/trzezwewesele.pl\/index.php\/wp-json\/wp\/v2\/users\/1"}],"replies":[{"embeddable":true,"href":"https:\/\/trzezwewesele.pl\/index.php\/wp-json\/wp\/v2\/comments?post=1247"}],"version-history":[{"count":7,"href":"https:\/\/trzezwewesele.pl\/index.php\/wp-json\/wp\/v2\/pages\/1247\/revisions"}],"predecessor-version":[{"id":1267,"href":"https:\/\/trzezwewesele.pl\/index.php\/wp-json\/wp\/v2\/pages\/1247\/revisions\/1267"}],"up":[{"embeddable":true,"href":"https:\/\/trzezwewesele.pl\/index.php\/wp-json\/wp\/v2\/pages\/1190"}],"wp:attachment":[{"href":"https:\/\/trzezwewesele.pl\/index.php\/wp-json\/wp\/v2\/media?parent=1247"}],"curies":[{"name":"wp","href":"https:\/\/api.w.org\/{rel}","templated":true}]}}