{"id":1206,"date":"2022-08-02T21:52:05","date_gmt":"2022-08-02T21:52:05","guid":{"rendered":"https:\/\/trzezwewesele.pl\/?page_id=1206"},"modified":"2022-10-04T19:59:41","modified_gmt":"2022-10-04T19:59:41","slug":"patronaty-vibtw","status":"publish","type":"page","link":"https:\/\/trzezwewesele.pl\/index.php\/patronaty-vibtw\/","title":{"rendered":"Patronaty VIBTW"},"content":{"rendered":"<p><span style=\"font-family: comic sans ms, sans-serif; color: #ff0000; font-size: 24px;\">Patronat honorowy:<\/span><\/p>\n<p><span style=\"font-size: 20px;\">JE ks. ABp Adam Szal &#8211; Metropolita Przemyski.<\/span><\/p>\n<p><a href=\"https:\/\/trzezwewesele.pl\/index.php\/patronaty-vibtw\/pismo-abp-a-szal\/\"><img loading=\"lazy\" decoding=\"async\" class=\"wp-image-1207 size-thumbnail aligncenter\" src=\"https:\/\/trzezwewesele.pl\/wp-content\/uploads\/2022\/08\/Pismo-ABp-A-Szal-150x150.jpg\" alt=\"\" width=\"150\" height=\"150\"><\/a><\/p>\n<p><span style=\"font-size: 20px;\">JE ks. Bp Jan W\u0105troba \u2013 Ordynariusz Diecezji Rzeszowskiej<\/span><\/p>\n<p><span style=\"font-size: 20px;\">JE ks. Bp Tadeusz Bronakowski &#8211; Przewodnicz\u0105cy Zespo\u0142u Konferencji Episkopatu Polski d\/s apostolstwa trze\u017awo\u015bci i os\u00f3b uzale\u017cnionych.<\/span><\/p>\n<p><span style=\"font-size: 20px;\">W\u0142adys\u0142aw Ortyl \u2013 Marsza\u0142ek Wojew\u00f3dztwa Podkarpackiego<\/span><\/p>\n<p><span style=\"font-size: 20px;\">&nbsp;Andrzej Olesiuk \u2013 Starosta Leski<\/span><\/p>\n<p><span style=\"font-size: 20px;\">Adam Pi\u0105tkowski \u2013 W\u00f3jt Gminy Solina<\/span><\/p>\n<p>&nbsp;<\/p>\n<p><span style=\"font-size: 20px;\">Patronat medialny:<\/span><\/p>\n<p><span style=\"font-size: 20px;\">Radio Via<\/span><\/p>\n<p><span style=\"font-size: 20px;\">Radio Fara<\/span><\/p>\n<p><span style=\"font-size: 20px;\">Nasz Dziennik<\/span><\/p>\n<p><span style=\"font-size: 20px;\">Tygodnik Katolicki Niedziela<\/span><\/p>\n<p><span style=\"font-size: 20px;\">Kwartalnik Bez Toastu<\/span><\/p>\n<p><span style=\"font-size: 20px;\">Grupa filmowa ViArt<\/span><\/p>\n<p>&nbsp;<\/p>\n<p><span style=\"font-size: 20px;\">Wsp\u00f3\u0142organizatorzy:<\/span><\/p>\n<p><span style=\"font-size: 20px;\">Urz\u0105d Marsza\u0142kowski Wojew\u00f3dztwa Podkarpackiego<\/span><\/p>\n<p><span style=\"font-size: 20px;\">Regionalny O\u015brodek Polityki Spo\u0142ecznej w Rzeszowie<\/span><\/p>\n<p><span style=\"font-size: 20px;\">Stowarzyszenie Mi\u0142o\u015b\u0107 i Odpowiedzialno\u015b\u0107 oddz.Przemyski<\/span><\/p>\n<p><span style=\"font-size: 20px;\">Powiat Leski<\/span><\/p>\n<p><span style=\"font-size: 20px;\">Gmina Solina<\/span><\/p>\n<p><span style=\"font-size: 20px;\">Pa\u0144stwowa Agencja Rozwi\u0105zywania Problem\u00f3w Alkoholowych<\/span><\/p>\n<p><span style=\"font-size: 20px;\">Polskie Stowarzyszenie Obro\u0144c\u00f3w \u017bycia Cz\u0142owieka<br \/>\n<\/span><\/p>\n<p><span style=\"font-size: 20px;\">Wydawnictwo Si\u00f3str Loretanek<br \/>\n<\/span><\/p>\n<p><span style=\"font-size: 20px;\">Fundacja Ma\u0142ych St\u00f3pek<\/span><\/p>\n<p class=\"LC20lb MBeuO DKV0Md\"><span style=\"font-size: 20px;\">Edycja \u015awi\u0119tego Paw\u0142a &#8211; ksi\u0119garnia internetowa<\/span><\/p>\n","protected":false},"excerpt":{"rendered":"<p>Patronat honorowy: JE ks. ABp Adam Szal &#8211; Metropolita Przemyski. JE ks. Bp Jan W\u0105troba \u2013 Ordynariusz Diecezji Rzeszowskiej JE ks. Bp Tadeusz Bronakowski &#8211; Przewodnicz\u0105cy Zespo\u0142u Konferencji Episkopatu Polski d\/s apostolstwa trze\u017awo\u015bci i os\u00f3b uzale\u017cnionych. W\u0142adys\u0142aw Ortyl \u2013 Marsza\u0142ek Wojew\u00f3dztwa Podkarpackiego &nbsp;Andrzej Olesiuk \u2013 Starosta Leski Adam Pi\u0105tkowski \u2013 W\u00f3jt Gminy Solina &nbsp; Patronat [&hellip;]<\/p>\n","protected":false},"author":1,"featured_media":0,"parent":0,"menu_order":0,"comment_status":"closed","ping_status":"closed","template":"","meta":{"ngg_post_thumbnail":0,"footnotes":""},"class_list":["post-1206","page","type-page","status-publish","hentry"],"_links":{"self":[{"href":"https:\/\/trzezwewesele.pl\/index.php\/wp-json\/wp\/v2\/pages\/1206","targetHints":{"allow":["GET"]}}],"collection":[{"href":"https:\/\/trzezwewesele.pl\/index.php\/wp-json\/wp\/v2\/pages"}],"about":[{"href":"https:\/\/trzezwewesele.pl\/index.php\/wp-json\/wp\/v2\/types\/page"}],"author":[{"embeddable":true,"href":"https:\/\/trzezwewesele.pl\/index.php\/wp-json\/wp\/v2\/users\/1"}],"replies":[{"embeddable":true,"href":"https:\/\/trzezwewesele.pl\/index.php\/wp-json\/wp\/v2\/comments?post=1206"}],"version-history":[{"count":10,"href":"https:\/\/trzezwewesele.pl\/index.php\/wp-json\/wp\/v2\/pages\/1206\/revisions"}],"predecessor-version":[{"id":1239,"href":"https:\/\/trzezwewesele.pl\/index.php\/wp-json\/wp\/v2\/pages\/1206\/revisions\/1239"}],"wp:attachment":[{"href":"https:\/\/trzezwewesele.pl\/index.php\/wp-json\/wp\/v2\/media?parent=1206"}],"curies":[{"name":"wp","href":"https:\/\/api.w.org\/{rel}","templated":true}]}}