{"id":1200,"date":"2022-07-26T20:15:56","date_gmt":"2022-07-26T20:15:56","guid":{"rendered":"https:\/\/trzezwewesele.pl\/?page_id=1200"},"modified":"2022-08-02T21:17:05","modified_gmt":"2022-08-02T21:17:05","slug":"program","status":"publish","type":"page","link":"https:\/\/trzezwewesele.pl\/index.php\/vi-bieszczadzkie-trzezwe-wesele\/program\/","title":{"rendered":"Program"},"content":{"rendered":"<p><strong><em>&nbsp;<span style=\"font-size: 20px;\">Proponowany program VI Bieszczadzkiego Trze\u017awego Wesela&nbsp; Myczkowce 2022<\/span><\/em><\/strong><\/p>\n<p>&nbsp;<\/p>\n<p><span style=\"font-size: 20px;\">9.00 \u2013 Recepcja<\/span><\/p>\n<p><span style=\"font-size: 20px;\">10.00 \u2013 Powitanie, zawi\u0105zanie wsp\u00f3lnoty<\/span><\/p>\n<p><span style=\"font-size: 20px;\">11.00 \u2013 Konferencja \u2013 \u201eKorzy\u015bci trze\u017awego \u017cycia\u201d -o. Marek Grzelczak<\/span><\/p>\n<p><span style=\"font-size: 20px;\">12.00 \u2013 Przerwa \u2013 kawa, herbata, ciasteczko<\/span><\/p>\n<p><span style=\"font-size: 20px;\">12.30 \u2013 Konferencja \u2013\u2013 \u201eDziecko w szponach uzale\u017cnienia \u2013 diagnoza, drogi wyj\u015bcia\u201d mgr Aneta Mr\u00f3z &#8211; Ku\u017aniak<\/span><\/p>\n<p><span style=\"font-size: 20px;\">14.00 \u2013 obiad \u2013 odpoczynek \u2013 czas dla ma\u0142\u017conk\u00f3w<\/span><\/p>\n<p><span style=\"font-size: 20px;\">15.00 \u2013 Koronka do Bo\u017cego Mi\u0142osierdzia<\/span><\/p>\n<p><span style=\"font-size: 20px;\">&nbsp;&nbsp;&nbsp;&nbsp;&nbsp;&nbsp;&nbsp;&nbsp;&nbsp;&nbsp;&nbsp;&nbsp;&nbsp; Mo\u017cliwo\u015b\u0107 indywidualnych rozm\u00f3w z prelegentami<\/span><\/p>\n<p><span style=\"font-size: 20px;\">16.00 \u2013 \u201eDobra muzyka to zdrowa profilaktyka\u201d<\/span><\/p>\n<p><span style=\"font-size: 20px;\">Warsztaty muzyczno \u2013 taneczne prowadzone przez wodzirej\u00f3w po\u0142\u0105czone ze \u015bwiadectwami doros\u0142ych i ma\u0142\u017ce\u0144stw z Krucjaty Wyzwolenia Cz\u0142owieka a tak\u017ce \u015bwiadectwa ma\u0142\u017ce\u0144stw kt\u00f3re mia\u0142y wesele bezalkoholowe.<\/span><\/p>\n<p><span style=\"font-size: 20px;\">18.00 \u2013 Uroczysta Eucharystia z odnowieniem przyrzecze\u0144 ma\u0142\u017ce\u0144skich.<\/span><\/p>\n<p><span style=\"font-size: 20px;\">&nbsp;&nbsp;&nbsp;&nbsp;&nbsp;&nbsp;&nbsp;&nbsp;&nbsp;&nbsp;&nbsp;&nbsp;&nbsp;&nbsp;&nbsp;&nbsp;&nbsp;&nbsp; Uroczysty przemarsz do sali balowej<\/span><\/p>\n<p><span style=\"font-size: 20px;\">19.30 \u2013 Bezalkoholowy bal weselny prowadzony przez zawodowych wodzirej\u00f3w.&nbsp;<\/span><\/p>\n<p><span style=\"font-size: 20px;\"><strong>&nbsp;<\/strong><\/span><\/p>\n<p><span style=\"font-size: 20px;\"><strong>Program dla dzieci i m\u0142odzie\u017cy<\/strong><\/span><\/p>\n<p><span style=\"font-size: 20px;\">11.00 \u2013 14.00<\/span><\/p>\n<p><span style=\"font-size: 20px;\">Wykonanie prac przez dzieci na konkurs plastyczny \u201eTrze\u017awa rodzina to fajna dru\u017cyna\u201d<\/span><\/p>\n<p><span style=\"font-size: 20px;\">Warsztaty muzyczno &#8211; taneczne prowadzone przez wodzirej\u00f3w.<\/span><\/p>\n","protected":false},"excerpt":{"rendered":"<p>&nbsp;Proponowany program VI Bieszczadzkiego Trze\u017awego Wesela&nbsp; Myczkowce 2022 &nbsp; 9.00 \u2013 Recepcja 10.00 \u2013 Powitanie, zawi\u0105zanie wsp\u00f3lnoty 11.00 \u2013 Konferencja \u2013 \u201eKorzy\u015bci trze\u017awego \u017cycia\u201d -o. Marek Grzelczak 12.00 \u2013 Przerwa \u2013 kawa, herbata, ciasteczko 12.30 \u2013 Konferencja \u2013\u2013 \u201eDziecko w szponach uzale\u017cnienia \u2013 diagnoza, drogi wyj\u015bcia\u201d mgr Aneta Mr\u00f3z &#8211; Ku\u017aniak 14.00 \u2013 obiad \u2013 [&hellip;]<\/p>\n","protected":false},"author":1,"featured_media":0,"parent":1190,"menu_order":3,"comment_status":"closed","ping_status":"closed","template":"","meta":{"ngg_post_thumbnail":0,"footnotes":""},"class_list":["post-1200","page","type-page","status-publish","hentry"],"_links":{"self":[{"href":"https:\/\/trzezwewesele.pl\/index.php\/wp-json\/wp\/v2\/pages\/1200","targetHints":{"allow":["GET"]}}],"collection":[{"href":"https:\/\/trzezwewesele.pl\/index.php\/wp-json\/wp\/v2\/pages"}],"about":[{"href":"https:\/\/trzezwewesele.pl\/index.php\/wp-json\/wp\/v2\/types\/page"}],"author":[{"embeddable":true,"href":"https:\/\/trzezwewesele.pl\/index.php\/wp-json\/wp\/v2\/users\/1"}],"replies":[{"embeddable":true,"href":"https:\/\/trzezwewesele.pl\/index.php\/wp-json\/wp\/v2\/comments?post=1200"}],"version-history":[{"count":3,"href":"https:\/\/trzezwewesele.pl\/index.php\/wp-json\/wp\/v2\/pages\/1200\/revisions"}],"predecessor-version":[{"id":1205,"href":"https:\/\/trzezwewesele.pl\/index.php\/wp-json\/wp\/v2\/pages\/1200\/revisions\/1205"}],"up":[{"embeddable":true,"href":"https:\/\/trzezwewesele.pl\/index.php\/wp-json\/wp\/v2\/pages\/1190"}],"wp:attachment":[{"href":"https:\/\/trzezwewesele.pl\/index.php\/wp-json\/wp\/v2\/media?parent=1200"}],"curies":[{"name":"wp","href":"https:\/\/api.w.org\/{rel}","templated":true}]}}